{"id":67402,"date":"2025-10-30T16:09:10","date_gmt":"2025-10-30T21:09:10","guid":{"rendered":"https:\/\/brettyoung.ca\/?post_type=product&#038;p=67402"},"modified":"2025-10-31T12:45:29","modified_gmt":"2025-10-31T17:45:29","slug":"convert","status":"publish","type":"product","link":"https:\/\/brettyoung.ca\/fr\/product\/convert\/","title":{"rendered":"Convert"},"content":{"rendered":"","protected":false},"excerpt":{"rendered":"<ul>\n<li>M\u00e9lange coh\u00e9rent avec une large gamme de partenaires de m\u00e9lange en cuve et de transporteurs<\/li>\n<li>Emp\u00eache la formation de pr\u00e9cipit\u00e9s de type \u00ab\u00a0fromage blanc\u00a0\u00bb qui obstruent les pulv\u00e9risateurs<\/li>\n<li>Am\u00e9liore la couverture de la pulv\u00e9risation sur les feuilles cibles<\/li>\n<\/ul>\n","protected":false},"featured_media":67407,"template":"","meta":{"_themeisle_gutenberg_block_has_review":false},"product_brand":[],"product_cat":[2276,2216,2274],"product_tag":[],"class_list":{"0":"post-67402","1":"product","2":"type-product","3":"status-publish","4":"has-post-thumbnail","6":"product_cat-agent-mouillant-fr","7":"product_cat-gazon-professionnel-et-remise-en-etat-fr","8":"product_cat-gestion-de-leau-fr","10":"first","11":"instock","12":"shipping-taxable","13":"product-type-simple","14":"customify-col"},"_links":{"self":[{"href":"https:\/\/brettyoung.ca\/fr\/wp-json\/wp\/v2\/product\/67402","targetHints":{"allow":["GET"]}}],"collection":[{"href":"https:\/\/brettyoung.ca\/fr\/wp-json\/wp\/v2\/product"}],"about":[{"href":"https:\/\/brettyoung.ca\/fr\/wp-json\/wp\/v2\/types\/product"}],"wp:featuredmedia":[{"embeddable":true,"href":"https:\/\/brettyoung.ca\/fr\/wp-json\/wp\/v2\/media\/67407"}],"wp:attachment":[{"href":"https:\/\/brettyoung.ca\/fr\/wp-json\/wp\/v2\/media?parent=67402"}],"wp:term":[{"taxonomy":"product_brand","embeddable":true,"href":"https:\/\/brettyoung.ca\/fr\/wp-json\/wp\/v2\/product_brand?post=67402"},{"taxonomy":"product_cat","embeddable":true,"href":"https:\/\/brettyoung.ca\/fr\/wp-json\/wp\/v2\/product_cat?post=67402"},{"taxonomy":"product_tag","embeddable":true,"href":"https:\/\/brettyoung.ca\/fr\/wp-json\/wp\/v2\/product_tag?post=67402"}],"curies":[{"name":"wp","href":"https:\/\/api.w.org\/{rel}","templated":true}]}}