{"id":65808,"date":"2025-09-30T11:03:32","date_gmt":"2025-09-30T16:03:32","guid":{"rendered":"https:\/\/brettyoung.ca\/?post_type=product&#038;p=65808"},"modified":"2025-10-01T11:04:25","modified_gmt":"2025-10-01T16:04:25","slug":"border-2-0","status":"publish","type":"product","link":"https:\/\/brettyoung.ca\/fr\/product\/border-2-0\/","title":{"rendered":"Border\u2122 2.0"},"content":{"rendered":"","protected":false},"excerpt":{"rendered":"<ul>\n<li>Am\u00e9liore l&rsquo;infiltration de l&rsquo;eau et favorise une hydratation \u00e9quilibr\u00e9e<\/li>\n<li>Excellente suppression de la ros\u00e9e<\/li>\n<li>Assurer la pr\u00e9vention et le r\u00e9tablissement du SDL<\/li>\n<\/ul>\n","protected":false},"featured_media":65862,"template":"","meta":{"_themeisle_gutenberg_block_has_review":false},"product_brand":[],"product_cat":[2276,2216,2274],"product_tag":[],"class_list":{"0":"post-65808","1":"product","2":"type-product","3":"status-publish","4":"has-post-thumbnail","6":"product_cat-agent-mouillant-fr","7":"product_cat-gazon-professionnel-et-remise-en-etat-fr","8":"product_cat-gestion-de-leau-fr","10":"first","11":"instock","12":"shipping-taxable","13":"product-type-simple","14":"customify-col"},"_links":{"self":[{"href":"https:\/\/brettyoung.ca\/fr\/wp-json\/wp\/v2\/product\/65808","targetHints":{"allow":["GET"]}}],"collection":[{"href":"https:\/\/brettyoung.ca\/fr\/wp-json\/wp\/v2\/product"}],"about":[{"href":"https:\/\/brettyoung.ca\/fr\/wp-json\/wp\/v2\/types\/product"}],"wp:featuredmedia":[{"embeddable":true,"href":"https:\/\/brettyoung.ca\/fr\/wp-json\/wp\/v2\/media\/65862"}],"wp:attachment":[{"href":"https:\/\/brettyoung.ca\/fr\/wp-json\/wp\/v2\/media?parent=65808"}],"wp:term":[{"taxonomy":"product_brand","embeddable":true,"href":"https:\/\/brettyoung.ca\/fr\/wp-json\/wp\/v2\/product_brand?post=65808"},{"taxonomy":"product_cat","embeddable":true,"href":"https:\/\/brettyoung.ca\/fr\/wp-json\/wp\/v2\/product_cat?post=65808"},{"taxonomy":"product_tag","embeddable":true,"href":"https:\/\/brettyoung.ca\/fr\/wp-json\/wp\/v2\/product_tag?post=65808"}],"curies":[{"name":"wp","href":"https:\/\/api.w.org\/{rel}","templated":true}]}}