{"id":65580,"date":"2025-09-09T10:14:27","date_gmt":"2025-09-09T15:14:27","guid":{"rendered":"https:\/\/brettyoung.ca\/?post_type=product&#038;p=65580"},"modified":"2025-10-01T09:41:59","modified_gmt":"2025-10-01T14:41:59","slug":"fetuque-a-macher-shadow-iii-copy__trashed","status":"publish","type":"product","link":"https:\/\/brettyoung.ca\/fr\/product\/fetuque-a-macher-shadow-iii-copy__trashed\/","title":{"rendered":"F\u00e9tuque \u00e9lev\u00e9e Saltillo"},"content":{"rendered":"<table>\n<tbody>\n<tr>\n<td style=\"text-align: center;\" colspan=\"2\" width=\"747\">Caract\u00e9ristiques et adaptation<\/td>\n<\/tr>\n<tr>\n<td width=\"376\">Vari\u00e9t\u00e9<\/td>\n<td width=\"371\">Ombre III<\/td>\n<\/tr>\n<tr>\n<td width=\"376\">Type d&rsquo;appareil<\/td>\n<td width=\"371\">M\u00e2choires<\/td>\n<\/tr>\n<tr>\n<td width=\"376\">Tol\u00e9rance au trafic<\/td>\n<td width=\"371\">Moyenne<\/td>\n<\/tr>\n<tr>\n<td width=\"376\">Tol\u00e9rance \u00e0 la s\u00e9cheresse<\/td>\n<td width=\"371\">Bonne<\/td>\n<\/tr>\n<tr>\n<td>Forte endophyte<\/td>\n<td>Oui<\/td>\n<\/tr>\n<\/tbody>\n<\/table>\n","protected":false},"excerpt":{"rendered":"<ul>\n<li>S\u00e9lectionn\u00e9 pour une tol\u00e9rance sup\u00e9rieure au sel<\/li>\n<li>Tr\u00e8s bonne tol\u00e9rance \u00e0 la chaleur<\/li>\n<li>Fonctionne bien au soleil ou \u00e0 l&rsquo;ombre<\/li>\n<\/ul>\n","protected":false},"featured_media":65588,"template":"","meta":{"_themeisle_gutenberg_block_has_review":false},"product_brand":[],"product_cat":[2607,2216,2217,2591],"product_tag":[],"class_list":{"0":"post-65580","1":"product","2":"type-product","3":"status-publish","4":"has-post-thumbnail","6":"product_cat-fetuques-fr","7":"product_cat-gazon-professionnel-et-remise-en-etat-fr","8":"product_cat-semences-de-gazon-fr","9":"product_cat-twca-fr-2","11":"first","12":"instock","13":"shipping-taxable","14":"product-type-simple","15":"customify-col"},"_links":{"self":[{"href":"https:\/\/brettyoung.ca\/fr\/wp-json\/wp\/v2\/product\/65580","targetHints":{"allow":["GET"]}}],"collection":[{"href":"https:\/\/brettyoung.ca\/fr\/wp-json\/wp\/v2\/product"}],"about":[{"href":"https:\/\/brettyoung.ca\/fr\/wp-json\/wp\/v2\/types\/product"}],"wp:featuredmedia":[{"embeddable":true,"href":"https:\/\/brettyoung.ca\/fr\/wp-json\/wp\/v2\/media\/65588"}],"wp:attachment":[{"href":"https:\/\/brettyoung.ca\/fr\/wp-json\/wp\/v2\/media?parent=65580"}],"wp:term":[{"taxonomy":"product_brand","embeddable":true,"href":"https:\/\/brettyoung.ca\/fr\/wp-json\/wp\/v2\/product_brand?post=65580"},{"taxonomy":"product_cat","embeddable":true,"href":"https:\/\/brettyoung.ca\/fr\/wp-json\/wp\/v2\/product_cat?post=65580"},{"taxonomy":"product_tag","embeddable":true,"href":"https:\/\/brettyoung.ca\/fr\/wp-json\/wp\/v2\/product_tag?post=65580"}],"curies":[{"name":"wp","href":"https:\/\/api.w.org\/{rel}","templated":true}]}}