{"id":63611,"date":"2025-04-03T11:05:42","date_gmt":"2025-04-03T16:05:42","guid":{"rendered":"https:\/\/brettyoung.ca\/?post_type=product&#038;p=63611"},"modified":"2025-04-07T15:29:36","modified_gmt":"2025-04-07T20:29:36","slug":"futerra-trm-7020-copy","status":"publish","type":"product","link":"https:\/\/brettyoung.ca\/fr\/product\/futerra-trm-7020-copy\/","title":{"rendered":"ReNew Subsoil\u2122"},"content":{"rendered":"","protected":false},"excerpt":{"rendered":"<ul>\n<li>Fibres naturelles \u00e0 haute r\u00e9sistance \u00e0 la traction<\/li>\n<li>Reste solide dans des conditions humides<\/li>\n<li>100% naturel &#8211; sans colorant<\/li>\n<\/ul>\n","protected":false},"featured_media":63631,"template":"","meta":{"_themeisle_gutenberg_block_has_review":false},"product_brand":[],"product_cat":[2495,2482,2417,2216],"product_tag":[],"class_list":{"0":"post-63611","1":"product","2":"type-product","3":"status-publish","4":"has-post-thumbnail","6":"product_cat-controle-de-lerosion-fr-2","7":"product_cat-controle-de-lerosion-fr","8":"product_cat-gazon-professionnel-et-remise-en-etat-fr-2","9":"product_cat-gazon-professionnel-et-remise-en-etat-fr","11":"first","12":"instock","13":"shipping-taxable","14":"product-type-simple","15":"customify-col"},"_links":{"self":[{"href":"https:\/\/brettyoung.ca\/fr\/wp-json\/wp\/v2\/product\/63611","targetHints":{"allow":["GET"]}}],"collection":[{"href":"https:\/\/brettyoung.ca\/fr\/wp-json\/wp\/v2\/product"}],"about":[{"href":"https:\/\/brettyoung.ca\/fr\/wp-json\/wp\/v2\/types\/product"}],"wp:featuredmedia":[{"embeddable":true,"href":"https:\/\/brettyoung.ca\/fr\/wp-json\/wp\/v2\/media\/63631"}],"wp:attachment":[{"href":"https:\/\/brettyoung.ca\/fr\/wp-json\/wp\/v2\/media?parent=63611"}],"wp:term":[{"taxonomy":"product_brand","embeddable":true,"href":"https:\/\/brettyoung.ca\/fr\/wp-json\/wp\/v2\/product_brand?post=63611"},{"taxonomy":"product_cat","embeddable":true,"href":"https:\/\/brettyoung.ca\/fr\/wp-json\/wp\/v2\/product_cat?post=63611"},{"taxonomy":"product_tag","embeddable":true,"href":"https:\/\/brettyoung.ca\/fr\/wp-json\/wp\/v2\/product_tag?post=63611"}],"curies":[{"name":"wp","href":"https:\/\/api.w.org\/{rel}","templated":true}]}}