{"id":63607,"date":"2025-04-03T11:05:29","date_gmt":"2025-04-03T16:05:29","guid":{"rendered":"https:\/\/brettyoung.ca\/?post_type=product&#038;p=63607"},"modified":"2025-04-07T15:30:59","modified_gmt":"2025-04-07T20:30:59","slug":"futerra-trm-7020-copy-4","status":"publish","type":"product","link":"https:\/\/brettyoung.ca\/fr\/product\/futerra-trm-7020-copy-4\/","title":{"rendered":"ReCover NextGen\u2122"},"content":{"rendered":"","protected":false},"excerpt":{"rendered":"<ul>\n<li>10 % d&rsquo;adh\u00e9sif d&rsquo;origine v\u00e9g\u00e9tale<\/li>\n<li>Plantae Refined\u2122 fibres de chanvre<\/li>\n<li>100% naturel &#8211; sans colorant<\/li>\n<\/ul>\n","protected":false},"featured_media":63597,"template":"","meta":{"_themeisle_gutenberg_block_has_review":false},"product_brand":[],"product_cat":[2495,2482,2417,2216],"product_tag":[],"class_list":{"0":"post-63607","1":"product","2":"type-product","3":"status-publish","4":"has-post-thumbnail","6":"product_cat-controle-de-lerosion-fr-2","7":"product_cat-controle-de-lerosion-fr","8":"product_cat-gazon-professionnel-et-remise-en-etat-fr-2","9":"product_cat-gazon-professionnel-et-remise-en-etat-fr","11":"first","12":"instock","13":"shipping-taxable","14":"product-type-simple","15":"customify-col"},"_links":{"self":[{"href":"https:\/\/brettyoung.ca\/fr\/wp-json\/wp\/v2\/product\/63607","targetHints":{"allow":["GET"]}}],"collection":[{"href":"https:\/\/brettyoung.ca\/fr\/wp-json\/wp\/v2\/product"}],"about":[{"href":"https:\/\/brettyoung.ca\/fr\/wp-json\/wp\/v2\/types\/product"}],"wp:featuredmedia":[{"embeddable":true,"href":"https:\/\/brettyoung.ca\/fr\/wp-json\/wp\/v2\/media\/63597"}],"wp:attachment":[{"href":"https:\/\/brettyoung.ca\/fr\/wp-json\/wp\/v2\/media?parent=63607"}],"wp:term":[{"taxonomy":"product_brand","embeddable":true,"href":"https:\/\/brettyoung.ca\/fr\/wp-json\/wp\/v2\/product_brand?post=63607"},{"taxonomy":"product_cat","embeddable":true,"href":"https:\/\/brettyoung.ca\/fr\/wp-json\/wp\/v2\/product_cat?post=63607"},{"taxonomy":"product_tag","embeddable":true,"href":"https:\/\/brettyoung.ca\/fr\/wp-json\/wp\/v2\/product_tag?post=63607"}],"curies":[{"name":"wp","href":"https:\/\/api.w.org\/{rel}","templated":true}]}}