{"id":61813,"date":"2022-08-03T14:06:23","date_gmt":"2022-08-03T19:06:23","guid":{"rendered":"https:\/\/brettyoung.ca\/product\/passage-a-ras-de-terre\/"},"modified":"2025-01-23T08:55:14","modified_gmt":"2025-01-23T14:55:14","slug":"passage-a-ras-de-terre","status":"publish","type":"product","link":"https:\/\/brettyoung.ca\/fr\/product\/passage-a-ras-de-terre\/","title":{"rendered":"Passage \u00e0 ras de terre"},"content":{"rendered":"","protected":false},"excerpt":{"rendered":"<ul>\n<li>A utiliser avec toutes les machines de marquage de lignes iGO.<\/li>\n<li>Pour l&rsquo;entretien r\u00e9gulier, la pr\u00e9vention des r\u00e9sidus de peinture dans la tuyauterie, les filtres, les pompes et les buses.<\/li>\n<li>Dilution non n\u00e9cessaire ou jusqu&rsquo;\u00e0 x8 d&rsquo;eau<\/li>\n<\/ul>\n","protected":false},"featured_media":53539,"template":"","meta":{"_themeisle_gutenberg_block_has_review":false},"product_brand":[],"product_cat":[2216,2640,2358],"product_tag":[],"class_list":{"0":"post-61813","1":"product","2":"type-product","3":"status-publish","4":"has-post-thumbnail","6":"product_cat-gazon-professionnel-et-remise-en-etat-fr","7":"product_cat-marquage-des-lignes-fr","8":"product_cat-produits-pour-terrains-de-sport-fr","10":"first","11":"instock","12":"shipping-taxable","13":"product-type-simple","14":"customify-col"},"_links":{"self":[{"href":"https:\/\/brettyoung.ca\/fr\/wp-json\/wp\/v2\/product\/61813","targetHints":{"allow":["GET"]}}],"collection":[{"href":"https:\/\/brettyoung.ca\/fr\/wp-json\/wp\/v2\/product"}],"about":[{"href":"https:\/\/brettyoung.ca\/fr\/wp-json\/wp\/v2\/types\/product"}],"wp:featuredmedia":[{"embeddable":true,"href":"https:\/\/brettyoung.ca\/fr\/wp-json\/wp\/v2\/media\/53539"}],"wp:attachment":[{"href":"https:\/\/brettyoung.ca\/fr\/wp-json\/wp\/v2\/media?parent=61813"}],"wp:term":[{"taxonomy":"product_brand","embeddable":true,"href":"https:\/\/brettyoung.ca\/fr\/wp-json\/wp\/v2\/product_brand?post=61813"},{"taxonomy":"product_cat","embeddable":true,"href":"https:\/\/brettyoung.ca\/fr\/wp-json\/wp\/v2\/product_cat?post=61813"},{"taxonomy":"product_tag","embeddable":true,"href":"https:\/\/brettyoung.ca\/fr\/wp-json\/wp\/v2\/product_tag?post=61813"}],"curies":[{"name":"wp","href":"https:\/\/api.w.org\/{rel}","templated":true}]}}