{"id":61812,"date":"2022-08-03T14:13:27","date_gmt":"2022-08-03T19:13:27","guid":{"rendered":"https:\/\/brettyoung.ca\/product\/machine-de-marquage-de-ligne-igo\/"},"modified":"2025-01-23T08:55:14","modified_gmt":"2025-01-23T14:55:14","slug":"machine-de-marquage-de-ligne-igo","status":"publish","type":"product","link":"https:\/\/brettyoung.ca\/fr\/product\/machine-de-marquage-de-ligne-igo\/","title":{"rendered":"Machine de marquage de ligne iGO"},"content":{"rendered":"","protected":false},"excerpt":{"rendered":"<ul>\n<li>Pompe facilement accessible, assurant un d\u00e9bit de pulv\u00e9risation constant<\/li>\n<li>La machine est facile \u00e0 installer, \u00e0 utiliser et \u00e0 nettoyer apr\u00e8s utilisation.<\/li>\n<li>Offre une excellente stabilit\u00e9 et une grande maniabilit\u00e9<\/li>\n<\/ul>\n","protected":false},"featured_media":53546,"template":"","meta":{"_themeisle_gutenberg_block_has_review":false},"product_brand":[],"product_cat":[2216,2640,2358],"product_tag":[],"class_list":{"0":"post-61812","1":"product","2":"type-product","3":"status-publish","4":"has-post-thumbnail","6":"product_cat-gazon-professionnel-et-remise-en-etat-fr","7":"product_cat-marquage-des-lignes-fr","8":"product_cat-produits-pour-terrains-de-sport-fr","10":"first","11":"instock","12":"shipping-taxable","13":"product-type-simple","14":"customify-col"},"_links":{"self":[{"href":"https:\/\/brettyoung.ca\/fr\/wp-json\/wp\/v2\/product\/61812","targetHints":{"allow":["GET"]}}],"collection":[{"href":"https:\/\/brettyoung.ca\/fr\/wp-json\/wp\/v2\/product"}],"about":[{"href":"https:\/\/brettyoung.ca\/fr\/wp-json\/wp\/v2\/types\/product"}],"wp:featuredmedia":[{"embeddable":true,"href":"https:\/\/brettyoung.ca\/fr\/wp-json\/wp\/v2\/media\/53546"}],"wp:attachment":[{"href":"https:\/\/brettyoung.ca\/fr\/wp-json\/wp\/v2\/media?parent=61812"}],"wp:term":[{"taxonomy":"product_brand","embeddable":true,"href":"https:\/\/brettyoung.ca\/fr\/wp-json\/wp\/v2\/product_brand?post=61812"},{"taxonomy":"product_cat","embeddable":true,"href":"https:\/\/brettyoung.ca\/fr\/wp-json\/wp\/v2\/product_cat?post=61812"},{"taxonomy":"product_tag","embeddable":true,"href":"https:\/\/brettyoung.ca\/fr\/wp-json\/wp\/v2\/product_tag?post=61812"}],"curies":[{"name":"wp","href":"https:\/\/api.w.org\/{rel}","templated":true}]}}