{"id":61811,"date":"2021-02-12T07:57:31","date_gmt":"2021-02-12T13:57:31","guid":{"rendered":"https:\/\/brettyoung.ca\/?post_type=product&#038;p=61811"},"modified":"2025-01-23T08:55:02","modified_gmt":"2025-01-23T14:55:02","slug":"igo-standard","status":"publish","type":"product","link":"https:\/\/brettyoung.ca\/fr\/product\/igo-standard\/","title":{"rendered":"iGo Standard"},"content":{"rendered":"","protected":false},"excerpt":{"rendered":"<p>&#8211; Facile \u00e0 installer, \u00e0 utiliser et \u00e0 nettoyer<br \/>\n&#8211; Une batterie enti\u00e8rement charg\u00e9e assure 4 \u00e0 5 heures de pulv\u00e9risation constante<br \/>\n&#8211; La batterie s&rsquo;\u00e9teint automatiquement lorsqu&rsquo;elle est enti\u00e8rement charg\u00e9e<\/p>\n","protected":false},"featured_media":55107,"template":"","meta":{"_themeisle_gutenberg_block_has_review":false},"product_brand":[],"product_cat":[2216,2640,2358],"product_tag":[],"class_list":{"0":"post-61811","1":"product","2":"type-product","3":"status-publish","4":"has-post-thumbnail","6":"product_cat-gazon-professionnel-et-remise-en-etat-fr","7":"product_cat-marquage-des-lignes-fr","8":"product_cat-produits-pour-terrains-de-sport-fr","10":"first","11":"instock","12":"shipping-taxable","13":"product-type-simple","14":"customify-col"},"_links":{"self":[{"href":"https:\/\/brettyoung.ca\/fr\/wp-json\/wp\/v2\/product\/61811","targetHints":{"allow":["GET"]}}],"collection":[{"href":"https:\/\/brettyoung.ca\/fr\/wp-json\/wp\/v2\/product"}],"about":[{"href":"https:\/\/brettyoung.ca\/fr\/wp-json\/wp\/v2\/types\/product"}],"wp:featuredmedia":[{"embeddable":true,"href":"https:\/\/brettyoung.ca\/fr\/wp-json\/wp\/v2\/media\/55107"}],"wp:attachment":[{"href":"https:\/\/brettyoung.ca\/fr\/wp-json\/wp\/v2\/media?parent=61811"}],"wp:term":[{"taxonomy":"product_brand","embeddable":true,"href":"https:\/\/brettyoung.ca\/fr\/wp-json\/wp\/v2\/product_brand?post=61811"},{"taxonomy":"product_cat","embeddable":true,"href":"https:\/\/brettyoung.ca\/fr\/wp-json\/wp\/v2\/product_cat?post=61811"},{"taxonomy":"product_tag","embeddable":true,"href":"https:\/\/brettyoung.ca\/fr\/wp-json\/wp\/v2\/product_tag?post=61811"}],"curies":[{"name":"wp","href":"https:\/\/api.w.org\/{rel}","templated":true}]}}