{"id":61807,"date":"2021-02-11T11:03:58","date_gmt":"2021-02-11T17:03:58","guid":{"rendered":"https:\/\/brettyoung.ca\/product\/herbe-aux-marais\/"},"modified":"2025-01-21T15:06:33","modified_gmt":"2025-01-21T21:06:33","slug":"herbe-aux-marais","status":"publish","type":"product","link":"https:\/\/brettyoung.ca\/fr\/product\/herbe-aux-marais\/","title":{"rendered":"Herbe aux marais"},"content":{"rendered":"<table class=\"tableizer-table aligncenter\" style=\"height: 385px; width: 100.894%;\" width=\"1339\">\n<thead>\n<tr class=\"tableizer-firstrow\" style=\"height: 23px;\">\n<th style=\"width: 12.0588%; height: 23px;\">Tableau des caract\u00e9ristiques<\/th>\n<td style=\"height: 23px; width: 7.72059%;\"><\/td>\n<\/tr>\n<\/thead>\n<tbody>\n<tr style=\"height: 23px;\">\n<td style=\"width: 12.0588%; height: 23px;\">Mode de croissance<\/td>\n<td style=\"width: 7.72059%; height: 23px;\">Herbe en grappe<\/td>\n<\/tr>\n<tr style=\"height: 23px;\">\n<td style=\"width: 12.0588%; height: 23px;\">Tol\u00e9rance aux inondations<\/td>\n<td style=\"width: 7.72059%; height: 23px;\">Excellente<\/td>\n<\/tr>\n<tr style=\"height: 23px;\">\n<td style=\"width: 12.0588%; height: 23px;\">Tol\u00e9rance \u00e0 la s\u00e9cheresse<\/td>\n<td style=\"width: 7.72059%; height: 23px;\">Faible<\/td>\n<\/tr>\n<tr style=\"height: 23px;\">\n<td style=\"width: 12.0588%; height: 23px;\">Tol\u00e9rance au sel<\/td>\n<td style=\"width: 7.72059%; height: 23px;\">Excellente<\/td>\n<\/tr>\n<tr style=\"height: 47px;\">\n<td style=\"width: 12.0588%; height: 47px;\">PH du sol<\/td>\n<td style=\"width: 7.72059%; height: 47px;\">Neutre \u00e0 acide<\/td>\n<\/tr>\n<tr style=\"height: 95px;\">\n<td style=\"width: 12.0588%; height: 95px;\">Type de sol<\/td>\n<td style=\"width: 7.72059%; height: 95px;\">Moyen \u00e0 mod\u00e9r\u00e9ment fin<\/td>\n<\/tr>\n<tr style=\"height: 23px;\">\n<td style=\"width: 12.0588%; height: 23px;\">Environ graines\/lb <\/td>\n<td style=\"width: 7.72059%; height: 23px;\">1,150,000<\/td>\n<\/tr>\n<tr style=\"height: 23px;\">\n<td style=\"width: 12.0588%; height: 23px;\">Hauteur de la canop\u00e9e \u00e0 maturit\u00e9<\/td>\n<td style=\"width: 7.72059%; height: 23px;\">20-90 cm<\/td>\n<\/tr>\n<\/tbody>\n<\/table>\n<h3 style=\"text-align: center;\"><\/h3>\n","protected":false},"excerpt":{"rendered":"<ul>\n<li>Tr\u00e8s commun dans la plupart des r\u00e9gions<\/li>\n<li>Pousse le long des rivages, des prairies humides et des foss\u00e9s.<\/li>\n<li>Se trouve dans les marais peu profonds ou les mar\u00e9cages.<\/li>\n<\/ul>\n","protected":false},"featured_media":53640,"template":"","meta":{"_themeisle_gutenberg_block_has_review":false},"product_brand":[],"product_cat":[2216,2321],"product_tag":[],"class_list":{"0":"post-61807","1":"product","2":"type-product","3":"status-publish","4":"has-post-thumbnail","6":"product_cat-gazon-professionnel-et-remise-en-etat-fr","7":"product_cat-semences-indigenes-fr","9":"first","10":"instock","11":"shipping-taxable","12":"product-type-simple","13":"customify-col"},"_links":{"self":[{"href":"https:\/\/brettyoung.ca\/fr\/wp-json\/wp\/v2\/product\/61807","targetHints":{"allow":["GET"]}}],"collection":[{"href":"https:\/\/brettyoung.ca\/fr\/wp-json\/wp\/v2\/product"}],"about":[{"href":"https:\/\/brettyoung.ca\/fr\/wp-json\/wp\/v2\/types\/product"}],"wp:featuredmedia":[{"embeddable":true,"href":"https:\/\/brettyoung.ca\/fr\/wp-json\/wp\/v2\/media\/53640"}],"wp:attachment":[{"href":"https:\/\/brettyoung.ca\/fr\/wp-json\/wp\/v2\/media?parent=61807"}],"wp:term":[{"taxonomy":"product_brand","embeddable":true,"href":"https:\/\/brettyoung.ca\/fr\/wp-json\/wp\/v2\/product_brand?post=61807"},{"taxonomy":"product_cat","embeddable":true,"href":"https:\/\/brettyoung.ca\/fr\/wp-json\/wp\/v2\/product_cat?post=61807"},{"taxonomy":"product_tag","embeddable":true,"href":"https:\/\/brettyoung.ca\/fr\/wp-json\/wp\/v2\/product_tag?post=61807"}],"curies":[{"name":"wp","href":"https:\/\/api.w.org\/{rel}","templated":true}]}}