{"id":61805,"date":"2021-02-11T10:15:25","date_gmt":"2021-02-11T16:15:25","guid":{"rendered":"https:\/\/brettyoung.ca\/product\/aiguille-et-fil-dherbe\/"},"modified":"2025-01-21T15:06:10","modified_gmt":"2025-01-21T21:06:10","slug":"aiguille-et-fil-dherbe","status":"publish","type":"product","link":"https:\/\/brettyoung.ca\/fr\/product\/aiguille-et-fil-dherbe\/","title":{"rendered":"Aiguille et fil d&rsquo;herbe"},"content":{"rendered":"<table class=\"tableizer-table aligncenter\" style=\"height: 395px; width: 101.716%;\" width=\"1339\">\n<thead>\n<tr class=\"tableizer-firstrow\" style=\"height: 23px;\">\n<th style=\"width: 12.0235%; height: 23px;\">Tableau des caract\u00e9ristiques<\/th>\n<td style=\"height: 23px; width: 7.69795%;\"><\/td>\n<\/tr>\n<\/thead>\n<tbody>\n<tr style=\"height: 23px;\">\n<td style=\"width: 12.0235%; height: 23px;\">Mode de croissance<\/td>\n<td style=\"width: 7.69795%; height: 23px;\">Herbe en grappe<\/td>\n<\/tr>\n<tr style=\"height: 23px;\">\n<td style=\"width: 12.0235%; height: 23px;\">Tol\u00e9rance aux inondations<\/td>\n<td style=\"width: 7.69795%; height: 23px;\">Faible<\/td>\n<\/tr>\n<tr style=\"height: 23px;\">\n<td style=\"width: 12.0235%; height: 23px;\">Tol\u00e9rance \u00e0 la s\u00e9cheresse<\/td>\n<td style=\"width: 7.69795%; height: 23px;\">Excellente<\/td>\n<\/tr>\n<tr style=\"height: 23px;\">\n<td style=\"width: 12.0235%; height: 23px;\">Tol\u00e9rance au sel<\/td>\n<td style=\"width: 7.69795%; height: 23px;\">Juste<\/td>\n<\/tr>\n<tr style=\"height: 47px;\">\n<td style=\"width: 12.0235%; height: 47px;\">PH du sol<\/td>\n<td style=\"width: 7.69795%; height: 47px;\">Neutre \u00e0 basique<\/td>\n<\/tr>\n<tr style=\"height: 95px;\">\n<td style=\"width: 12.0235%; height: 95px;\">Type de sol<\/td>\n<td style=\"width: 7.69795%; height: 95px;\">Grossier \u00e0 mod\u00e9r\u00e9ment fin<\/td>\n<\/tr>\n<tr style=\"height: 23px;\">\n<td style=\"width: 12.0235%; height: 23px;\">Environ graines\/lb <\/td>\n<td style=\"width: 7.69795%; height: 23px;\">115,000<\/td>\n<\/tr>\n<tr style=\"height: 23px;\">\n<td style=\"width: 12.0235%; height: 23px;\">Hauteur de la canop\u00e9e \u00e0 maturit\u00e9<\/td>\n<td style=\"width: 7.69795%; height: 23px;\">30-70 cm<\/td>\n<\/tr>\n<\/tbody>\n<\/table>\n<h3 style=\"text-align: center;\"><\/h3>\n","protected":false},"excerpt":{"rendered":"<ul>\n<li>Plante vivace de saison fra\u00eeche \u00e0 longue dur\u00e9e de vie<\/li>\n<li>Valeur fourrag\u00e8re \u00e9lev\u00e9e en prot\u00e9ines pour le p\u00e2turage de printemps<\/li>\n<li>Excellente r\u00e9sistance \u00e0 l&rsquo;hiver<\/li>\n<\/ul>\n","protected":false},"featured_media":53599,"template":"","meta":{"_themeisle_gutenberg_block_has_review":false},"product_brand":[],"product_cat":[2216,2321],"product_tag":[],"class_list":{"0":"post-61805","1":"product","2":"type-product","3":"status-publish","4":"has-post-thumbnail","6":"product_cat-gazon-professionnel-et-remise-en-etat-fr","7":"product_cat-semences-indigenes-fr","9":"first","10":"instock","11":"shipping-taxable","12":"product-type-simple","13":"customify-col"},"_links":{"self":[{"href":"https:\/\/brettyoung.ca\/fr\/wp-json\/wp\/v2\/product\/61805","targetHints":{"allow":["GET"]}}],"collection":[{"href":"https:\/\/brettyoung.ca\/fr\/wp-json\/wp\/v2\/product"}],"about":[{"href":"https:\/\/brettyoung.ca\/fr\/wp-json\/wp\/v2\/types\/product"}],"wp:featuredmedia":[{"embeddable":true,"href":"https:\/\/brettyoung.ca\/fr\/wp-json\/wp\/v2\/media\/53599"}],"wp:attachment":[{"href":"https:\/\/brettyoung.ca\/fr\/wp-json\/wp\/v2\/media?parent=61805"}],"wp:term":[{"taxonomy":"product_brand","embeddable":true,"href":"https:\/\/brettyoung.ca\/fr\/wp-json\/wp\/v2\/product_brand?post=61805"},{"taxonomy":"product_cat","embeddable":true,"href":"https:\/\/brettyoung.ca\/fr\/wp-json\/wp\/v2\/product_cat?post=61805"},{"taxonomy":"product_tag","embeddable":true,"href":"https:\/\/brettyoung.ca\/fr\/wp-json\/wp\/v2\/product_tag?post=61805"}],"curies":[{"name":"wp","href":"https:\/\/api.w.org\/{rel}","templated":true}]}}