{"id":61800,"date":"2021-02-11T10:32:09","date_gmt":"2021-02-11T16:32:09","guid":{"rendered":"https:\/\/brettyoung.ca\/product\/salicorne-de-linterieur\/"},"modified":"2025-06-25T13:34:16","modified_gmt":"2025-06-25T18:34:16","slug":"salicorne-de-linterieur","status":"publish","type":"product","link":"https:\/\/brettyoung.ca\/fr\/product\/salicorne-de-linterieur\/","title":{"rendered":"Salicorne de l&rsquo;int\u00e9rieur"},"content":{"rendered":"<table class=\"tableizer-table aligncenter\" style=\"width: 100%;\">\n<thead>\n<tr class=\"tableizer-firstrow\" style=\"height: 23px;\">\n<th style=\"width: 12.2297%; height: 23px;\">Tableau des caract\u00e9ristiques<\/th>\n<td style=\"height: 23px; width: 7.82998%;\"><\/td>\n<\/tr>\n<\/thead>\n<tbody>\n<tr style=\"height: 23px;\">\n<td style=\"width: 12.2297%; height: 23px;\">Mode de croissance<\/td>\n<td style=\"width: 7.82998%; height: 23px;\">Rhizomateux<\/td>\n<\/tr>\n<tr style=\"height: 23px;\">\n<td style=\"width: 12.2297%; height: 23px;\">Tol\u00e9rance aux inondations<\/td>\n<td style=\"width: 7.82998%; height: 23px;\">Excellente<\/td>\n<\/tr>\n<tr style=\"height: 23px;\">\n<td style=\"width: 12.2297%; height: 23px;\">Tol\u00e9rance \u00e0 la s\u00e9cheresse<\/td>\n<td style=\"width: 7.82998%; height: 23px;\">Bonne<\/td>\n<\/tr>\n<tr style=\"height: 23px;\">\n<td style=\"width: 12.2297%; height: 23px;\">Tol\u00e9rance au sel<\/td>\n<td style=\"width: 7.82998%; height: 23px;\">Excellente<\/td>\n<\/tr>\n<tr style=\"height: 47px;\">\n<td style=\"width: 12.2297%; height: 47px;\">PH du sol<\/td>\n<td style=\"width: 7.82998%; height: 47px;\">Salin \u00e0 alcalin<\/td>\n<\/tr>\n<tr style=\"height: 95px;\">\n<td style=\"width: 12.2297%; height: 95px;\">Type de sol<\/td>\n<td style=\"width: 7.82998%; height: 95px;\">Fin, Moyennement fin, Moyen<\/td>\n<\/tr>\n<tr style=\"height: 23px;\">\n<td style=\"width: 12.2297%; height: 23px;\">Environ graines\/lb <\/td>\n<td style=\"width: 7.82998%; height: 23px;\">520,000<\/td>\n<\/tr>\n<tr style=\"height: 23px;\">\n<td style=\"width: 12.2297%; height: 23px;\">Hauteur de la canop\u00e9e \u00e0 maturit\u00e9<\/td>\n<td style=\"width: 7.82998%; height: 23px;\">25-65 cm<\/td>\n<\/tr>\n<\/tbody>\n<\/table>\n","protected":false},"excerpt":{"rendered":"<ul>\n<li>Prosp\u00e8re le long des c\u00f4tes, des marais salants et des sols perturb\u00e9s.<\/li>\n<li>Pr\u00e9sent dans les for\u00eats, les bois, les pentes des montagnes et les habitats d\u00e9sertiques.<\/li>\n<li>Aime les sols mal drain\u00e9s avec une nappe phr\u00e9atique \u00e9lev\u00e9e<\/li>\n<\/ul>\n","protected":false},"featured_media":53618,"template":"","meta":{"_themeisle_gutenberg_block_has_review":false},"product_brand":[],"product_cat":[2216,2321],"product_tag":[],"class_list":{"0":"post-61800","1":"product","2":"type-product","3":"status-publish","4":"has-post-thumbnail","6":"product_cat-gazon-professionnel-et-remise-en-etat-fr","7":"product_cat-semences-indigenes-fr","9":"first","10":"instock","11":"shipping-taxable","12":"product-type-simple","13":"customify-col"},"_links":{"self":[{"href":"https:\/\/brettyoung.ca\/fr\/wp-json\/wp\/v2\/product\/61800","targetHints":{"allow":["GET"]}}],"collection":[{"href":"https:\/\/brettyoung.ca\/fr\/wp-json\/wp\/v2\/product"}],"about":[{"href":"https:\/\/brettyoung.ca\/fr\/wp-json\/wp\/v2\/types\/product"}],"wp:featuredmedia":[{"embeddable":true,"href":"https:\/\/brettyoung.ca\/fr\/wp-json\/wp\/v2\/media\/53618"}],"wp:attachment":[{"href":"https:\/\/brettyoung.ca\/fr\/wp-json\/wp\/v2\/media?parent=61800"}],"wp:term":[{"taxonomy":"product_brand","embeddable":true,"href":"https:\/\/brettyoung.ca\/fr\/wp-json\/wp\/v2\/product_brand?post=61800"},{"taxonomy":"product_cat","embeddable":true,"href":"https:\/\/brettyoung.ca\/fr\/wp-json\/wp\/v2\/product_cat?post=61800"},{"taxonomy":"product_tag","embeddable":true,"href":"https:\/\/brettyoung.ca\/fr\/wp-json\/wp\/v2\/product_tag?post=61800"}],"curies":[{"name":"wp","href":"https:\/\/api.w.org\/{rel}","templated":true}]}}