{"id":61799,"date":"2021-02-11T10:01:11","date_gmt":"2021-02-11T16:01:11","guid":{"rendered":"https:\/\/brettyoung.ca\/product\/fowl-bluegrass\/"},"modified":"2025-01-21T15:05:15","modified_gmt":"2025-01-21T21:05:15","slug":"fowl-bluegrass","status":"publish","type":"product","link":"https:\/\/brettyoung.ca\/fr\/product\/fowl-bluegrass\/","title":{"rendered":"Fowl Bluegrass"},"content":{"rendered":"<table class=\"tableizer-table aligncenter\" style=\"height: 385px; width: 100.819%;\" width=\"1339\">\n<thead>\n<tr class=\"tableizer-firstrow\" style=\"height: 23px;\">\n<th style=\"width: 12.1302%; height: 23px;\">Tableau des caract\u00e9ristiques<\/th>\n<td style=\"height: 23px; width: 7.76627%;\"><\/td>\n<\/tr>\n<\/thead>\n<tbody>\n<tr style=\"height: 23px;\">\n<td style=\"width: 12.1302%; height: 23px;\">Mode de croissance<\/td>\n<td style=\"width: 7.76627%; height: 23px;\">Bunchgrass \u00e0 l\u00e9g\u00e8rement rhizomateux<\/td>\n<\/tr>\n<tr style=\"height: 23px;\">\n<td style=\"width: 12.1302%; height: 23px;\">Tol\u00e9rance aux inondations<\/td>\n<td style=\"width: 7.76627%; height: 23px;\">Excellente<\/td>\n<\/tr>\n<tr style=\"height: 23px;\">\n<td style=\"width: 12.1302%; height: 23px;\">Tol\u00e9rance \u00e0 la s\u00e9cheresse<\/td>\n<td style=\"width: 7.76627%; height: 23px;\">Bonne<\/td>\n<\/tr>\n<tr style=\"height: 23px;\">\n<td style=\"width: 12.1302%; height: 23px;\">Tol\u00e9rance au sel<\/td>\n<td style=\"width: 7.76627%; height: 23px;\">Bonne<\/td>\n<\/tr>\n<tr style=\"height: 47px;\">\n<td style=\"width: 12.1302%; height: 47px;\">PH du sol<\/td>\n<td style=\"width: 7.76627%; height: 47px;\">Neutre \u00e0 acide<\/td>\n<\/tr>\n<tr style=\"height: 95px;\">\n<td style=\"width: 12.1302%; height: 95px;\">Type de sol<\/td>\n<td style=\"width: 7.76627%; height: 95px;\">Moyen \u00e0 fin<\/td>\n<\/tr>\n<tr style=\"height: 23px;\">\n<td style=\"width: 12.1302%; height: 23px;\">Environ graines\/lb <\/td>\n<td style=\"width: 7.76627%; height: 23px;\">1,800,000<\/td>\n<\/tr>\n<tr style=\"height: 23px;\">\n<td style=\"width: 12.1302%; height: 23px;\">Hauteur de la canop\u00e9e \u00e0 maturit\u00e9<\/td>\n<td style=\"width: 7.76627%; height: 23px;\"> 20-60 cm<\/td>\n<\/tr>\n<\/tbody>\n<\/table>\n<h3 style=\"text-align: center;\"><\/h3>\n","protected":false},"excerpt":{"rendered":"<ul>\n<li>Plante vivace de saison froide<\/li>\n<li>Facile \u00e0 mettre en place<\/li>\n<li>Aime les prairies et les marais ouverts et humides, de basse \u00e0 moyenne altitude.<\/li>\n<\/ul>\n","protected":false},"featured_media":53589,"template":"","meta":{"_themeisle_gutenberg_block_has_review":false},"product_brand":[],"product_cat":[2216,2321],"product_tag":[],"class_list":{"0":"post-61799","1":"product","2":"type-product","3":"status-publish","4":"has-post-thumbnail","6":"product_cat-gazon-professionnel-et-remise-en-etat-fr","7":"product_cat-semences-indigenes-fr","9":"first","10":"instock","11":"shipping-taxable","12":"product-type-simple","13":"customify-col"},"_links":{"self":[{"href":"https:\/\/brettyoung.ca\/fr\/wp-json\/wp\/v2\/product\/61799","targetHints":{"allow":["GET"]}}],"collection":[{"href":"https:\/\/brettyoung.ca\/fr\/wp-json\/wp\/v2\/product"}],"about":[{"href":"https:\/\/brettyoung.ca\/fr\/wp-json\/wp\/v2\/types\/product"}],"wp:featuredmedia":[{"embeddable":true,"href":"https:\/\/brettyoung.ca\/fr\/wp-json\/wp\/v2\/media\/53589"}],"wp:attachment":[{"href":"https:\/\/brettyoung.ca\/fr\/wp-json\/wp\/v2\/media?parent=61799"}],"wp:term":[{"taxonomy":"product_brand","embeddable":true,"href":"https:\/\/brettyoung.ca\/fr\/wp-json\/wp\/v2\/product_brand?post=61799"},{"taxonomy":"product_cat","embeddable":true,"href":"https:\/\/brettyoung.ca\/fr\/wp-json\/wp\/v2\/product_cat?post=61799"},{"taxonomy":"product_tag","embeddable":true,"href":"https:\/\/brettyoung.ca\/fr\/wp-json\/wp\/v2\/product_tag?post=61799"}],"curies":[{"name":"wp","href":"https:\/\/api.w.org\/{rel}","templated":true}]}}