{"id":61796,"date":"2021-02-11T10:30:52","date_gmt":"2021-02-11T16:30:52","guid":{"rendered":"https:\/\/brettyoung.ca\/product\/fetuque-ovine\/"},"modified":"2025-01-21T15:05:07","modified_gmt":"2025-01-21T21:05:07","slug":"fetuque-ovine","status":"publish","type":"product","link":"https:\/\/brettyoung.ca\/fr\/product\/fetuque-ovine\/","title":{"rendered":"F\u00e9tuque ovine"},"content":{"rendered":"<table class=\"tableizer-table aligncenter\" style=\"height: 368px; width: 102.014%;\" width=\"1339\">\n<thead>\n<tr class=\"tableizer-firstrow\" style=\"height: 23px;\">\n<th style=\"width: 11.9883%; height: 23px;\">Tableau des caract\u00e9ristiques<\/th>\n<td style=\"height: 23px; width: 7.67544%;\"><\/td>\n<\/tr>\n<\/thead>\n<tbody>\n<tr style=\"height: 23px;\">\n<td style=\"width: 11.9883%; height: 23px;\">Mode de croissance<\/td>\n<td style=\"width: 7.67544%; height: 23px;\">Herbe en grappe<\/td>\n<\/tr>\n<tr style=\"height: 23px;\">\n<td style=\"width: 11.9883%; height: 23px;\">Tol\u00e9rance aux inondations<\/td>\n<td style=\"width: 7.67544%; height: 23px;\">Faible<\/td>\n<\/tr>\n<tr style=\"height: 23px;\">\n<td style=\"width: 11.9883%; height: 23px;\">Tol\u00e9rance \u00e0 la s\u00e9cheresse<\/td>\n<td style=\"width: 7.67544%; height: 23px;\">Excellente<\/td>\n<\/tr>\n<tr style=\"height: 23px;\">\n<td style=\"width: 11.9883%; height: 23px;\">Tol\u00e9rance au sel<\/td>\n<td style=\"width: 7.67544%; height: 23px;\">Faible<\/td>\n<\/tr>\n<tr style=\"height: 47px;\">\n<td style=\"width: 11.9883%; height: 47px;\">PH du sol<\/td>\n<td style=\"width: 7.67544%; height: 47px;\">Neutre \u00e0 acide<\/td>\n<\/tr>\n<tr style=\"height: 95px;\">\n<td style=\"width: 11.9883%; height: 95px;\">Type de sol<\/td>\n<td style=\"width: 7.67544%; height: 95px;\">Grossier \u00e0 mod\u00e9r\u00e9ment fin<\/td>\n<\/tr>\n<tr style=\"height: 23px;\">\n<td style=\"width: 11.9883%; height: 23px;\">Environ graines\/lb <\/td>\n<td style=\"width: 7.67544%; height: 23px;\">680,000<\/td>\n<\/tr>\n<tr style=\"height: 23px;\">\n<td style=\"width: 11.9883%; height: 23px;\">Hauteur de la canop\u00e9e \u00e0 maturit\u00e9<\/td>\n<td style=\"width: 7.67544%; height: 23px;\">15-30 cm<\/td>\n<\/tr>\n<\/tbody>\n<\/table>\n<h3 style=\"text-align: center;\"><\/h3>\n","protected":false},"excerpt":{"rendered":"<ul>\n<li>Plante vivace de saison froide<\/li>\n<li>Plant\u00e9e dans les for\u00eats claires, les pentes des montagnes et les contreforts des collines de l&rsquo;Alaska au Dakota du Nord.<\/li>\n<li>Adapt\u00e9 \u00e0 une grande vari\u00e9t\u00e9 de conditions de sol<\/li>\n<\/ul>\n","protected":false},"featured_media":53617,"template":"","meta":{"_themeisle_gutenberg_block_has_review":false},"product_brand":[],"product_cat":[2216,2321],"product_tag":[],"class_list":{"0":"post-61796","1":"product","2":"type-product","3":"status-publish","4":"has-post-thumbnail","6":"product_cat-gazon-professionnel-et-remise-en-etat-fr","7":"product_cat-semences-indigenes-fr","9":"first","10":"instock","11":"shipping-taxable","12":"product-type-simple","13":"customify-col"},"_links":{"self":[{"href":"https:\/\/brettyoung.ca\/fr\/wp-json\/wp\/v2\/product\/61796","targetHints":{"allow":["GET"]}}],"collection":[{"href":"https:\/\/brettyoung.ca\/fr\/wp-json\/wp\/v2\/product"}],"about":[{"href":"https:\/\/brettyoung.ca\/fr\/wp-json\/wp\/v2\/types\/product"}],"wp:featuredmedia":[{"embeddable":true,"href":"https:\/\/brettyoung.ca\/fr\/wp-json\/wp\/v2\/media\/53617"}],"wp:attachment":[{"href":"https:\/\/brettyoung.ca\/fr\/wp-json\/wp\/v2\/media?parent=61796"}],"wp:term":[{"taxonomy":"product_brand","embeddable":true,"href":"https:\/\/brettyoung.ca\/fr\/wp-json\/wp\/v2\/product_brand?post=61796"},{"taxonomy":"product_cat","embeddable":true,"href":"https:\/\/brettyoung.ca\/fr\/wp-json\/wp\/v2\/product_cat?post=61796"},{"taxonomy":"product_tag","embeddable":true,"href":"https:\/\/brettyoung.ca\/fr\/wp-json\/wp\/v2\/product_tag?post=61796"}],"curies":[{"name":"wp","href":"https:\/\/api.w.org\/{rel}","templated":true}]}}