{"id":61794,"date":"2021-02-11T10:10:26","date_gmt":"2021-02-11T16:10:26","guid":{"rendered":"https:\/\/brettyoung.ca\/product\/brome-inerme\/"},"modified":"2025-06-25T13:34:01","modified_gmt":"2025-06-25T18:34:01","slug":"brome-inerme","status":"publish","type":"product","link":"https:\/\/brettyoung.ca\/fr\/product\/brome-inerme\/","title":{"rendered":"Brome inerme"},"content":{"rendered":"<table class=\"tableizer-table aligncenter\" style=\"height: 407px; width: 99.9234%;\" width=\"1339\">\n<thead>\n<tr class=\"tableizer-firstrow\" style=\"height: 23px;\">\n<th style=\"width: 12.2388%; height: 23px;\">Tableau des caract\u00e9ristiques<\/th>\n<td style=\"height: 23px; width: 7.83582%;\"><\/td>\n<\/tr>\n<\/thead>\n<tbody>\n<tr style=\"height: 23px;\">\n<td style=\"width: 12.2388%; height: 23px;\">Mode de croissance<\/td>\n<td style=\"width: 7.83582%; height: 23px;\">Herbe en grappe<\/td>\n<\/tr>\n<tr style=\"height: 23px;\">\n<td style=\"width: 12.2388%; height: 23px;\">Tol\u00e9rance aux inondations<\/td>\n<td style=\"width: 7.83582%; height: 23px;\">Faible<\/td>\n<\/tr>\n<tr style=\"height: 23px;\">\n<td style=\"width: 12.2388%; height: 23px;\">Tol\u00e9rance \u00e0 la s\u00e9cheresse<\/td>\n<td style=\"width: 7.83582%; height: 23px;\">Excellente<\/td>\n<\/tr>\n<tr style=\"height: 23px;\">\n<td style=\"width: 12.2388%; height: 23px;\">Tol\u00e9rance au sel<\/td>\n<td style=\"width: 7.83582%; height: 23px;\">Juste<\/td>\n<\/tr>\n<tr style=\"height: 47px;\">\n<td style=\"width: 12.2388%; height: 47px;\">PH du sol<\/td>\n<td style=\"width: 7.83582%; height: 47px;\">Neutre<\/td>\n<\/tr>\n<tr style=\"height: 95px;\">\n<td style=\"width: 12.2388%; height: 95px;\">Type de sol<\/td>\n<td style=\"width: 7.83582%; height: 95px;\">Grossier \u00e0 mod\u00e9r\u00e9ment fin<\/td>\n<\/tr>\n<tr style=\"height: 23px;\">\n<td style=\"width: 12.2388%; height: 23px;\">Environ graines\/lb <\/td>\n<td style=\"width: 7.83582%; height: 23px;\">142,800<\/td>\n<\/tr>\n<tr style=\"height: 23px;\">\n<td style=\"width: 12.2388%; height: 23px;\">Hauteur de la canop\u00e9e \u00e0 maturit\u00e9<\/td>\n<td style=\"width: 7.83582%; height: 23px;\"> 15-30 cm<\/td>\n<\/tr>\n<\/tbody>\n<\/table>\n<h3 style=\"text-align: center;\"><\/h3>\n","protected":false},"excerpt":{"rendered":"<ul>\n<li>Plante vivace de saison fra\u00eeche et de courte dur\u00e9e<\/li>\n<li>Tol\u00e9rance \u00e0 la s\u00e9cheresse<\/li>\n<li>App\u00e9tence moyenne \u00e0 \u00e9lev\u00e9e pour le b\u00e9tail et la faune sauvage<\/li>\n<\/ul>\n","protected":false},"featured_media":53594,"template":"","meta":{"_themeisle_gutenberg_block_has_review":false},"product_brand":[],"product_cat":[2216,2321],"product_tag":[],"class_list":{"0":"post-61794","1":"product","2":"type-product","3":"status-publish","4":"has-post-thumbnail","6":"product_cat-gazon-professionnel-et-remise-en-etat-fr","7":"product_cat-semences-indigenes-fr","9":"first","10":"instock","11":"shipping-taxable","12":"product-type-simple","13":"customify-col"},"_links":{"self":[{"href":"https:\/\/brettyoung.ca\/fr\/wp-json\/wp\/v2\/product\/61794","targetHints":{"allow":["GET"]}}],"collection":[{"href":"https:\/\/brettyoung.ca\/fr\/wp-json\/wp\/v2\/product"}],"about":[{"href":"https:\/\/brettyoung.ca\/fr\/wp-json\/wp\/v2\/types\/product"}],"wp:featuredmedia":[{"embeddable":true,"href":"https:\/\/brettyoung.ca\/fr\/wp-json\/wp\/v2\/media\/53594"}],"wp:attachment":[{"href":"https:\/\/brettyoung.ca\/fr\/wp-json\/wp\/v2\/media?parent=61794"}],"wp:term":[{"taxonomy":"product_brand","embeddable":true,"href":"https:\/\/brettyoung.ca\/fr\/wp-json\/wp\/v2\/product_brand?post=61794"},{"taxonomy":"product_cat","embeddable":true,"href":"https:\/\/brettyoung.ca\/fr\/wp-json\/wp\/v2\/product_cat?post=61794"},{"taxonomy":"product_tag","embeddable":true,"href":"https:\/\/brettyoung.ca\/fr\/wp-json\/wp\/v2\/product_tag?post=61794"}],"curies":[{"name":"wp","href":"https:\/\/api.w.org\/{rel}","templated":true}]}}