{"id":61793,"date":"2021-02-11T09:59:42","date_gmt":"2021-02-11T15:59:42","guid":{"rendered":"https:\/\/brettyoung.ca\/product\/canada-bluegrass\/"},"modified":"2025-01-21T15:04:47","modified_gmt":"2025-01-21T21:04:47","slug":"canada-bluegrass","status":"publish","type":"product","link":"https:\/\/brettyoung.ca\/fr\/product\/canada-bluegrass\/","title":{"rendered":"Canada Bluegrass"},"content":{"rendered":"<table class=\"tableizer-table aligncenter\" style=\"height: 372px; width: 102.836%;\" width=\"1339\">\n<thead>\n<tr class=\"tableizer-firstrow\" style=\"height: 23px;\">\n<th style=\"width: 11.8927%; height: 23px;\">Tableau des caract\u00e9ristiques<\/th>\n<td style=\"height: 23px; width: 7.61421%;\"><\/td>\n<\/tr>\n<\/thead>\n<tbody>\n<tr style=\"height: 23px;\">\n<td style=\"width: 11.8927%; height: 23px;\">Mode de croissance<\/td>\n<td style=\"width: 7.61421%; height: 23px;\">Rhizomateux<\/td>\n<\/tr>\n<tr style=\"height: 23px;\">\n<td style=\"width: 11.8927%; height: 23px;\">Tol\u00e9rance aux inondations<\/td>\n<td style=\"width: 7.61421%; height: 23px;\">Juste<\/td>\n<\/tr>\n<tr style=\"height: 23px;\">\n<td style=\"width: 11.8927%; height: 23px;\">Tol\u00e9rance \u00e0 la s\u00e9cheresse<\/td>\n<td style=\"width: 7.61421%; height: 23px;\">Bonne<\/td>\n<\/tr>\n<tr style=\"height: 23px;\">\n<td style=\"width: 11.8927%; height: 23px;\">Tol\u00e9rance au sel<\/td>\n<td style=\"width: 7.61421%; height: 23px;\">Bonne<\/td>\n<\/tr>\n<tr style=\"height: 47px;\">\n<td style=\"width: 11.8927%; height: 47px;\">PH du sol<\/td>\n<td style=\"width: 7.61421%; height: 47px;\">Neutre \u00e0 acide<\/td>\n<\/tr>\n<tr style=\"height: 95px;\">\n<td style=\"width: 11.8927%; height: 95px;\">Type de sol<\/td>\n<td style=\"width: 7.61421%; height: 95px;\">Moyen \u00e0 fin<\/td>\n<\/tr>\n<tr style=\"height: 23px;\">\n<td style=\"width: 11.8927%; height: 23px;\">Environ graines\/lb <\/td>\n<td style=\"width: 7.61421%; height: 23px;\">2,500,000<\/td>\n<\/tr>\n<tr style=\"height: 23px;\">\n<td style=\"width: 11.8927%; height: 23px;\">Hauteur de la canop\u00e9e \u00e0 maturit\u00e9<\/td>\n<td style=\"width: 7.61421%; height: 23px;\">30-60 cm<\/td>\n<\/tr>\n<\/tbody>\n<\/table>\n<h3 style=\"text-align: center;\"><\/h3>\n","protected":false},"excerpt":{"rendered":"<ul>\n<li>Plante vivace de saison froide<\/li>\n<li>Pr\u00e9sente sur les rivages, dans les prairies humides des contreforts et dans les bois ouverts.<\/li>\n<li>Pousse dans des zones allant des bois montagnards ouverts aux altitudes alpines.<\/li>\n<\/ul>\n","protected":false},"featured_media":53586,"template":"","meta":{"_themeisle_gutenberg_block_has_review":false},"product_brand":[],"product_cat":[2216,2321],"product_tag":[],"class_list":{"0":"post-61793","1":"product","2":"type-product","3":"status-publish","4":"has-post-thumbnail","6":"product_cat-gazon-professionnel-et-remise-en-etat-fr","7":"product_cat-semences-indigenes-fr","9":"first","10":"instock","11":"shipping-taxable","12":"product-type-simple","13":"customify-col"},"_links":{"self":[{"href":"https:\/\/brettyoung.ca\/fr\/wp-json\/wp\/v2\/product\/61793","targetHints":{"allow":["GET"]}}],"collection":[{"href":"https:\/\/brettyoung.ca\/fr\/wp-json\/wp\/v2\/product"}],"about":[{"href":"https:\/\/brettyoung.ca\/fr\/wp-json\/wp\/v2\/types\/product"}],"wp:featuredmedia":[{"embeddable":true,"href":"https:\/\/brettyoung.ca\/fr\/wp-json\/wp\/v2\/media\/53586"}],"wp:attachment":[{"href":"https:\/\/brettyoung.ca\/fr\/wp-json\/wp\/v2\/media?parent=61793"}],"wp:term":[{"taxonomy":"product_brand","embeddable":true,"href":"https:\/\/brettyoung.ca\/fr\/wp-json\/wp\/v2\/product_brand?post=61793"},{"taxonomy":"product_cat","embeddable":true,"href":"https:\/\/brettyoung.ca\/fr\/wp-json\/wp\/v2\/product_cat?post=61793"},{"taxonomy":"product_tag","embeddable":true,"href":"https:\/\/brettyoung.ca\/fr\/wp-json\/wp\/v2\/product_tag?post=61793"}],"curies":[{"name":"wp","href":"https:\/\/api.w.org\/{rel}","templated":true}]}}