{"id":61792,"date":"2021-02-11T11:02:26","date_gmt":"2021-02-11T17:02:26","guid":{"rendered":"https:\/\/brettyoung.ca\/product\/haut-rouge\/"},"modified":"2025-01-21T15:04:47","modified_gmt":"2025-01-21T21:04:47","slug":"haut-rouge","status":"publish","type":"product","link":"https:\/\/brettyoung.ca\/fr\/product\/haut-rouge\/","title":{"rendered":"Haut rouge"},"content":{"rendered":"<table class=\"tableizer-table aligncenter\" style=\"height: 396px; width: 101.491%;\" width=\"1339\">\n<thead>\n<tr class=\"tableizer-firstrow\" style=\"height: 23px;\">\n<th style=\"width: 12.05%; height: 23px;\">Tableau des caract\u00e9ristiques<\/th>\n<td style=\"height: 23px; width: 7.71492%;\"><\/td>\n<\/tr>\n<\/thead>\n<tbody>\n<tr style=\"height: 23px;\">\n<td style=\"width: 12.05%; height: 23px;\">Mode de croissance<\/td>\n<td style=\"width: 7.71492%; height: 23px;\">Rhizomateux<\/td>\n<\/tr>\n<tr style=\"height: 23px;\">\n<td style=\"width: 12.05%; height: 23px;\">Tol\u00e9rance aux inondations<\/td>\n<td style=\"width: 7.71492%; height: 23px;\">Excellente<\/td>\n<\/tr>\n<tr style=\"height: 23px;\">\n<td style=\"width: 12.05%; height: 23px;\">Tol\u00e9rance \u00e0 la s\u00e9cheresse<\/td>\n<td style=\"width: 7.71492%; height: 23px;\">Faible<\/td>\n<\/tr>\n<tr style=\"height: 23px;\">\n<td style=\"width: 12.05%; height: 23px;\">Tol\u00e9rance au sel<\/td>\n<td style=\"width: 7.71492%; height: 23px;\">Juste<\/td>\n<\/tr>\n<tr style=\"height: 47px;\">\n<td style=\"width: 12.05%; height: 47px;\">PH du sol<\/td>\n<td style=\"width: 7.71492%; height: 47px;\">Acide ou neutre<\/td>\n<\/tr>\n<tr style=\"height: 95px;\">\n<td style=\"width: 12.05%; height: 95px;\">Type de sol<\/td>\n<td style=\"width: 7.71492%; height: 95px;\">Moyen \u00e0 fin<\/td>\n<\/tr>\n<tr style=\"height: 23px;\">\n<td style=\"width: 12.05%; height: 23px;\">Environ graines\/lb <\/td>\n<td style=\"width: 7.71492%; height: 23px;\">4,900,000<\/td>\n<\/tr>\n<tr style=\"height: 23px;\">\n<td style=\"width: 12.05%; height: 23px;\">Hauteur de la canop\u00e9e \u00e0 maturit\u00e9<\/td>\n<td style=\"width: 7.71492%; height: 23px;\">40-120 cm<\/td>\n<\/tr>\n<\/tbody>\n<\/table>\n<h3 style=\"text-align: center;\"><\/h3>\n","protected":false},"excerpt":{"rendered":"<ul>\n<li>Originaire d&rsquo;Europe, d&rsquo;Eurasie et d&rsquo;Afrique du Nord<\/li>\n<li>D\u00e9sormais largement distribu\u00e9 en Am\u00e9rique du Nord<\/li>\n<li>Commune dans les zones d\u00e9pressionnaires humides et les sites perturb\u00e9s<\/li>\n<\/ul>\n","protected":false},"featured_media":53639,"template":"","meta":{"_themeisle_gutenberg_block_has_review":false},"product_brand":[],"product_cat":[2216,2321],"product_tag":[],"class_list":{"0":"post-61792","1":"product","2":"type-product","3":"status-publish","4":"has-post-thumbnail","6":"product_cat-gazon-professionnel-et-remise-en-etat-fr","7":"product_cat-semences-indigenes-fr","9":"first","10":"instock","11":"shipping-taxable","12":"product-type-simple","13":"customify-col"},"_links":{"self":[{"href":"https:\/\/brettyoung.ca\/fr\/wp-json\/wp\/v2\/product\/61792","targetHints":{"allow":["GET"]}}],"collection":[{"href":"https:\/\/brettyoung.ca\/fr\/wp-json\/wp\/v2\/product"}],"about":[{"href":"https:\/\/brettyoung.ca\/fr\/wp-json\/wp\/v2\/types\/product"}],"wp:featuredmedia":[{"embeddable":true,"href":"https:\/\/brettyoung.ca\/fr\/wp-json\/wp\/v2\/media\/53639"}],"wp:attachment":[{"href":"https:\/\/brettyoung.ca\/fr\/wp-json\/wp\/v2\/media?parent=61792"}],"wp:term":[{"taxonomy":"product_brand","embeddable":true,"href":"https:\/\/brettyoung.ca\/fr\/wp-json\/wp\/v2\/product_brand?post=61792"},{"taxonomy":"product_cat","embeddable":true,"href":"https:\/\/brettyoung.ca\/fr\/wp-json\/wp\/v2\/product_cat?post=61792"},{"taxonomy":"product_tag","embeddable":true,"href":"https:\/\/brettyoung.ca\/fr\/wp-json\/wp\/v2\/product_tag?post=61792"}],"curies":[{"name":"wp","href":"https:\/\/api.w.org\/{rel}","templated":true}]}}