{"id":61791,"date":"2021-02-11T10:51:29","date_gmt":"2021-02-11T16:51:29","guid":{"rendered":"https:\/\/brettyoung.ca\/product\/herbe-aux-indiens\/"},"modified":"2025-06-25T13:35:04","modified_gmt":"2025-06-25T18:35:04","slug":"herbe-aux-indiens","status":"publish","type":"product","link":"https:\/\/brettyoung.ca\/fr\/product\/herbe-aux-indiens\/","title":{"rendered":"Herbe aux Indiens"},"content":{"rendered":"<table class=\"tableizer-table aligncenter\" style=\"height: 367px; width: 100.67%;\" width=\"1339\">\n<thead>\n<tr class=\"tableizer-firstrow\" style=\"height: 23px;\">\n<th style=\"width: 12.1481%; height: 23px;\">Tableau des caract\u00e9ristiques<\/th>\n<td style=\"height: 23px; width: 7.77778%;\"><\/td>\n<\/tr>\n<\/thead>\n<tbody>\n<tr style=\"height: 23px;\">\n<td style=\"width: 12.1481%; height: 23px;\">Mode de croissance<\/td>\n<td style=\"width: 7.77778%; height: 23px;\">Rhizomateux<\/td>\n<\/tr>\n<tr style=\"height: 23px;\">\n<td style=\"width: 12.1481%; height: 23px;\">Tol\u00e9rance aux inondations<\/td>\n<td style=\"width: 7.77778%; height: 23px;\">Bonne<\/td>\n<\/tr>\n<tr style=\"height: 23px;\">\n<td style=\"width: 12.1481%; height: 23px;\">Tol\u00e9rance \u00e0 la s\u00e9cheresse<\/td>\n<td style=\"width: 7.77778%; height: 23px;\">Bonne<\/td>\n<\/tr>\n<tr style=\"height: 23px;\">\n<td style=\"width: 12.1481%; height: 23px;\">Tol\u00e9rance au sel<\/td>\n<td style=\"width: 7.77778%; height: 23px;\">Bonne<\/td>\n<\/tr>\n<tr style=\"height: 47px;\">\n<td style=\"width: 12.1481%; height: 47px;\">PH du sol<\/td>\n<td style=\"width: 7.77778%; height: 47px;\">Neutre \u00e0 acide<\/td>\n<\/tr>\n<tr style=\"height: 95px;\">\n<td style=\"width: 12.1481%; height: 95px;\">Type de sol<\/td>\n<td style=\"width: 7.77778%; height: 95px;\">Grossier \u00e0 mod\u00e9r\u00e9ment fin<\/td>\n<\/tr>\n<tr style=\"height: 23px;\">\n<td style=\"width: 12.1481%; height: 23px;\">Environ graines\/lb <\/td>\n<td style=\"width: 7.77778%; height: 23px;\">170,000<\/td>\n<\/tr>\n<tr style=\"height: 23px;\">\n<td style=\"width: 12.1481%; height: 23px;\">Hauteur de la canop\u00e9e \u00e0 maturit\u00e9<\/td>\n<td style=\"width: 7.77778%; height: 23px;\">1-2m<\/td>\n<\/tr>\n<\/tbody>\n<\/table>\n<h3 style=\"text-align: center;\"><\/h3>\n","protected":false},"excerpt":{"rendered":"<ul>\n<li>Plante vivace de saison chaude<\/li>\n<li>Utilis\u00e9 pour la couverture des bords de route et sur les zones sujettes \u00e0 l&rsquo;\u00e9rosion \u00e9olienne<\/li>\n<li>P\u00e2tur\u00e9 par le b\u00e9tail et la faune sauvage<\/li>\n<\/ul>\n","protected":false},"featured_media":53628,"template":"","meta":{"_themeisle_gutenberg_block_has_review":false},"product_brand":[],"product_cat":[2216,2321],"product_tag":[],"class_list":{"0":"post-61791","1":"product","2":"type-product","3":"status-publish","4":"has-post-thumbnail","6":"product_cat-gazon-professionnel-et-remise-en-etat-fr","7":"product_cat-semences-indigenes-fr","9":"first","10":"instock","11":"shipping-taxable","12":"product-type-simple","13":"customify-col"},"_links":{"self":[{"href":"https:\/\/brettyoung.ca\/fr\/wp-json\/wp\/v2\/product\/61791","targetHints":{"allow":["GET"]}}],"collection":[{"href":"https:\/\/brettyoung.ca\/fr\/wp-json\/wp\/v2\/product"}],"about":[{"href":"https:\/\/brettyoung.ca\/fr\/wp-json\/wp\/v2\/types\/product"}],"wp:featuredmedia":[{"embeddable":true,"href":"https:\/\/brettyoung.ca\/fr\/wp-json\/wp\/v2\/media\/53628"}],"wp:attachment":[{"href":"https:\/\/brettyoung.ca\/fr\/wp-json\/wp\/v2\/media?parent=61791"}],"wp:term":[{"taxonomy":"product_brand","embeddable":true,"href":"https:\/\/brettyoung.ca\/fr\/wp-json\/wp\/v2\/product_brand?post=61791"},{"taxonomy":"product_cat","embeddable":true,"href":"https:\/\/brettyoung.ca\/fr\/wp-json\/wp\/v2\/product_cat?post=61791"},{"taxonomy":"product_tag","embeddable":true,"href":"https:\/\/brettyoung.ca\/fr\/wp-json\/wp\/v2\/product_tag?post=61791"}],"curies":[{"name":"wp","href":"https:\/\/api.w.org\/{rel}","templated":true}]}}