{"id":61788,"date":"2021-02-11T10:58:11","date_gmt":"2021-02-11T16:58:11","guid":{"rendered":"https:\/\/brettyoung.ca\/product\/herbe-a-la-puce-bluejoint-reedgrass\/"},"modified":"2025-01-21T15:04:10","modified_gmt":"2025-01-21T21:04:10","slug":"herbe-a-la-puce-bluejoint-reedgrass","status":"publish","type":"product","link":"https:\/\/brettyoung.ca\/fr\/product\/herbe-a-la-puce-bluejoint-reedgrass\/","title":{"rendered":"Herbe \u00e0 la puce (Bluejoint Reedgrass)"},"content":{"rendered":"<table class=\"tableizer-table aligncenter\" style=\"height: 382px; width: 102.089%;\" width=\"1339\">\n<thead>\n<tr class=\"tableizer-firstrow\" style=\"height: 23px;\">\n<th style=\"width: 12.4265%; height: 23px;\">Tableau des caract\u00e9ristiques<\/th>\n<td style=\"height: 23px; width: 7.35294%;\"><\/td>\n<\/tr>\n<\/thead>\n<tbody>\n<tr style=\"height: 23px;\">\n<td style=\"width: 12.4265%; height: 23px;\">Mode de croissance<\/td>\n<td style=\"width: 7.35294%; height: 23px;\">Rhizomateux<\/td>\n<\/tr>\n<tr style=\"height: 23px;\">\n<td style=\"width: 12.4265%; height: 23px;\">Tol\u00e9rance aux inondations<\/td>\n<td style=\"width: 7.35294%; height: 23px;\">Excellente<\/td>\n<\/tr>\n<tr style=\"height: 23px;\">\n<td style=\"width: 12.4265%; height: 23px;\">Tol\u00e9rance \u00e0 la s\u00e9cheresse<\/td>\n<td style=\"width: 7.35294%; height: 23px;\">Bonne<\/td>\n<\/tr>\n<tr style=\"height: 23px;\">\n<td style=\"width: 12.4265%; height: 23px;\">Tol\u00e9rance au sel<\/td>\n<td style=\"width: 7.35294%; height: 23px;\">Bonne<\/td>\n<\/tr>\n<tr style=\"height: 47px;\">\n<td style=\"width: 12.4265%; height: 47px;\">PH du sol<\/td>\n<td style=\"width: 7.35294%; height: 47px;\">Acide \u00e0 neutre<\/td>\n<\/tr>\n<tr style=\"height: 95px;\">\n<td style=\"width: 12.4265%; height: 95px;\">Type de sol<\/td>\n<td style=\"width: 7.35294%; height: 95px;\">Moyen \u00e0 mod\u00e9r\u00e9ment fin<\/td>\n<\/tr>\n<tr style=\"height: 23px;\">\n<td style=\"width: 12.4265%; height: 23px;\">Environ graines\/lb <\/td>\n<td style=\"width: 7.35294%; height: 23px;\">2,270,000<\/td>\n<\/tr>\n<tr style=\"height: 23px;\">\n<td style=\"width: 12.4265%; height: 23px;\">Hauteur de la canop\u00e9e \u00e0 maturit\u00e9<\/td>\n<td style=\"width: 7.35294%; height: 23px;\">Jusqu&rsquo;\u00e0 2 m<\/td>\n<\/tr>\n<\/tbody>\n<\/table>\n<h3 style=\"text-align: center;\"><\/h3>\n","protected":false},"excerpt":{"rendered":"<ul>\n<li>Se trouve dans les fourr\u00e9s humides \u00e0 mouill\u00e9s, les prairies, les berges des cours d&rsquo;eau, les rivages, les zones humides et les prairies.<\/li>\n<li>Originaire de la for\u00eat bor\u00e9ale<\/li>\n<li>Largement r\u00e9pandue sur les sites perturb\u00e9s tels que les bords de route, les champs abandonn\u00e9s, les chantiers forestiers, les sites forestiers exploit\u00e9s et les pistes de d\u00e9bardage.<\/li>\n<\/ul>\n","protected":false},"featured_media":53635,"template":"","meta":{"_themeisle_gutenberg_block_has_review":false},"product_brand":[],"product_cat":[2216,2321],"product_tag":[],"class_list":{"0":"post-61788","1":"product","2":"type-product","3":"status-publish","4":"has-post-thumbnail","6":"product_cat-gazon-professionnel-et-remise-en-etat-fr","7":"product_cat-semences-indigenes-fr","9":"first","10":"instock","11":"shipping-taxable","12":"product-type-simple","13":"customify-col"},"_links":{"self":[{"href":"https:\/\/brettyoung.ca\/fr\/wp-json\/wp\/v2\/product\/61788","targetHints":{"allow":["GET"]}}],"collection":[{"href":"https:\/\/brettyoung.ca\/fr\/wp-json\/wp\/v2\/product"}],"about":[{"href":"https:\/\/brettyoung.ca\/fr\/wp-json\/wp\/v2\/types\/product"}],"wp:featuredmedia":[{"embeddable":true,"href":"https:\/\/brettyoung.ca\/fr\/wp-json\/wp\/v2\/media\/53635"}],"wp:attachment":[{"href":"https:\/\/brettyoung.ca\/fr\/wp-json\/wp\/v2\/media?parent=61788"}],"wp:term":[{"taxonomy":"product_brand","embeddable":true,"href":"https:\/\/brettyoung.ca\/fr\/wp-json\/wp\/v2\/product_brand?post=61788"},{"taxonomy":"product_cat","embeddable":true,"href":"https:\/\/brettyoung.ca\/fr\/wp-json\/wp\/v2\/product_cat?post=61788"},{"taxonomy":"product_tag","embeddable":true,"href":"https:\/\/brettyoung.ca\/fr\/wp-json\/wp\/v2\/product_tag?post=61788"}],"curies":[{"name":"wp","href":"https:\/\/api.w.org\/{rel}","templated":true}]}}