{"id":61787,"date":"2021-02-11T10:41:20","date_gmt":"2021-02-11T16:41:20","guid":{"rendered":"https:\/\/brettyoung.ca\/product\/alcaligrade-de-nuttall\/"},"modified":"2025-01-21T15:04:06","modified_gmt":"2025-01-21T21:04:06","slug":"alcaligrade-de-nuttall","status":"publish","type":"product","link":"https:\/\/brettyoung.ca\/fr\/product\/alcaligrade-de-nuttall\/","title":{"rendered":"Alcaligrade de Nuttall"},"content":{"rendered":"<table class=\"tableizer-table aligncenter\" style=\"height: 375px; width: 102.313%;\" width=\"1339\">\n<thead>\n<tr class=\"tableizer-firstrow\" style=\"height: 23px;\">\n<th style=\"width: 11.9534%; height: 23px;\">Tableau des caract\u00e9ristiques<\/th>\n<td style=\"height: 23px; width: 7.65306%;\"><\/td>\n<\/tr>\n<\/thead>\n<tbody>\n<tr style=\"height: 23px;\">\n<td style=\"width: 11.9534%; height: 23px;\">Mode de croissance<\/td>\n<td style=\"width: 7.65306%; height: 23px;\">Rhizomateux<\/td>\n<\/tr>\n<tr style=\"height: 23px;\">\n<td style=\"width: 11.9534%; height: 23px;\">Tol\u00e9rance aux inondations<\/td>\n<td style=\"width: 7.65306%; height: 23px;\">Bonne<\/td>\n<\/tr>\n<tr style=\"height: 23px;\">\n<td style=\"width: 11.9534%; height: 23px;\">Tol\u00e9rance \u00e0 la s\u00e9cheresse<\/td>\n<td style=\"width: 7.65306%; height: 23px;\">Moyenne<\/td>\n<\/tr>\n<tr style=\"height: 23px;\">\n<td style=\"width: 11.9534%; height: 23px;\">Tol\u00e9rance au sel<\/td>\n<td style=\"width: 7.65306%; height: 23px;\">Excellente<\/td>\n<\/tr>\n<tr style=\"height: 47px;\">\n<td style=\"width: 11.9534%; height: 47px;\">PH du sol<\/td>\n<td style=\"width: 7.65306%; height: 47px;\">Basique \u00e0 neutre<\/td>\n<\/tr>\n<tr style=\"height: 95px;\">\n<td style=\"width: 11.9534%; height: 95px;\">Type de sol<\/td>\n<td style=\"width: 7.65306%; height: 95px;\">Mod\u00e9r\u00e9ment fin \u00e0 moyen<\/td>\n<\/tr>\n<tr style=\"height: 23px;\">\n<td style=\"width: 11.9534%; height: 23px;\">Environ graines\/lb <\/td>\n<td style=\"width: 7.65306%; height: 23px;\">2,700,000<\/td>\n<\/tr>\n<tr style=\"height: 23px;\">\n<td style=\"width: 11.9534%; height: 23px;\">Hauteur de la canop\u00e9e \u00e0 maturit\u00e9<\/td>\n<td style=\"width: 7.65306%; height: 23px;\">30-90 cm<\/td>\n<\/tr>\n<\/tbody>\n<\/table>\n<h3 style=\"text-align: center;\"><\/h3>\n","protected":false},"excerpt":{"rendered":"<ul>\n<li>Largement r\u00e9pandue de l&rsquo;Alaska \u00e0 l&rsquo;est du Canada jusqu&rsquo;au Groenland, et commune dans l&rsquo;ouest et le centre des \u00c9tats-Unis.<\/li>\n<li>Pr\u00e9sente dans les zones o\u00f9 les sols sont humides, alcalins ou salins.<\/li>\n<li>Pr\u00e9sente sur les bords des mar\u00e9cages et sur les rives<\/li>\n<\/ul>\n","protected":false},"featured_media":53620,"template":"","meta":{"_themeisle_gutenberg_block_has_review":false},"product_brand":[],"product_cat":[2216,2321],"product_tag":[],"class_list":{"0":"post-61787","1":"product","2":"type-product","3":"status-publish","4":"has-post-thumbnail","6":"product_cat-gazon-professionnel-et-remise-en-etat-fr","7":"product_cat-semences-indigenes-fr","9":"first","10":"instock","11":"shipping-taxable","12":"product-type-simple","13":"customify-col"},"_links":{"self":[{"href":"https:\/\/brettyoung.ca\/fr\/wp-json\/wp\/v2\/product\/61787","targetHints":{"allow":["GET"]}}],"collection":[{"href":"https:\/\/brettyoung.ca\/fr\/wp-json\/wp\/v2\/product"}],"about":[{"href":"https:\/\/brettyoung.ca\/fr\/wp-json\/wp\/v2\/types\/product"}],"wp:featuredmedia":[{"embeddable":true,"href":"https:\/\/brettyoung.ca\/fr\/wp-json\/wp\/v2\/media\/53620"}],"wp:attachment":[{"href":"https:\/\/brettyoung.ca\/fr\/wp-json\/wp\/v2\/media?parent=61787"}],"wp:term":[{"taxonomy":"product_brand","embeddable":true,"href":"https:\/\/brettyoung.ca\/fr\/wp-json\/wp\/v2\/product_brand?post=61787"},{"taxonomy":"product_cat","embeddable":true,"href":"https:\/\/brettyoung.ca\/fr\/wp-json\/wp\/v2\/product_cat?post=61787"},{"taxonomy":"product_tag","embeddable":true,"href":"https:\/\/brettyoung.ca\/fr\/wp-json\/wp\/v2\/product_tag?post=61787"}],"curies":[{"name":"wp","href":"https:\/\/api.w.org\/{rel}","templated":true}]}}