{"id":61784,"date":"2021-02-11T10:27:23","date_gmt":"2021-02-11T16:27:23","guid":{"rendered":"https:\/\/brettyoung.ca\/product\/fetuque-des-montagnes-rocheuses\/"},"modified":"2025-06-25T13:33:44","modified_gmt":"2025-06-25T18:33:44","slug":"fetuque-des-montagnes-rocheuses","status":"publish","type":"product","link":"https:\/\/brettyoung.ca\/fr\/product\/fetuque-des-montagnes-rocheuses\/","title":{"rendered":"F\u00e9tuque des montagnes Rocheuses"},"content":{"rendered":"<table class=\"tableizer-table aligncenter\" style=\"height: 382px; width: 101.193%;\" width=\"1339\">\n<thead>\n<tr class=\"tableizer-firstrow\" style=\"height: 23px;\">\n<th style=\"width: 12.0855%; height: 23px;\">Tableau des caract\u00e9ristiques<\/th>\n<td style=\"height: 23px; width: 7.73766%;\"><\/td>\n<\/tr>\n<\/thead>\n<tbody>\n<tr style=\"height: 23px;\">\n<td style=\"width: 12.0855%; height: 23px;\">Mode de croissance<\/td>\n<td style=\"width: 7.73766%; height: 23px;\">Herbe en grappe<\/td>\n<\/tr>\n<tr style=\"height: 23px;\">\n<td style=\"width: 12.0855%; height: 23px;\">Tol\u00e9rance aux inondations<\/td>\n<td style=\"width: 7.73766%; height: 23px;\">Faible<\/td>\n<\/tr>\n<tr style=\"height: 23px;\">\n<td style=\"width: 12.0855%; height: 23px;\">Tol\u00e9rance \u00e0 la s\u00e9cheresse<\/td>\n<td style=\"width: 7.73766%; height: 23px;\">Excellente<\/td>\n<\/tr>\n<tr style=\"height: 23px;\">\n<td style=\"width: 12.0855%; height: 23px;\">Tol\u00e9rance au sel<\/td>\n<td style=\"width: 7.73766%; height: 23px;\">Faible<\/td>\n<\/tr>\n<tr style=\"height: 47px;\">\n<td style=\"width: 12.0855%; height: 47px;\">PH du sol<\/td>\n<td style=\"width: 7.73766%; height: 47px;\">Neutre<\/td>\n<\/tr>\n<tr style=\"height: 95px;\">\n<td style=\"width: 12.0855%; height: 95px;\">Type de sol<\/td>\n<td style=\"width: 7.73766%; height: 95px;\">Grossier \u00e0 mod\u00e9r\u00e9ment fin<\/td>\n<\/tr>\n<tr style=\"height: 23px;\">\n<td style=\"width: 12.0855%; height: 23px;\">Environ graines\/lb <\/td>\n<td style=\"width: 7.73766%; height: 23px;\">475,000<\/td>\n<\/tr>\n<tr style=\"height: 23px;\">\n<td style=\"width: 12.0855%; height: 23px;\">Hauteur de la canop\u00e9e \u00e0 maturit\u00e9<\/td>\n<td style=\"width: 7.73766%; height: 23px;\">10-60 cm<\/td>\n<\/tr>\n<\/tbody>\n<\/table>\n<h3 style=\"text-align: center;\"><\/h3>\n","protected":false},"excerpt":{"rendered":"<ul>\n<li>Plante vivace de saison froide<\/li>\n<li>Bon pour le contr\u00f4le de l&rsquo;\u00e9rosion sur les sols sablonneux ou graveleux<\/li>\n<li>Germe rapidement<\/li>\n<\/ul>\n","protected":false},"featured_media":53614,"template":"","meta":{"_themeisle_gutenberg_block_has_review":false},"product_brand":[],"product_cat":[2216,2321],"product_tag":[],"class_list":{"0":"post-61784","1":"product","2":"type-product","3":"status-publish","4":"has-post-thumbnail","6":"product_cat-gazon-professionnel-et-remise-en-etat-fr","7":"product_cat-semences-indigenes-fr","9":"first","10":"instock","11":"shipping-taxable","12":"product-type-simple","13":"customify-col"},"_links":{"self":[{"href":"https:\/\/brettyoung.ca\/fr\/wp-json\/wp\/v2\/product\/61784","targetHints":{"allow":["GET"]}}],"collection":[{"href":"https:\/\/brettyoung.ca\/fr\/wp-json\/wp\/v2\/product"}],"about":[{"href":"https:\/\/brettyoung.ca\/fr\/wp-json\/wp\/v2\/types\/product"}],"wp:featuredmedia":[{"embeddable":true,"href":"https:\/\/brettyoung.ca\/fr\/wp-json\/wp\/v2\/media\/53614"}],"wp:attachment":[{"href":"https:\/\/brettyoung.ca\/fr\/wp-json\/wp\/v2\/media?parent=61784"}],"wp:term":[{"taxonomy":"product_brand","embeddable":true,"href":"https:\/\/brettyoung.ca\/fr\/wp-json\/wp\/v2\/product_brand?post=61784"},{"taxonomy":"product_cat","embeddable":true,"href":"https:\/\/brettyoung.ca\/fr\/wp-json\/wp\/v2\/product_cat?post=61784"},{"taxonomy":"product_tag","embeddable":true,"href":"https:\/\/brettyoung.ca\/fr\/wp-json\/wp\/v2\/product_tag?post=61784"}],"curies":[{"name":"wp","href":"https:\/\/api.w.org\/{rel}","templated":true}]}}