{"id":61783,"date":"2021-02-11T10:56:35","date_gmt":"2021-02-11T16:56:35","guid":{"rendered":"https:\/\/brettyoung.ca\/product\/le-panic-erige\/"},"modified":"2025-01-21T15:03:37","modified_gmt":"2025-01-21T21:03:37","slug":"le-panic-erige","status":"publish","type":"product","link":"https:\/\/brettyoung.ca\/fr\/product\/le-panic-erige\/","title":{"rendered":"Le panic \u00e9rig\u00e9"},"content":{"rendered":"<table class=\"tableizer-table aligncenter\" style=\"height: 372px; width: 103.06%;\" width=\"1339\">\n<thead>\n<tr class=\"tableizer-firstrow\" style=\"height: 23px;\">\n<th style=\"width: 11.8669%; height: 23px;\">Tableau des caract\u00e9ristiques<\/th>\n<td style=\"height: 23px; width: 7.59768%;\"><\/td>\n<\/tr>\n<\/thead>\n<tbody>\n<tr style=\"height: 23px;\">\n<td style=\"width: 11.8669%; height: 23px;\">Mode de croissance<\/td>\n<td style=\"width: 7.59768%; height: 23px;\">Rhizomateux<\/td>\n<\/tr>\n<tr style=\"height: 23px;\">\n<td style=\"width: 11.8669%; height: 23px;\">Tol\u00e9rance aux inondations<\/td>\n<td style=\"width: 7.59768%; height: 23px;\">Bonne<\/td>\n<\/tr>\n<tr style=\"height: 23px;\">\n<td style=\"width: 11.8669%; height: 23px;\">Tol\u00e9rance \u00e0 la s\u00e9cheresse<\/td>\n<td style=\"width: 7.59768%; height: 23px;\">Bonne<\/td>\n<\/tr>\n<tr style=\"height: 23px;\">\n<td style=\"width: 11.8669%; height: 23px;\">Tol\u00e9rance au sel<\/td>\n<td style=\"width: 7.59768%; height: 23px;\">Bonne<\/td>\n<\/tr>\n<tr style=\"height: 47px;\">\n<td style=\"width: 11.8669%; height: 47px;\">PH du sol<\/td>\n<td style=\"width: 7.59768%; height: 47px;\">Acide, Basique, Neutre<\/td>\n<\/tr>\n<tr style=\"height: 95px;\">\n<td style=\"width: 11.8669%; height: 95px;\">Type de sol<\/td>\n<td style=\"width: 7.59768%; height: 95px;\">Grossier \u00e0 mod\u00e9r\u00e9ment fin<\/td>\n<\/tr>\n<tr style=\"height: 23px;\">\n<td style=\"width: 11.8669%; height: 23px;\">Environ graines\/lb <\/td>\n<td style=\"width: 7.59768%; height: 23px;\">389,000<\/td>\n<\/tr>\n<tr style=\"height: 23px;\">\n<td style=\"width: 11.8669%; height: 23px;\">Hauteur de la canop\u00e9e \u00e0 maturit\u00e9<\/td>\n<td style=\"width: 7.59768%; height: 23px;\">Jusqu&rsquo;\u00e0 2,5 m<\/td>\n<\/tr>\n<\/tbody>\n<\/table>\n<h3 style=\"text-align: center;\"><\/h3>\n","protected":false},"excerpt":{"rendered":"<ul>\n<li>Esp\u00e8ce dominante dans les prairies \u00e0 hautes herbes<\/li>\n<li>Pousse bien dans une vari\u00e9t\u00e9 de types de sol, \u00e0 l&rsquo;exception des sols humides.<\/li>\n<li>Pousse le long des routes o\u00f9 l&rsquo;humidit\u00e9 est pr\u00e9sente<\/li>\n<\/ul>\n","protected":false},"featured_media":53634,"template":"","meta":{"_themeisle_gutenberg_block_has_review":false},"product_brand":[],"product_cat":[2216,2321],"product_tag":[],"class_list":{"0":"post-61783","1":"product","2":"type-product","3":"status-publish","4":"has-post-thumbnail","6":"product_cat-gazon-professionnel-et-remise-en-etat-fr","7":"product_cat-semences-indigenes-fr","9":"first","10":"instock","11":"shipping-taxable","12":"product-type-simple","13":"customify-col"},"_links":{"self":[{"href":"https:\/\/brettyoung.ca\/fr\/wp-json\/wp\/v2\/product\/61783","targetHints":{"allow":["GET"]}}],"collection":[{"href":"https:\/\/brettyoung.ca\/fr\/wp-json\/wp\/v2\/product"}],"about":[{"href":"https:\/\/brettyoung.ca\/fr\/wp-json\/wp\/v2\/types\/product"}],"wp:featuredmedia":[{"embeddable":true,"href":"https:\/\/brettyoung.ca\/fr\/wp-json\/wp\/v2\/media\/53634"}],"wp:attachment":[{"href":"https:\/\/brettyoung.ca\/fr\/wp-json\/wp\/v2\/media?parent=61783"}],"wp:term":[{"taxonomy":"product_brand","embeddable":true,"href":"https:\/\/brettyoung.ca\/fr\/wp-json\/wp\/v2\/product_brand?post=61783"},{"taxonomy":"product_cat","embeddable":true,"href":"https:\/\/brettyoung.ca\/fr\/wp-json\/wp\/v2\/product_cat?post=61783"},{"taxonomy":"product_tag","embeddable":true,"href":"https:\/\/brettyoung.ca\/fr\/wp-json\/wp\/v2\/product_tag?post=61783"}],"curies":[{"name":"wp","href":"https:\/\/api.w.org\/{rel}","templated":true}]}}