{"id":61782,"date":"2021-02-11T10:48:04","date_gmt":"2021-02-11T16:48:04","guid":{"rendered":"https:\/\/brettyoung.ca\/product\/grasset-bleu\/"},"modified":"2025-01-21T15:04:09","modified_gmt":"2025-01-21T21:04:09","slug":"grasset-bleu","status":"publish","type":"product","link":"https:\/\/brettyoung.ca\/fr\/product\/grasset-bleu\/","title":{"rendered":"Grasset bleu"},"content":{"rendered":"<table class=\"tableizer-table aligncenter\" style=\"height: 391px; width: 102.089%;\" width=\"1339\">\n<thead>\n<tr class=\"tableizer-firstrow\" style=\"height: 23px;\">\n<th style=\"width: 11.9795%; height: 23px;\">Tableau des caract\u00e9ristiques<\/th>\n<td style=\"height: 23px; width: 7.66983%;\"><\/td>\n<\/tr>\n<\/thead>\n<tbody>\n<tr style=\"height: 23px;\">\n<td style=\"width: 11.9795%; height: 23px;\">Mode de croissance<\/td>\n<td style=\"width: 7.66983%; height: 23px;\">Bunchgrass \u00e0<br \/>\nRhizomateux<\/td>\n<\/tr>\n<tr style=\"height: 23px;\">\n<td style=\"width: 11.9795%; height: 23px;\">Tol\u00e9rance aux inondations<\/td>\n<td style=\"width: 7.66983%; height: 23px;\">Faible<\/td>\n<\/tr>\n<tr style=\"height: 23px;\">\n<td style=\"width: 11.9795%; height: 23px;\">Tol\u00e9rance \u00e0 la s\u00e9cheresse<\/td>\n<td style=\"width: 7.66983%; height: 23px;\">Excellente<\/td>\n<\/tr>\n<tr style=\"height: 23px;\">\n<td style=\"width: 11.9795%; height: 23px;\">Tol\u00e9rance au sel<\/td>\n<td style=\"width: 7.66983%; height: 23px;\">Juste<\/td>\n<\/tr>\n<tr style=\"height: 47px;\">\n<td style=\"width: 11.9795%; height: 47px;\">PH du sol<\/td>\n<td style=\"width: 7.66983%; height: 47px;\">Neutre \u00e0 basique<\/td>\n<\/tr>\n<tr style=\"height: 95px;\">\n<td style=\"width: 11.9795%; height: 95px;\">Type de sol<\/td>\n<td style=\"width: 7.66983%; height: 95px;\">Moyen \u00e0 mod\u00e9r\u00e9ment fin<\/td>\n<\/tr>\n<tr style=\"height: 23px;\">\n<td style=\"width: 11.9795%; height: 23px;\">Environ graines\/lb <\/td>\n<td style=\"width: 7.66983%; height: 23px;\">825,000<\/td>\n<\/tr>\n<tr style=\"height: 23px;\">\n<td style=\"width: 11.9795%; height: 23px;\">Hauteur de la canop\u00e9e \u00e0 maturit\u00e9<\/td>\n<td style=\"width: 7.66983%; height: 23px;\">10-40 cm<\/td>\n<\/tr>\n<\/tbody>\n<\/table>\n<h3 style=\"text-align: center;\"><\/h3>\n","protected":false},"excerpt":{"rendered":"<ul>\n<li>Pr\u00e9sente dans les prairies s\u00e8ches et les terres hautes minces et sales.<\/li>\n<li>Commune dans les prairies mixtes s\u00e8ches<\/li>\n<li>Occasionnellement trouv\u00e9 dans des sites plus secs dans les r\u00e9gions des contreforts et des parcs.<\/li>\n<\/ul>\n","protected":false},"featured_media":53624,"template":"","meta":{"_themeisle_gutenberg_block_has_review":false},"product_brand":[],"product_cat":[2216,2321],"product_tag":[],"class_list":{"0":"post-61782","1":"product","2":"type-product","3":"status-publish","4":"has-post-thumbnail","6":"product_cat-gazon-professionnel-et-remise-en-etat-fr","7":"product_cat-semences-indigenes-fr","9":"first","10":"instock","11":"shipping-taxable","12":"product-type-simple","13":"customify-col"},"_links":{"self":[{"href":"https:\/\/brettyoung.ca\/fr\/wp-json\/wp\/v2\/product\/61782","targetHints":{"allow":["GET"]}}],"collection":[{"href":"https:\/\/brettyoung.ca\/fr\/wp-json\/wp\/v2\/product"}],"about":[{"href":"https:\/\/brettyoung.ca\/fr\/wp-json\/wp\/v2\/types\/product"}],"wp:featuredmedia":[{"embeddable":true,"href":"https:\/\/brettyoung.ca\/fr\/wp-json\/wp\/v2\/media\/53624"}],"wp:attachment":[{"href":"https:\/\/brettyoung.ca\/fr\/wp-json\/wp\/v2\/media?parent=61782"}],"wp:term":[{"taxonomy":"product_brand","embeddable":true,"href":"https:\/\/brettyoung.ca\/fr\/wp-json\/wp\/v2\/product_brand?post=61782"},{"taxonomy":"product_cat","embeddable":true,"href":"https:\/\/brettyoung.ca\/fr\/wp-json\/wp\/v2\/product_cat?post=61782"},{"taxonomy":"product_tag","embeddable":true,"href":"https:\/\/brettyoung.ca\/fr\/wp-json\/wp\/v2\/product_tag?post=61782"}],"curies":[{"name":"wp","href":"https:\/\/api.w.org\/{rel}","templated":true}]}}