{"id":61777,"date":"2021-02-11T10:55:05","date_gmt":"2021-02-11T16:55:05","guid":{"rendered":"https:\/\/brettyoung.ca\/product\/sideoats-grama\/"},"modified":"2025-01-21T15:03:05","modified_gmt":"2025-01-21T21:03:05","slug":"sideoats-grama","status":"publish","type":"product","link":"https:\/\/brettyoung.ca\/fr\/product\/sideoats-grama\/","title":{"rendered":"Sideoats Grama"},"content":{"rendered":"<table class=\"tableizer-table aligncenter\" style=\"height: 409px; width: 101.566%;\" width=\"1339\">\n<thead>\n<tr class=\"tableizer-firstrow\" style=\"height: 23px;\">\n<th style=\"width: 12.0411%; height: 23px;\">Tableau des caract\u00e9ristiques<\/th>\n<td style=\"height: 23px; width: 7.70925%;\"><\/td>\n<\/tr>\n<\/thead>\n<tbody>\n<tr style=\"height: 23px;\">\n<td style=\"width: 12.0411%; height: 23px;\">Mode de croissance<\/td>\n<td style=\"width: 7.70925%; height: 23px;\">De gramin\u00e9e \u00e0 rhizomateuse<\/td>\n<\/tr>\n<tr style=\"height: 23px;\">\n<td style=\"width: 12.0411%; height: 23px;\">Tol\u00e9rance aux inondations<\/td>\n<td style=\"width: 7.70925%; height: 23px;\">Bonne<\/td>\n<\/tr>\n<tr style=\"height: 23px;\">\n<td style=\"width: 12.0411%; height: 23px;\">Tol\u00e9rance \u00e0 la s\u00e9cheresse<\/td>\n<td style=\"width: 7.70925%; height: 23px;\">Bonne<\/td>\n<\/tr>\n<tr style=\"height: 23px;\">\n<td style=\"width: 12.0411%; height: 23px;\">Tol\u00e9rance au sel<\/td>\n<td style=\"width: 7.70925%; height: 23px;\">Bonne<\/td>\n<\/tr>\n<tr style=\"height: 47px;\">\n<td style=\"width: 12.0411%; height: 47px;\">PH du sol<\/td>\n<td style=\"width: 7.70925%; height: 47px;\">Basique \u00e0 neutre<\/td>\n<\/tr>\n<tr style=\"height: 95px;\">\n<td style=\"width: 12.0411%; height: 95px;\">Type de sol<\/td>\n<td style=\"width: 7.70925%; height: 95px;\">Mod\u00e9r\u00e9ment grossier \u00e0 mod\u00e9r\u00e9ment fin<\/td>\n<\/tr>\n<tr style=\"height: 23px;\">\n<td style=\"width: 12.0411%; height: 23px;\">Environ graines\/lb <\/td>\n<td style=\"width: 7.70925%; height: 23px;\">191,000<\/td>\n<\/tr>\n<tr style=\"height: 23px;\">\n<td style=\"width: 12.0411%; height: 23px;\">Hauteur de la canop\u00e9e \u00e0 maturit\u00e9<\/td>\n<td style=\"width: 7.70925%; height: 23px;\">30-90 cm<\/td>\n<\/tr>\n<\/tbody>\n<\/table>\n<h3 style=\"text-align: center;\"><\/h3>\n","protected":false},"excerpt":{"rendered":"<ul>\n<li>Pousse bien sur les plateaux montagneux, les pentes rocheuses et les plaines sablonneuses.<\/li>\n<li>Pr\u00e9sente dans tout le centre-sud du Canada, aux \u00c9tats-Unis, au Mexique et jusqu&rsquo;en Am\u00e9rique du Sud.<\/li>\n<li>Commun dans les prairies, les broussailles ouvertes, les ouvertures foresti\u00e8res et les pentes rocheuses.<\/li>\n<\/ul>\n","protected":false},"featured_media":53633,"template":"","meta":{"_themeisle_gutenberg_block_has_review":false},"product_brand":[],"product_cat":[2216,2321],"product_tag":[],"class_list":{"0":"post-61777","1":"product","2":"type-product","3":"status-publish","4":"has-post-thumbnail","6":"product_cat-gazon-professionnel-et-remise-en-etat-fr","7":"product_cat-semences-indigenes-fr","9":"first","10":"instock","11":"shipping-taxable","12":"product-type-simple","13":"customify-col"},"_links":{"self":[{"href":"https:\/\/brettyoung.ca\/fr\/wp-json\/wp\/v2\/product\/61777","targetHints":{"allow":["GET"]}}],"collection":[{"href":"https:\/\/brettyoung.ca\/fr\/wp-json\/wp\/v2\/product"}],"about":[{"href":"https:\/\/brettyoung.ca\/fr\/wp-json\/wp\/v2\/types\/product"}],"wp:featuredmedia":[{"embeddable":true,"href":"https:\/\/brettyoung.ca\/fr\/wp-json\/wp\/v2\/media\/53633"}],"wp:attachment":[{"href":"https:\/\/brettyoung.ca\/fr\/wp-json\/wp\/v2\/media?parent=61777"}],"wp:term":[{"taxonomy":"product_brand","embeddable":true,"href":"https:\/\/brettyoung.ca\/fr\/wp-json\/wp\/v2\/product_brand?post=61777"},{"taxonomy":"product_cat","embeddable":true,"href":"https:\/\/brettyoung.ca\/fr\/wp-json\/wp\/v2\/product_cat?post=61777"},{"taxonomy":"product_tag","embeddable":true,"href":"https:\/\/brettyoung.ca\/fr\/wp-json\/wp\/v2\/product_tag?post=61777"}],"curies":[{"name":"wp","href":"https:\/\/api.w.org\/{rel}","templated":true}]}}