{"id":61776,"date":"2021-02-11T10:44:51","date_gmt":"2021-02-11T16:44:51","guid":{"rendered":"https:\/\/brettyoung.ca\/product\/grand-trefle\/"},"modified":"2025-01-21T15:04:07","modified_gmt":"2025-01-21T21:04:07","slug":"grand-trefle","status":"publish","type":"product","link":"https:\/\/brettyoung.ca\/fr\/product\/grand-trefle\/","title":{"rendered":"Grand tr\u00e8fle"},"content":{"rendered":"<table class=\"tableizer-table aligncenter\" style=\"height: 373px; width: 102.463%;\" width=\"1339\">\n<thead>\n<tr class=\"tableizer-firstrow\" style=\"height: 23px;\">\n<th style=\"width: 11.936%; height: 23px;\">Tableau des caract\u00e9ristiques<\/th>\n<td style=\"height: 23px; width: 7.64192%;\"><\/td>\n<\/tr>\n<\/thead>\n<tbody>\n<tr style=\"height: 23px;\">\n<td style=\"width: 11.936%; height: 23px;\">Mode de croissance<\/td>\n<td style=\"width: 7.64192%; height: 23px;\">Herbe en grappe<\/td>\n<\/tr>\n<tr style=\"height: 23px;\">\n<td style=\"width: 11.936%; height: 23px;\">Tol\u00e9rance aux inondations<\/td>\n<td style=\"width: 7.64192%; height: 23px;\">Excellente<\/td>\n<\/tr>\n<tr style=\"height: 23px;\">\n<td style=\"width: 11.936%; height: 23px;\">Tol\u00e9rance \u00e0 la s\u00e9cheresse<\/td>\n<td style=\"width: 7.64192%; height: 23px;\">Bonne<\/td>\n<\/tr>\n<tr style=\"height: 23px;\">\n<td style=\"width: 11.936%; height: 23px;\">Tol\u00e9rance au sel<\/td>\n<td style=\"width: 7.64192%; height: 23px;\">Juste<\/td>\n<\/tr>\n<tr style=\"height: 47px;\">\n<td style=\"width: 11.936%; height: 47px;\">PH du sol<\/td>\n<td style=\"width: 7.64192%; height: 47px;\">Neutre \u00e0 basique<\/td>\n<\/tr>\n<tr style=\"height: 95px;\">\n<td style=\"width: 11.936%; height: 95px;\">Type de sol<\/td>\n<td style=\"width: 7.64192%; height: 95px;\">Mod\u00e9r\u00e9ment grossier \u00e0 mod\u00e9r\u00e9ment fin<\/td>\n<\/tr>\n<tr style=\"height: 23px;\">\n<td style=\"width: 11.936%; height: 23px;\">Environ graines\/lb <\/td>\n<td style=\"width: 7.64192%; height: 23px;\">130,000<\/td>\n<\/tr>\n<tr style=\"height: 23px;\">\n<td style=\"width: 11.936%; height: 23px;\">Hauteur de la canop\u00e9e \u00e0 maturit\u00e9<\/td>\n<td style=\"width: 7.64192%; height: 23px;\">1-3m<\/td>\n<\/tr>\n<\/tbody>\n<\/table>\n<h3 style=\"text-align: center;\"><\/h3>\n","protected":false},"excerpt":{"rendered":"<ul>\n<li>Pr\u00e9sente dans les prairies \u00e0 herbes courtes jusqu&rsquo;aux plaines c\u00f4ti\u00e8res<\/li>\n<li>Peut tol\u00e9rer une grande vari\u00e9t\u00e9 de sols bien drain\u00e9s.<\/li>\n<li>Se comporte g\u00e9n\u00e9ralement bien sur les sols peu fertiles.<\/li>\n<\/ul>\n","protected":false},"featured_media":53623,"template":"","meta":{"_themeisle_gutenberg_block_has_review":false},"product_brand":[],"product_cat":[2216,2321],"product_tag":[],"class_list":{"0":"post-61776","1":"product","2":"type-product","3":"status-publish","4":"has-post-thumbnail","6":"product_cat-gazon-professionnel-et-remise-en-etat-fr","7":"product_cat-semences-indigenes-fr","9":"first","10":"instock","11":"shipping-taxable","12":"product-type-simple","13":"customify-col"},"_links":{"self":[{"href":"https:\/\/brettyoung.ca\/fr\/wp-json\/wp\/v2\/product\/61776","targetHints":{"allow":["GET"]}}],"collection":[{"href":"https:\/\/brettyoung.ca\/fr\/wp-json\/wp\/v2\/product"}],"about":[{"href":"https:\/\/brettyoung.ca\/fr\/wp-json\/wp\/v2\/types\/product"}],"wp:featuredmedia":[{"embeddable":true,"href":"https:\/\/brettyoung.ca\/fr\/wp-json\/wp\/v2\/media\/53623"}],"wp:attachment":[{"href":"https:\/\/brettyoung.ca\/fr\/wp-json\/wp\/v2\/media?parent=61776"}],"wp:term":[{"taxonomy":"product_brand","embeddable":true,"href":"https:\/\/brettyoung.ca\/fr\/wp-json\/wp\/v2\/product_brand?post=61776"},{"taxonomy":"product_cat","embeddable":true,"href":"https:\/\/brettyoung.ca\/fr\/wp-json\/wp\/v2\/product_cat?post=61776"},{"taxonomy":"product_tag","embeddable":true,"href":"https:\/\/brettyoung.ca\/fr\/wp-json\/wp\/v2\/product_tag?post=61776"}],"curies":[{"name":"wp","href":"https:\/\/api.w.org\/{rel}","templated":true}]}}