{"id":61774,"date":"2021-02-11T11:11:17","date_gmt":"2021-02-11T17:11:17","guid":{"rendered":"https:\/\/brettyoung.ca\/product\/agropyre-a-feuilles-etroites\/"},"modified":"2025-06-25T13:33:43","modified_gmt":"2025-06-25T18:33:43","slug":"agropyre-a-feuilles-etroites","status":"publish","type":"product","link":"https:\/\/brettyoung.ca\/fr\/product\/agropyre-a-feuilles-etroites\/","title":{"rendered":"Agropyre \u00e0 feuilles \u00e9troites"},"content":{"rendered":"<table class=\"tableizer-table aligncenter\" style=\"height: 302px; width: 99.7008%;\" width=\"1339\">\n<thead>\n<tr class=\"tableizer-firstrow\" style=\"height: 23px;\">\n<th style=\"width: 12.2663%; height: 23px;\">Tableau des caract\u00e9ristiques<\/th>\n<td style=\"height: 23px; width: 7.8534%;\"><\/td>\n<\/tr>\n<\/thead>\n<tbody>\n<tr>\n<td style=\"width: 12.2663%;\">Mode de croissance<\/td>\n<td style=\"width: 7.8534%;\">Herbe en grappe<\/td>\n<\/tr>\n<tr>\n<td style=\"width: 12.2663%;\">Tol\u00e9rance aux inondations<\/td>\n<td style=\"width: 7.8534%;\">Bonne<\/td>\n<\/tr>\n<tr>\n<td style=\"width: 12.2663%;\">Tol\u00e9rance \u00e0 la s\u00e9cheresse<\/td>\n<td style=\"width: 7.8534%;\">Bonne<\/td>\n<\/tr>\n<tr>\n<td style=\"width: 12.2663%;\">Tol\u00e9rance au sel<\/td>\n<td style=\"width: 7.8534%;\">Bonne<\/td>\n<\/tr>\n<tr>\n<td style=\"width: 12.2663%;\">PH du sol<\/td>\n<td style=\"width: 7.8534%;\">Salin \u00e0 alcalin<\/td>\n<\/tr>\n<tr>\n<td style=\"width: 12.2663%;\">Type de sol<\/td>\n<td style=\"width: 7.8534%;\">Moyen<\/td>\n<\/tr>\n<tr>\n<td style=\"width: 12.2663%;\">Environ graines\/lb <\/td>\n<td style=\"width: 7.8534%;\">112,000<\/td>\n<\/tr>\n<tr>\n<td style=\"width: 12.2663%;\">Hauteur de la canop\u00e9e \u00e0 maturit\u00e9<\/td>\n<td style=\"width: 7.8534%;\"> 50-100 cm<\/td>\n<\/tr>\n<\/tbody>\n<\/table>\n<h3 style=\"text-align: center;\"><\/h3>\n","protected":false},"excerpt":{"rendered":"<ul>\n<li>Fr\u00e9quente dans les parcs, les r\u00e9gions montagneuses et les contreforts.<\/li>\n<li>Pr\u00e9sente dans les sols de meilleure qualit\u00e9 et sur les sites humides de la r\u00e9gion des prairies.<\/li>\n<li>Mieux adapt\u00e9 aux sols humides, bien drain\u00e9s, non alcalins et limoneux.<\/li>\n<\/ul>\n","protected":false},"featured_media":53646,"template":"","meta":{"_themeisle_gutenberg_block_has_review":false},"product_brand":[],"product_cat":[2216,2321],"product_tag":[],"class_list":{"0":"post-61774","1":"product","2":"type-product","3":"status-publish","4":"has-post-thumbnail","6":"product_cat-gazon-professionnel-et-remise-en-etat-fr","7":"product_cat-semences-indigenes-fr","9":"first","10":"instock","11":"shipping-taxable","12":"product-type-simple","13":"customify-col"},"_links":{"self":[{"href":"https:\/\/brettyoung.ca\/fr\/wp-json\/wp\/v2\/product\/61774","targetHints":{"allow":["GET"]}}],"collection":[{"href":"https:\/\/brettyoung.ca\/fr\/wp-json\/wp\/v2\/product"}],"about":[{"href":"https:\/\/brettyoung.ca\/fr\/wp-json\/wp\/v2\/types\/product"}],"wp:featuredmedia":[{"embeddable":true,"href":"https:\/\/brettyoung.ca\/fr\/wp-json\/wp\/v2\/media\/53646"}],"wp:attachment":[{"href":"https:\/\/brettyoung.ca\/fr\/wp-json\/wp\/v2\/media?parent=61774"}],"wp:term":[{"taxonomy":"product_brand","embeddable":true,"href":"https:\/\/brettyoung.ca\/fr\/wp-json\/wp\/v2\/product_brand?post=61774"},{"taxonomy":"product_cat","embeddable":true,"href":"https:\/\/brettyoung.ca\/fr\/wp-json\/wp\/v2\/product_cat?post=61774"},{"taxonomy":"product_tag","embeddable":true,"href":"https:\/\/brettyoung.ca\/fr\/wp-json\/wp\/v2\/product_tag?post=61774"}],"curies":[{"name":"wp","href":"https:\/\/api.w.org\/{rel}","templated":true}]}}