{"id":61773,"date":"2021-02-11T10:52:59","date_gmt":"2021-02-11T16:52:59","guid":{"rendered":"https:\/\/brettyoung.ca\/product\/petit-trefle\/"},"modified":"2025-01-21T15:02:36","modified_gmt":"2025-01-21T21:02:36","slug":"petit-trefle","status":"publish","type":"product","link":"https:\/\/brettyoung.ca\/fr\/product\/petit-trefle\/","title":{"rendered":"Petit tr\u00e8fle"},"content":{"rendered":"<table class=\"tableizer-table aligncenter\" style=\"height: 372px; width: 101.716%;\" width=\"1339\">\n<thead>\n<tr class=\"tableizer-firstrow\" style=\"height: 23px;\">\n<th style=\"width: 12.0235%; height: 23px;\">Tableau des caract\u00e9ristiques<\/th>\n<td style=\"height: 23px; width: 7.69795%;\"><\/td>\n<\/tr>\n<\/thead>\n<tbody>\n<tr style=\"height: 23px;\">\n<td style=\"width: 12.0235%; height: 23px;\">Mode de croissance<\/td>\n<td style=\"width: 7.69795%; height: 23px;\">Herbe en grappe<\/td>\n<\/tr>\n<tr style=\"height: 23px;\">\n<td style=\"width: 12.0235%; height: 23px;\">Tol\u00e9rance aux inondations<\/td>\n<td style=\"width: 7.69795%; height: 23px;\">Faible<\/td>\n<\/tr>\n<tr style=\"height: 23px;\">\n<td style=\"width: 12.0235%; height: 23px;\">Tol\u00e9rance \u00e0 la s\u00e9cheresse<\/td>\n<td style=\"width: 7.69795%; height: 23px;\">Bonne<\/td>\n<\/tr>\n<tr style=\"height: 23px;\">\n<td style=\"width: 12.0235%; height: 23px;\">Tol\u00e9rance au sel<\/td>\n<td style=\"width: 7.69795%; height: 23px;\">Bonne<\/td>\n<\/tr>\n<tr style=\"height: 47px;\">\n<td style=\"width: 12.0235%; height: 47px;\">PH du sol<\/td>\n<td style=\"width: 7.69795%; height: 47px;\">Neutre, Basique, Acide<\/td>\n<\/tr>\n<tr style=\"height: 95px;\">\n<td style=\"width: 12.0235%; height: 95px;\">Type de sol<\/td>\n<td style=\"width: 7.69795%; height: 95px;\">Grossier \u00e0 mod\u00e9r\u00e9ment fin<\/td>\n<\/tr>\n<tr style=\"height: 23px;\">\n<td style=\"width: 12.0235%; height: 23px;\">Environ graines\/lb <\/td>\n<td style=\"width: 7.69795%; height: 23px;\">260,000<\/td>\n<\/tr>\n<tr style=\"height: 23px;\">\n<td style=\"width: 12.0235%; height: 23px;\">Hauteur de la canop\u00e9e \u00e0 maturit\u00e9<\/td>\n<td style=\"width: 7.69795%; height: 23px;\">45-60 cm<\/td>\n<\/tr>\n<\/tbody>\n<\/table>\n<h3 style=\"text-align: center;\"><\/h3>\n","protected":false},"excerpt":{"rendered":"<ul>\n<li>Trouv\u00e9 dans les prairies, dans des terrains secs, souvent sablonneux, avec une nappe phr\u00e9atique \u00e9lev\u00e9e.<\/li>\n<li>Pousse sur les pentes expos\u00e9es au sud<\/li>\n<li>Adapt\u00e9 \u00e0 une large gamme de sols<\/li>\n<\/ul>\n","protected":false},"featured_media":53630,"template":"","meta":{"_themeisle_gutenberg_block_has_review":false},"product_brand":[],"product_cat":[2216,2321],"product_tag":[],"class_list":{"0":"post-61773","1":"product","2":"type-product","3":"status-publish","4":"has-post-thumbnail","6":"product_cat-gazon-professionnel-et-remise-en-etat-fr","7":"product_cat-semences-indigenes-fr","9":"first","10":"instock","11":"shipping-taxable","12":"product-type-simple","13":"customify-col"},"_links":{"self":[{"href":"https:\/\/brettyoung.ca\/fr\/wp-json\/wp\/v2\/product\/61773","targetHints":{"allow":["GET"]}}],"collection":[{"href":"https:\/\/brettyoung.ca\/fr\/wp-json\/wp\/v2\/product"}],"about":[{"href":"https:\/\/brettyoung.ca\/fr\/wp-json\/wp\/v2\/types\/product"}],"wp:featuredmedia":[{"embeddable":true,"href":"https:\/\/brettyoung.ca\/fr\/wp-json\/wp\/v2\/media\/53630"}],"wp:attachment":[{"href":"https:\/\/brettyoung.ca\/fr\/wp-json\/wp\/v2\/media?parent=61773"}],"wp:term":[{"taxonomy":"product_brand","embeddable":true,"href":"https:\/\/brettyoung.ca\/fr\/wp-json\/wp\/v2\/product_brand?post=61773"},{"taxonomy":"product_cat","embeddable":true,"href":"https:\/\/brettyoung.ca\/fr\/wp-json\/wp\/v2\/product_cat?post=61773"},{"taxonomy":"product_tag","embeddable":true,"href":"https:\/\/brettyoung.ca\/fr\/wp-json\/wp\/v2\/product_tag?post=61773"}],"curies":[{"name":"wp","href":"https:\/\/api.w.org\/{rel}","templated":true}]}}