{"id":61771,"date":"2021-02-11T11:25:49","date_gmt":"2021-02-11T17:25:49","guid":{"rendered":"https:\/\/brettyoung.ca\/product\/herbe-de-ble-intermediaire\/"},"modified":"2025-01-21T15:02:21","modified_gmt":"2025-01-21T21:02:21","slug":"herbe-de-ble-intermediaire","status":"publish","type":"product","link":"https:\/\/brettyoung.ca\/fr\/product\/herbe-de-ble-intermediaire\/","title":{"rendered":"Herbe de bl\u00e9 interm\u00e9diaire"},"content":{"rendered":"<table class=\"tableizer-table aligncenter\" style=\"height: 379px; width: 100.075%;\" width=\"1339\">\n<thead>\n<tr class=\"tableizer-firstrow\" style=\"height: 23px;\">\n<th style=\"width: 12.2754%; height: 23px;\">Tableau des caract\u00e9ristiques<\/th>\n<td style=\"height: 23px; width: 7.85928%;\"><\/td>\n<\/tr>\n<\/thead>\n<tbody>\n<tr style=\"height: 23px;\">\n<td style=\"width: 12.2754%; height: 23px;\">Mode de croissance<\/td>\n<td style=\"width: 7.85928%; height: 23px;\">Rhizomateux<\/td>\n<\/tr>\n<tr style=\"height: 23px;\">\n<td style=\"width: 12.2754%; height: 23px;\">Tol\u00e9rance aux inondations<\/td>\n<td style=\"width: 7.85928%; height: 23px;\">Juste<\/td>\n<\/tr>\n<tr style=\"height: 23px;\">\n<td style=\"width: 12.2754%; height: 23px;\">Tol\u00e9rance \u00e0 la s\u00e9cheresse<\/td>\n<td style=\"width: 7.85928%; height: 23px;\">Bonne<\/td>\n<\/tr>\n<tr style=\"height: 23px;\">\n<td style=\"width: 12.2754%; height: 23px;\">Tol\u00e9rance au sel<\/td>\n<td style=\"width: 7.85928%; height: 23px;\">Faible<\/td>\n<\/tr>\n<tr style=\"height: 47px;\">\n<td style=\"width: 12.2754%; height: 47px;\">PH du sol<\/td>\n<td style=\"width: 7.85928%; height: 47px;\">Neutre<\/td>\n<\/tr>\n<tr style=\"height: 95px;\">\n<td style=\"width: 12.2754%; height: 95px;\">Type de sol<\/td>\n<td style=\"width: 7.85928%; height: 95px;\">Moyen \u00e0 fin<\/td>\n<\/tr>\n<tr style=\"height: 23px;\">\n<td style=\"width: 12.2754%; height: 23px;\">Environ graines\/lb <\/td>\n<td style=\"width: 7.85928%; height: 23px;\">88,000<\/td>\n<\/tr>\n<tr style=\"height: 23px;\">\n<td style=\"width: 12.2754%; height: 23px;\">Hauteur de la canop\u00e9e \u00e0 maturit\u00e9<\/td>\n<td style=\"width: 7.85928%; height: 23px;\">Jusqu&rsquo;\u00e0 100 cm<\/td>\n<\/tr>\n<\/tbody>\n<\/table>\n<h3 style=\"text-align: center;\"><\/h3>\n","protected":false},"excerpt":{"rendered":"<ul>\n<li>Introduit en Am\u00e9rique du Nord \u00e0 partir de l&rsquo;Europe et de l&rsquo;Asie occidentale<\/li>\n<li>Adapt\u00e9 \u00e0 une grande vari\u00e9t\u00e9 de sites mais pr\u00e9f\u00e8re les r\u00e9gions plus humides<\/li>\n<li>Principalement dans l&rsquo;ouest du Canada et dans l&rsquo;ouest des \u00c9tats-Unis<\/li>\n<\/ul>\n","protected":false},"featured_media":53653,"template":"","meta":{"_themeisle_gutenberg_block_has_review":false},"product_brand":[],"product_cat":[2216,2321],"product_tag":[],"class_list":{"0":"post-61771","1":"product","2":"type-product","3":"status-publish","4":"has-post-thumbnail","6":"product_cat-gazon-professionnel-et-remise-en-etat-fr","7":"product_cat-semences-indigenes-fr","9":"first","10":"instock","11":"shipping-taxable","12":"product-type-simple","13":"customify-col"},"_links":{"self":[{"href":"https:\/\/brettyoung.ca\/fr\/wp-json\/wp\/v2\/product\/61771","targetHints":{"allow":["GET"]}}],"collection":[{"href":"https:\/\/brettyoung.ca\/fr\/wp-json\/wp\/v2\/product"}],"about":[{"href":"https:\/\/brettyoung.ca\/fr\/wp-json\/wp\/v2\/types\/product"}],"wp:featuredmedia":[{"embeddable":true,"href":"https:\/\/brettyoung.ca\/fr\/wp-json\/wp\/v2\/media\/53653"}],"wp:attachment":[{"href":"https:\/\/brettyoung.ca\/fr\/wp-json\/wp\/v2\/media?parent=61771"}],"wp:term":[{"taxonomy":"product_brand","embeddable":true,"href":"https:\/\/brettyoung.ca\/fr\/wp-json\/wp\/v2\/product_brand?post=61771"},{"taxonomy":"product_cat","embeddable":true,"href":"https:\/\/brettyoung.ca\/fr\/wp-json\/wp\/v2\/product_cat?post=61771"},{"taxonomy":"product_tag","embeddable":true,"href":"https:\/\/brettyoung.ca\/fr\/wp-json\/wp\/v2\/product_tag?post=61771"}],"curies":[{"name":"wp","href":"https:\/\/api.w.org\/{rel}","templated":true}]}}