{"id":61768,"date":"2021-02-11T11:07:59","date_gmt":"2021-02-11T17:07:59","guid":{"rendered":"https:\/\/brettyoung.ca\/product\/herbe-a-chatouilles\/"},"modified":"2025-06-25T13:35:44","modified_gmt":"2025-06-25T18:35:44","slug":"herbe-a-chatouilles","status":"publish","type":"product","link":"https:\/\/brettyoung.ca\/fr\/product\/herbe-a-chatouilles\/","title":{"rendered":"Herbe \u00e0 chatouilles"},"content":{"rendered":"<table class=\"tableizer-table aligncenter\" style=\"height: 302px; width: 99.7008%;\" width=\"1339\">\n<thead>\n<tr class=\"tableizer-firstrow\" style=\"height: 23px;\">\n<th style=\"width: 12.2663%; height: 23px;\">Tableau des caract\u00e9ristiques<\/th>\n<td style=\"height: 23px; width: 7.8534%;\"><\/td>\n<\/tr>\n<\/thead>\n<tbody>\n<tr>\n<td style=\"width: 12.2663%;\">Mode de croissance<\/td>\n<td style=\"width: 7.8534%;\">Herbe en grappe<\/td>\n<\/tr>\n<tr>\n<td style=\"width: 12.2663%;\">Tol\u00e9rance aux inondations<\/td>\n<td style=\"width: 7.8534%;\">Excellente<\/td>\n<\/tr>\n<tr>\n<td style=\"width: 12.2663%;\">Tol\u00e9rance \u00e0 la s\u00e9cheresse<\/td>\n<td style=\"width: 7.8534%;\">Bonne<\/td>\n<\/tr>\n<tr>\n<td style=\"width: 12.2663%;\">Tol\u00e9rance au sel<\/td>\n<td style=\"width: 7.8534%;\">Juste<\/td>\n<\/tr>\n<tr>\n<td style=\"width: 12.2663%;\">PH du sol<\/td>\n<td style=\"width: 7.8534%;\">Acide \u00e0 neutre<\/td>\n<\/tr>\n<tr>\n<td style=\"width: 12.2663%;\">Type de sol<\/td>\n<td style=\"width: 7.8534%;\">Fin \u00e0 grossier<\/td>\n<\/tr>\n<tr>\n<td style=\"width: 12.2663%;\">Environ graines\/lb <\/td>\n<td style=\"width: 7.8534%;\">4,000,000<\/td>\n<\/tr>\n<tr>\n<td style=\"width: 12.2663%;\">Hauteur de la canop\u00e9e \u00e0 maturit\u00e9<\/td>\n<td style=\"width: 7.8534%;\">30-70 cm<\/td>\n<\/tr>\n<\/tbody>\n<\/table>\n<h3 style=\"text-align: center;\"><\/h3>\n","protected":false},"excerpt":{"rendered":"<ul>\n<li>Fr\u00e9quente les zones d\u00e9pressionnaires humides et les sites perturb\u00e9s.<\/li>\n<li>Originaire d&rsquo;Am\u00e9rique du Nord, on la trouve de l&rsquo;Alaska \u00e0 Terre-Neuve.<\/li>\n<li>Tol\u00e9rant aux climats alpins<\/li>\n<\/ul>\n","protected":false},"featured_media":53644,"template":"","meta":{"_themeisle_gutenberg_block_has_review":false},"product_brand":[],"product_cat":[2216,2321],"product_tag":[],"class_list":{"0":"post-61768","1":"product","2":"type-product","3":"status-publish","4":"has-post-thumbnail","6":"product_cat-gazon-professionnel-et-remise-en-etat-fr","7":"product_cat-semences-indigenes-fr","9":"first","10":"instock","11":"shipping-taxable","12":"product-type-simple","13":"customify-col"},"_links":{"self":[{"href":"https:\/\/brettyoung.ca\/fr\/wp-json\/wp\/v2\/product\/61768","targetHints":{"allow":["GET"]}}],"collection":[{"href":"https:\/\/brettyoung.ca\/fr\/wp-json\/wp\/v2\/product"}],"about":[{"href":"https:\/\/brettyoung.ca\/fr\/wp-json\/wp\/v2\/types\/product"}],"wp:featuredmedia":[{"embeddable":true,"href":"https:\/\/brettyoung.ca\/fr\/wp-json\/wp\/v2\/media\/53644"}],"wp:attachment":[{"href":"https:\/\/brettyoung.ca\/fr\/wp-json\/wp\/v2\/media?parent=61768"}],"wp:term":[{"taxonomy":"product_brand","embeddable":true,"href":"https:\/\/brettyoung.ca\/fr\/wp-json\/wp\/v2\/product_brand?post=61768"},{"taxonomy":"product_cat","embeddable":true,"href":"https:\/\/brettyoung.ca\/fr\/wp-json\/wp\/v2\/product_cat?post=61768"},{"taxonomy":"product_tag","embeddable":true,"href":"https:\/\/brettyoung.ca\/fr\/wp-json\/wp\/v2\/product_tag?post=61768"}],"curies":[{"name":"wp","href":"https:\/\/api.w.org\/{rel}","templated":true}]}}