{"id":61767,"date":"2021-02-11T11:23:10","date_gmt":"2021-02-11T17:23:10","guid":{"rendered":"https:\/\/brettyoung.ca\/product\/herbe-de-ble-a-grappes-bleues\/"},"modified":"2025-01-21T15:01:19","modified_gmt":"2025-01-21T21:01:19","slug":"herbe-de-ble-a-grappes-bleues","status":"publish","type":"product","link":"https:\/\/brettyoung.ca\/fr\/product\/herbe-de-ble-a-grappes-bleues\/","title":{"rendered":"Herbe de bl\u00e9 \u00e0 grappes bleues"},"content":{"rendered":"<table class=\"tableizer-table aligncenter\" style=\"width: 100%;\">\n<thead>\n<tr class=\"tableizer-firstrow\" style=\"height: 23px;\">\n<th style=\"width: 12.2297%; height: 23px;\">Tableau des caract\u00e9ristiques<\/th>\n<td style=\"height: 23px; width: 7.82998%;\"><\/td>\n<\/tr>\n<\/thead>\n<tbody>\n<tr>\n<td style=\"width: 12.2297%;\">Mode de croissance<\/td>\n<td style=\"width: 7.82998%;\">Herbe en grappe<\/td>\n<\/tr>\n<tr>\n<td style=\"width: 12.2297%;\">Tol\u00e9rance aux inondations<\/td>\n<td style=\"width: 7.82998%;\">Faible<\/td>\n<\/tr>\n<tr>\n<td style=\"width: 12.2297%;\">Tol\u00e9rance \u00e0 la s\u00e9cheresse<\/td>\n<td style=\"width: 7.82998%;\">Bonne<\/td>\n<\/tr>\n<tr>\n<td style=\"width: 12.2297%;\">Tol\u00e9rance au sel<\/td>\n<td style=\"width: 7.82998%;\">Juste<\/td>\n<\/tr>\n<tr>\n<td style=\"width: 12.2297%;\">PH du sol<\/td>\n<td style=\"width: 7.82998%;\">Neutre<\/td>\n<\/tr>\n<tr>\n<td style=\"width: 12.2297%;\">Type de sol<\/td>\n<td style=\"width: 7.82998%;\">Mod\u00e9r\u00e9ment grossier \u00e0 mod\u00e9r\u00e9ment fin<\/td>\n<\/tr>\n<tr>\n<td style=\"width: 12.2297%;\">Environ graines\/lb <\/td>\n<td style=\"width: 7.82998%;\">140,000<\/td>\n<\/tr>\n<tr>\n<td style=\"width: 12.2297%;\">Hauteur de la canop\u00e9e \u00e0 maturit\u00e9<\/td>\n<td style=\"width: 7.82998%;\">30-100 cm<\/td>\n<\/tr>\n<\/tbody>\n<\/table>\n","protected":false},"excerpt":{"rendered":"<ul>\n<li>Commun dans les r\u00e9gions des contreforts m\u00e9ridionaux et des montagnes Rocheuses m\u00e9ridionales.<\/li>\n<li>Pousse sur les pentes s\u00e8ches et dans les zones s\u00e8ches et ouvertes.<\/li>\n<\/ul>\n","protected":false},"featured_media":53650,"template":"","meta":{"_themeisle_gutenberg_block_has_review":false},"product_brand":[],"product_cat":[2216,2321],"product_tag":[],"class_list":{"0":"post-61767","1":"product","2":"type-product","3":"status-publish","4":"has-post-thumbnail","6":"product_cat-gazon-professionnel-et-remise-en-etat-fr","7":"product_cat-semences-indigenes-fr","9":"first","10":"instock","11":"shipping-taxable","12":"product-type-simple","13":"customify-col"},"_links":{"self":[{"href":"https:\/\/brettyoung.ca\/fr\/wp-json\/wp\/v2\/product\/61767","targetHints":{"allow":["GET"]}}],"collection":[{"href":"https:\/\/brettyoung.ca\/fr\/wp-json\/wp\/v2\/product"}],"about":[{"href":"https:\/\/brettyoung.ca\/fr\/wp-json\/wp\/v2\/types\/product"}],"wp:featuredmedia":[{"embeddable":true,"href":"https:\/\/brettyoung.ca\/fr\/wp-json\/wp\/v2\/media\/53650"}],"wp:attachment":[{"href":"https:\/\/brettyoung.ca\/fr\/wp-json\/wp\/v2\/media?parent=61767"}],"wp:term":[{"taxonomy":"product_brand","embeddable":true,"href":"https:\/\/brettyoung.ca\/fr\/wp-json\/wp\/v2\/product_brand?post=61767"},{"taxonomy":"product_cat","embeddable":true,"href":"https:\/\/brettyoung.ca\/fr\/wp-json\/wp\/v2\/product_cat?post=61767"},{"taxonomy":"product_tag","embeddable":true,"href":"https:\/\/brettyoung.ca\/fr\/wp-json\/wp\/v2\/product_tag?post=61767"}],"curies":[{"name":"wp","href":"https:\/\/api.w.org\/{rel}","templated":true}]}}