{"id":61765,"date":"2023-07-01T09:20:12","date_gmt":"2023-07-01T14:20:12","guid":{"rendered":"https:\/\/brettyoung.ca\/product\/t9-melange-tolerant-a-la-secheresse\/"},"modified":"2025-06-25T13:40:35","modified_gmt":"2025-06-25T18:40:35","slug":"t9-melange-tolerant-a-la-secheresse","status":"publish","type":"product","link":"https:\/\/brettyoung.ca\/fr\/product\/t9-melange-tolerant-a-la-secheresse\/","title":{"rendered":"T9 TWCA M\u00e9lange pour gazon tol\u00e9rant \u00e0 la s\u00e9cheresse"},"content":{"rendered":"","protected":false},"excerpt":{"rendered":"<ul>\n<li>35 % F\u00e9tuque rouge tra\u00e7ante Aberdeen<\/li>\n<li>25% Intrigue F\u00e9tuque \u00e0 m\u00e2cher<\/li>\n<li>25% F\u00e9tuque ovine<\/li>\n<li>15% F\u00e9tuque dure<\/li>\n<\/ul>\n","protected":false},"featured_media":52821,"template":"","meta":{"_themeisle_gutenberg_block_has_review":false},"product_brand":[],"product_cat":[2216,2218,2217],"product_tag":[],"class_list":{"0":"post-61765","1":"product","2":"type-product","3":"status-publish","4":"has-post-thumbnail","6":"product_cat-gazon-professionnel-et-remise-en-etat-fr","7":"product_cat-melanges-dactions-fr","8":"product_cat-semences-de-gazon-fr","10":"first","11":"instock","12":"shipping-taxable","13":"product-type-simple","14":"customify-col"},"_links":{"self":[{"href":"https:\/\/brettyoung.ca\/fr\/wp-json\/wp\/v2\/product\/61765","targetHints":{"allow":["GET"]}}],"collection":[{"href":"https:\/\/brettyoung.ca\/fr\/wp-json\/wp\/v2\/product"}],"about":[{"href":"https:\/\/brettyoung.ca\/fr\/wp-json\/wp\/v2\/types\/product"}],"wp:featuredmedia":[{"embeddable":true,"href":"https:\/\/brettyoung.ca\/fr\/wp-json\/wp\/v2\/media\/52821"}],"wp:attachment":[{"href":"https:\/\/brettyoung.ca\/fr\/wp-json\/wp\/v2\/media?parent=61765"}],"wp:term":[{"taxonomy":"product_brand","embeddable":true,"href":"https:\/\/brettyoung.ca\/fr\/wp-json\/wp\/v2\/product_brand?post=61765"},{"taxonomy":"product_cat","embeddable":true,"href":"https:\/\/brettyoung.ca\/fr\/wp-json\/wp\/v2\/product_cat?post=61765"},{"taxonomy":"product_tag","embeddable":true,"href":"https:\/\/brettyoung.ca\/fr\/wp-json\/wp\/v2\/product_tag?post=61765"}],"curies":[{"name":"wp","href":"https:\/\/api.w.org\/{rel}","templated":true}]}}