{"id":61760,"date":"2021-11-13T09:16:37","date_gmt":"2021-11-13T15:16:37","guid":{"rendered":"https:\/\/brettyoung.ca\/product\/t88-twca-melange-de-gazon\/"},"modified":"2025-06-25T13:37:46","modified_gmt":"2025-06-25T18:37:46","slug":"t88-twca-melange-de-gazon","status":"publish","type":"product","link":"https:\/\/brettyoung.ca\/fr\/product\/t88-twca-melange-de-gazon\/","title":{"rendered":"T88 TWCA M\u00e9lange de gazon"},"content":{"rendered":"","protected":false},"excerpt":{"rendered":"<ul>\n<li>100% de vari\u00e9t\u00e9s qualifi\u00e9es TWCA<\/li>\n<li>Excellente qualit\u00e9 de gazon avec une tol\u00e9rance \u00e9gale \u00e0 la s\u00e9cheresse<\/li>\n<li>Reste vert plus longtemps pendant les p\u00e9riodes de s\u00e9cheresse<\/li>\n<\/ul>\n","protected":false},"featured_media":52821,"template":"","meta":{"_themeisle_gutenberg_block_has_review":false},"product_brand":[],"product_cat":[2216,2218,2217],"product_tag":[],"class_list":{"0":"post-61760","1":"product","2":"type-product","3":"status-publish","4":"has-post-thumbnail","6":"product_cat-gazon-professionnel-et-remise-en-etat-fr","7":"product_cat-melanges-dactions-fr","8":"product_cat-semences-de-gazon-fr","10":"first","11":"instock","12":"shipping-taxable","13":"product-type-simple","14":"customify-col"},"_links":{"self":[{"href":"https:\/\/brettyoung.ca\/fr\/wp-json\/wp\/v2\/product\/61760","targetHints":{"allow":["GET"]}}],"collection":[{"href":"https:\/\/brettyoung.ca\/fr\/wp-json\/wp\/v2\/product"}],"about":[{"href":"https:\/\/brettyoung.ca\/fr\/wp-json\/wp\/v2\/types\/product"}],"wp:featuredmedia":[{"embeddable":true,"href":"https:\/\/brettyoung.ca\/fr\/wp-json\/wp\/v2\/media\/52821"}],"wp:attachment":[{"href":"https:\/\/brettyoung.ca\/fr\/wp-json\/wp\/v2\/media?parent=61760"}],"wp:term":[{"taxonomy":"product_brand","embeddable":true,"href":"https:\/\/brettyoung.ca\/fr\/wp-json\/wp\/v2\/product_brand?post=61760"},{"taxonomy":"product_cat","embeddable":true,"href":"https:\/\/brettyoung.ca\/fr\/wp-json\/wp\/v2\/product_cat?post=61760"},{"taxonomy":"product_tag","embeddable":true,"href":"https:\/\/brettyoung.ca\/fr\/wp-json\/wp\/v2\/product_tag?post=61760"}],"curies":[{"name":"wp","href":"https:\/\/api.w.org\/{rel}","templated":true}]}}