{"id":61758,"date":"2021-02-11T09:30:57","date_gmt":"2021-02-11T15:30:57","guid":{"rendered":"https:\/\/brettyoung.ca\/product\/t14-melange-a-faible-entretien\/"},"modified":"2025-06-25T13:33:23","modified_gmt":"2025-06-25T18:33:23","slug":"t14-melange-a-faible-entretien","status":"publish","type":"product","link":"https:\/\/brettyoung.ca\/fr\/product\/t14-melange-a-faible-entretien\/","title":{"rendered":"T14 M\u00e9lange \u00e0 faible entretien"},"content":{"rendered":"","protected":false},"excerpt":{"rendered":"<ul>\n<li>M\u00e9lange tr\u00e8s tol\u00e9rant \u00e0 la s\u00e9cheresse<\/li>\n<li>Bon pour le terrassement des terrains de golf<\/li>\n<li>Id\u00e9al pour les parcs \u00e0 faible trafic<\/li>\n<\/ul>\n","protected":false},"featured_media":52821,"template":"","meta":{"_themeisle_gutenberg_block_has_review":false},"product_brand":[],"product_cat":[2216,2218,2217],"product_tag":[],"class_list":{"0":"post-61758","1":"product","2":"type-product","3":"status-publish","4":"has-post-thumbnail","6":"product_cat-gazon-professionnel-et-remise-en-etat-fr","7":"product_cat-melanges-dactions-fr","8":"product_cat-semences-de-gazon-fr","10":"first","11":"instock","12":"shipping-taxable","13":"product-type-simple","14":"customify-col"},"_links":{"self":[{"href":"https:\/\/brettyoung.ca\/fr\/wp-json\/wp\/v2\/product\/61758","targetHints":{"allow":["GET"]}}],"collection":[{"href":"https:\/\/brettyoung.ca\/fr\/wp-json\/wp\/v2\/product"}],"about":[{"href":"https:\/\/brettyoung.ca\/fr\/wp-json\/wp\/v2\/types\/product"}],"wp:featuredmedia":[{"embeddable":true,"href":"https:\/\/brettyoung.ca\/fr\/wp-json\/wp\/v2\/media\/52821"}],"wp:attachment":[{"href":"https:\/\/brettyoung.ca\/fr\/wp-json\/wp\/v2\/media?parent=61758"}],"wp:term":[{"taxonomy":"product_brand","embeddable":true,"href":"https:\/\/brettyoung.ca\/fr\/wp-json\/wp\/v2\/product_brand?post=61758"},{"taxonomy":"product_cat","embeddable":true,"href":"https:\/\/brettyoung.ca\/fr\/wp-json\/wp\/v2\/product_cat?post=61758"},{"taxonomy":"product_tag","embeddable":true,"href":"https:\/\/brettyoung.ca\/fr\/wp-json\/wp\/v2\/product_tag?post=61758"}],"curies":[{"name":"wp","href":"https:\/\/api.w.org\/{rel}","templated":true}]}}