{"id":61757,"date":"2022-08-04T09:45:39","date_gmt":"2022-08-04T14:45:39","guid":{"rendered":"https:\/\/brettyoung.ca\/product\/fetuque-elevee-swagger\/"},"modified":"2025-01-21T14:56:30","modified_gmt":"2025-01-21T20:56:30","slug":"fetuque-elevee-swagger","status":"publish","type":"product","link":"https:\/\/brettyoung.ca\/fr\/product\/fetuque-elevee-swagger\/","title":{"rendered":"F\u00e9tuque \u00e9lev\u00e9e Swagger"},"content":{"rendered":"","protected":false},"excerpt":{"rendered":"<ul>\n<li>Tol\u00e9rance \u00e0 la s\u00e9cheresse, \u00e0 l&rsquo;usure, au trafic et \u00e0 la salinit\u00e9<\/li>\n<li>Un ensemble de mesures de premier ordre pour lutter contre les maladies<\/li>\n<li>Protection \u00e9lev\u00e9e des endophytes contre les insectes ravageurs<\/li>\n<\/ul>\n","protected":false},"featured_media":53164,"template":"","meta":{"_themeisle_gutenberg_block_has_review":false},"product_brand":[],"product_cat":[2607,2216,2217],"product_tag":[],"class_list":{"0":"post-61757","1":"product","2":"type-product","3":"status-publish","4":"has-post-thumbnail","6":"product_cat-fetuques-fr","7":"product_cat-gazon-professionnel-et-remise-en-etat-fr","8":"product_cat-semences-de-gazon-fr","10":"first","11":"instock","12":"shipping-taxable","13":"product-type-simple","14":"customify-col"},"_links":{"self":[{"href":"https:\/\/brettyoung.ca\/fr\/wp-json\/wp\/v2\/product\/61757","targetHints":{"allow":["GET"]}}],"collection":[{"href":"https:\/\/brettyoung.ca\/fr\/wp-json\/wp\/v2\/product"}],"about":[{"href":"https:\/\/brettyoung.ca\/fr\/wp-json\/wp\/v2\/types\/product"}],"wp:featuredmedia":[{"embeddable":true,"href":"https:\/\/brettyoung.ca\/fr\/wp-json\/wp\/v2\/media\/53164"}],"wp:attachment":[{"href":"https:\/\/brettyoung.ca\/fr\/wp-json\/wp\/v2\/media?parent=61757"}],"wp:term":[{"taxonomy":"product_brand","embeddable":true,"href":"https:\/\/brettyoung.ca\/fr\/wp-json\/wp\/v2\/product_brand?post=61757"},{"taxonomy":"product_cat","embeddable":true,"href":"https:\/\/brettyoung.ca\/fr\/wp-json\/wp\/v2\/product_cat?post=61757"},{"taxonomy":"product_tag","embeddable":true,"href":"https:\/\/brettyoung.ca\/fr\/wp-json\/wp\/v2\/product_tag?post=61757"}],"curies":[{"name":"wp","href":"https:\/\/api.w.org\/{rel}","templated":true}]}}