{"id":61755,"date":"2021-02-11T09:29:41","date_gmt":"2021-02-11T15:29:41","guid":{"rendered":"https:\/\/brettyoung.ca\/product\/t13-melange-pour-cimetiere\/"},"modified":"2025-06-25T13:32:57","modified_gmt":"2025-06-25T18:32:57","slug":"t13-melange-pour-cimetiere","status":"publish","type":"product","link":"https:\/\/brettyoung.ca\/fr\/product\/t13-melange-pour-cimetiere\/","title":{"rendered":"T13 M\u00e9lange pour cimeti\u00e8re"},"content":{"rendered":"","protected":false},"excerpt":{"rendered":"<ul>\n<li>Con\u00e7u pour les pelouses entretenues non irrigu\u00e9es<\/li>\n<li>Bonne qualit\u00e9 de gazon<\/li>\n<li>Con\u00e7u pour la tol\u00e9rance \u00e0 la s\u00e9cheresse<\/li>\n<\/ul>\n","protected":false},"featured_media":52821,"template":"","meta":{"_themeisle_gutenberg_block_has_review":false},"product_brand":[],"product_cat":[2216,2218,2217],"product_tag":[],"class_list":{"0":"post-61755","1":"product","2":"type-product","3":"status-publish","4":"has-post-thumbnail","6":"product_cat-gazon-professionnel-et-remise-en-etat-fr","7":"product_cat-melanges-dactions-fr","8":"product_cat-semences-de-gazon-fr","10":"first","11":"instock","12":"shipping-taxable","13":"product-type-simple","14":"customify-col"},"_links":{"self":[{"href":"https:\/\/brettyoung.ca\/fr\/wp-json\/wp\/v2\/product\/61755","targetHints":{"allow":["GET"]}}],"collection":[{"href":"https:\/\/brettyoung.ca\/fr\/wp-json\/wp\/v2\/product"}],"about":[{"href":"https:\/\/brettyoung.ca\/fr\/wp-json\/wp\/v2\/types\/product"}],"wp:featuredmedia":[{"embeddable":true,"href":"https:\/\/brettyoung.ca\/fr\/wp-json\/wp\/v2\/media\/52821"}],"wp:attachment":[{"href":"https:\/\/brettyoung.ca\/fr\/wp-json\/wp\/v2\/media?parent=61755"}],"wp:term":[{"taxonomy":"product_brand","embeddable":true,"href":"https:\/\/brettyoung.ca\/fr\/wp-json\/wp\/v2\/product_brand?post=61755"},{"taxonomy":"product_cat","embeddable":true,"href":"https:\/\/brettyoung.ca\/fr\/wp-json\/wp\/v2\/product_cat?post=61755"},{"taxonomy":"product_tag","embeddable":true,"href":"https:\/\/brettyoung.ca\/fr\/wp-json\/wp\/v2\/product_tag?post=61755"}],"curies":[{"name":"wp","href":"https:\/\/api.w.org\/{rel}","templated":true}]}}