{"id":61754,"date":"2023-11-15T10:25:14","date_gmt":"2023-11-15T16:25:14","guid":{"rendered":"https:\/\/brettyoung.ca\/product\/fetuque-a-macher-shadow-iii\/"},"modified":"2025-06-25T13:42:09","modified_gmt":"2025-06-25T18:42:09","slug":"fetuque-a-macher-shadow-iii","status":"publish","type":"product","link":"https:\/\/brettyoung.ca\/fr\/product\/fetuque-a-macher-shadow-iii\/","title":{"rendered":"F\u00e9tuque \u00e0 m\u00e2cher Shadow III"},"content":{"rendered":"<table>\n<tbody>\n<tr>\n<td style=\"text-align: center;\" colspan=\"2\" width=\"747\">Caract\u00e9ristiques et adaptation<\/td>\n<\/tr>\n<tr>\n<td width=\"376\">Vari\u00e9t\u00e9<\/td>\n<td width=\"371\">Ombre III<\/td>\n<\/tr>\n<tr>\n<td width=\"376\">Type d&rsquo;appareil<\/td>\n<td width=\"371\">M\u00e2choires<\/td>\n<\/tr>\n<tr>\n<td width=\"376\">Tol\u00e9rance au trafic<\/td>\n<td width=\"371\">Moyenne<\/td>\n<\/tr>\n<tr>\n<td width=\"376\">Tol\u00e9rance \u00e0 la s\u00e9cheresse<\/td>\n<td width=\"371\">Bonne<\/td>\n<\/tr>\n<tr>\n<td>Forte endophyte<\/td>\n<td>Oui<\/td>\n<\/tr>\n<\/tbody>\n<\/table>\n","protected":false},"excerpt":{"rendered":"<ul>\n<li>Forte tol\u00e9rance \u00e0 l&rsquo;ombre et \u00e0 la s\u00e9cheresse<\/li>\n<li>Capacit\u00e9 \u00e0 supporter des r\u00e9gimes de fauche bas<\/li>\n<li>Excellente r\u00e9sistance aux maladies<\/li>\n<\/ul>\n","protected":false},"featured_media":55207,"template":"","meta":{"_themeisle_gutenberg_block_has_review":false},"product_brand":[],"product_cat":[2607,2216,2217,2591],"product_tag":[],"class_list":{"0":"post-61754","1":"product","2":"type-product","3":"status-publish","4":"has-post-thumbnail","6":"product_cat-fetuques-fr","7":"product_cat-gazon-professionnel-et-remise-en-etat-fr","8":"product_cat-semences-de-gazon-fr","9":"product_cat-twca-fr-2","11":"first","12":"instock","13":"shipping-taxable","14":"product-type-simple","15":"customify-col"},"_links":{"self":[{"href":"https:\/\/brettyoung.ca\/fr\/wp-json\/wp\/v2\/product\/61754","targetHints":{"allow":["GET"]}}],"collection":[{"href":"https:\/\/brettyoung.ca\/fr\/wp-json\/wp\/v2\/product"}],"about":[{"href":"https:\/\/brettyoung.ca\/fr\/wp-json\/wp\/v2\/types\/product"}],"wp:featuredmedia":[{"embeddable":true,"href":"https:\/\/brettyoung.ca\/fr\/wp-json\/wp\/v2\/media\/55207"}],"wp:attachment":[{"href":"https:\/\/brettyoung.ca\/fr\/wp-json\/wp\/v2\/media?parent=61754"}],"wp:term":[{"taxonomy":"product_brand","embeddable":true,"href":"https:\/\/brettyoung.ca\/fr\/wp-json\/wp\/v2\/product_brand?post=61754"},{"taxonomy":"product_cat","embeddable":true,"href":"https:\/\/brettyoung.ca\/fr\/wp-json\/wp\/v2\/product_cat?post=61754"},{"taxonomy":"product_tag","embeddable":true,"href":"https:\/\/brettyoung.ca\/fr\/wp-json\/wp\/v2\/product_tag?post=61754"}],"curies":[{"name":"wp","href":"https:\/\/api.w.org\/{rel}","templated":true}]}}