{"id":61753,"date":"2022-08-04T09:37:35","date_gmt":"2022-08-04T14:37:35","guid":{"rendered":"https:\/\/brettyoung.ca\/product\/fetuque-elevee-doubletake\/"},"modified":"2025-01-21T14:55:02","modified_gmt":"2025-01-21T20:55:02","slug":"fetuque-elevee-doubletake","status":"publish","type":"product","link":"https:\/\/brettyoung.ca\/fr\/product\/fetuque-elevee-doubletake\/","title":{"rendered":"F\u00e9tuque \u00e9lev\u00e9e DoubleTake"},"content":{"rendered":"","protected":false},"excerpt":{"rendered":"<ul>\n<li>Un gazon de qualit\u00e9 sup\u00e9rieure qui attire l&rsquo;attention dans toutes les r\u00e9gions<\/li>\n<li>La texture fine des feuilles permet d&rsquo;obtenir une densit\u00e9 plus \u00e9lev\u00e9e du printemps \u00e0 l&rsquo;automne.<\/li>\n<li>Excellente r\u00e9sistance g\u00e9n\u00e9rale aux maladies<\/li>\n<\/ul>\n","protected":false},"featured_media":53165,"template":"","meta":{"_themeisle_gutenberg_block_has_review":false},"product_brand":[],"product_cat":[2607,2216,2217],"product_tag":[],"class_list":{"0":"post-61753","1":"product","2":"type-product","3":"status-publish","4":"has-post-thumbnail","6":"product_cat-fetuques-fr","7":"product_cat-gazon-professionnel-et-remise-en-etat-fr","8":"product_cat-semences-de-gazon-fr","10":"first","11":"instock","12":"shipping-taxable","13":"product-type-simple","14":"customify-col"},"_links":{"self":[{"href":"https:\/\/brettyoung.ca\/fr\/wp-json\/wp\/v2\/product\/61753","targetHints":{"allow":["GET"]}}],"collection":[{"href":"https:\/\/brettyoung.ca\/fr\/wp-json\/wp\/v2\/product"}],"about":[{"href":"https:\/\/brettyoung.ca\/fr\/wp-json\/wp\/v2\/types\/product"}],"wp:featuredmedia":[{"embeddable":true,"href":"https:\/\/brettyoung.ca\/fr\/wp-json\/wp\/v2\/media\/53165"}],"wp:attachment":[{"href":"https:\/\/brettyoung.ca\/fr\/wp-json\/wp\/v2\/media?parent=61753"}],"wp:term":[{"taxonomy":"product_brand","embeddable":true,"href":"https:\/\/brettyoung.ca\/fr\/wp-json\/wp\/v2\/product_brand?post=61753"},{"taxonomy":"product_cat","embeddable":true,"href":"https:\/\/brettyoung.ca\/fr\/wp-json\/wp\/v2\/product_cat?post=61753"},{"taxonomy":"product_tag","embeddable":true,"href":"https:\/\/brettyoung.ca\/fr\/wp-json\/wp\/v2\/product_tag?post=61753"}],"curies":[{"name":"wp","href":"https:\/\/api.w.org\/{rel}","templated":true}]}}