{"id":61751,"date":"2021-02-11T08:55:49","date_gmt":"2021-02-11T14:55:49","guid":{"rendered":"https:\/\/brettyoung.ca\/product\/t8-executive-blend-ultracoat\/"},"modified":"2025-06-25T13:32:43","modified_gmt":"2025-06-25T18:32:43","slug":"t8-executive-blend-ultracoat","status":"publish","type":"product","link":"https:\/\/brettyoung.ca\/fr\/product\/t8-executive-blend-ultracoat\/","title":{"rendered":"T8 Executive Blend Ultracoat"},"content":{"rendered":"","protected":false},"excerpt":{"rendered":"<ul>\n<li>100 % des vari\u00e9t\u00e9s \u00e9lites de p\u00e2turin du Kentucky<\/li>\n<li>Excellente performance tout au long de l&rsquo;ann\u00e9e<\/li>\n<li>Couleur vert fonc\u00e9<\/li>\n<\/ul>\n<p>&nbsp;<\/p>\n","protected":false},"featured_media":52821,"template":"","meta":{"_themeisle_gutenberg_block_has_review":false},"product_brand":[],"product_cat":[2216,2218,2217],"product_tag":[],"class_list":{"0":"post-61751","1":"product","2":"type-product","3":"status-publish","4":"has-post-thumbnail","6":"product_cat-gazon-professionnel-et-remise-en-etat-fr","7":"product_cat-melanges-dactions-fr","8":"product_cat-semences-de-gazon-fr","10":"first","11":"instock","12":"shipping-taxable","13":"product-type-simple","14":"customify-col"},"_links":{"self":[{"href":"https:\/\/brettyoung.ca\/fr\/wp-json\/wp\/v2\/product\/61751","targetHints":{"allow":["GET"]}}],"collection":[{"href":"https:\/\/brettyoung.ca\/fr\/wp-json\/wp\/v2\/product"}],"about":[{"href":"https:\/\/brettyoung.ca\/fr\/wp-json\/wp\/v2\/types\/product"}],"wp:featuredmedia":[{"embeddable":true,"href":"https:\/\/brettyoung.ca\/fr\/wp-json\/wp\/v2\/media\/52821"}],"wp:attachment":[{"href":"https:\/\/brettyoung.ca\/fr\/wp-json\/wp\/v2\/media?parent=61751"}],"wp:term":[{"taxonomy":"product_brand","embeddable":true,"href":"https:\/\/brettyoung.ca\/fr\/wp-json\/wp\/v2\/product_brand?post=61751"},{"taxonomy":"product_cat","embeddable":true,"href":"https:\/\/brettyoung.ca\/fr\/wp-json\/wp\/v2\/product_cat?post=61751"},{"taxonomy":"product_tag","embeddable":true,"href":"https:\/\/brettyoung.ca\/fr\/wp-json\/wp\/v2\/product_tag?post=61751"}],"curies":[{"name":"wp","href":"https:\/\/api.w.org\/{rel}","templated":true}]}}