{"id":61749,"date":"2022-08-04T09:25:08","date_gmt":"2022-08-04T14:25:08","guid":{"rendered":"https:\/\/brettyoung.ca\/product\/soilguard-fetuque-dure\/"},"modified":"2025-01-21T14:54:27","modified_gmt":"2025-01-21T20:54:27","slug":"soilguard-fetuque-dure","status":"publish","type":"product","link":"https:\/\/brettyoung.ca\/fr\/product\/soilguard-fetuque-dure\/","title":{"rendered":"Soilguard F\u00e9tuque dure"},"content":{"rendered":"","protected":false},"excerpt":{"rendered":"<ul>\n<li>Affiche une couleur vert moyennement brillante<\/li>\n<li>Bonne tol\u00e9rance aux courants d&rsquo;air<\/li>\n<li>Tol\u00e9rance \u00e0 l&rsquo;ombre moyenne \u00e0 bonne<\/li>\n<\/ul>\n","protected":false},"featured_media":53574,"template":"","meta":{"_themeisle_gutenberg_block_has_review":false},"product_brand":[],"product_cat":[2607,2216,2217],"product_tag":[],"class_list":{"0":"post-61749","1":"product","2":"type-product","3":"status-publish","4":"has-post-thumbnail","6":"product_cat-fetuques-fr","7":"product_cat-gazon-professionnel-et-remise-en-etat-fr","8":"product_cat-semences-de-gazon-fr","10":"first","11":"instock","12":"shipping-taxable","13":"product-type-simple","14":"customify-col"},"_links":{"self":[{"href":"https:\/\/brettyoung.ca\/fr\/wp-json\/wp\/v2\/product\/61749","targetHints":{"allow":["GET"]}}],"collection":[{"href":"https:\/\/brettyoung.ca\/fr\/wp-json\/wp\/v2\/product"}],"about":[{"href":"https:\/\/brettyoung.ca\/fr\/wp-json\/wp\/v2\/types\/product"}],"wp:featuredmedia":[{"embeddable":true,"href":"https:\/\/brettyoung.ca\/fr\/wp-json\/wp\/v2\/media\/53574"}],"wp:attachment":[{"href":"https:\/\/brettyoung.ca\/fr\/wp-json\/wp\/v2\/media?parent=61749"}],"wp:term":[{"taxonomy":"product_brand","embeddable":true,"href":"https:\/\/brettyoung.ca\/fr\/wp-json\/wp\/v2\/product_brand?post=61749"},{"taxonomy":"product_cat","embeddable":true,"href":"https:\/\/brettyoung.ca\/fr\/wp-json\/wp\/v2\/product_cat?post=61749"},{"taxonomy":"product_tag","embeddable":true,"href":"https:\/\/brettyoung.ca\/fr\/wp-json\/wp\/v2\/product_tag?post=61749"}],"curies":[{"name":"wp","href":"https:\/\/api.w.org\/{rel}","templated":true}]}}