{"id":61748,"date":"2023-07-07T08:07:29","date_gmt":"2023-07-07T13:07:29","guid":{"rendered":"https:\/\/brettyoung.ca\/product\/fetuque-rouge-rampante-aberdeen\/"},"modified":"2025-01-21T14:54:12","modified_gmt":"2025-01-21T20:54:12","slug":"fetuque-rouge-rampante-aberdeen","status":"publish","type":"product","link":"https:\/\/brettyoung.ca\/fr\/product\/fetuque-rouge-rampante-aberdeen\/","title":{"rendered":"F\u00e9tuque rouge rampante Aberdeen"},"content":{"rendered":"","protected":false},"excerpt":{"rendered":"<ul>\n<li>Excellente tol\u00e9rance \u00e0 la s\u00e9cheresse<\/li>\n<li>Bien \u00e0 l&rsquo;ombre et dans les zones n\u00e9cessitant peu d&rsquo;entretien<\/li>\n<li>Tol\u00e9rance extr\u00eame au froid et verdissement agressif au printemps<\/li>\n<\/ul>\n","protected":false},"featured_media":53170,"template":"","meta":{"_themeisle_gutenberg_block_has_review":false},"product_brand":[],"product_cat":[2607,2216,2217],"product_tag":[],"class_list":{"0":"post-61748","1":"product","2":"type-product","3":"status-publish","4":"has-post-thumbnail","6":"product_cat-fetuques-fr","7":"product_cat-gazon-professionnel-et-remise-en-etat-fr","8":"product_cat-semences-de-gazon-fr","10":"first","11":"instock","12":"shipping-taxable","13":"product-type-simple","14":"customify-col"},"_links":{"self":[{"href":"https:\/\/brettyoung.ca\/fr\/wp-json\/wp\/v2\/product\/61748","targetHints":{"allow":["GET"]}}],"collection":[{"href":"https:\/\/brettyoung.ca\/fr\/wp-json\/wp\/v2\/product"}],"about":[{"href":"https:\/\/brettyoung.ca\/fr\/wp-json\/wp\/v2\/types\/product"}],"wp:featuredmedia":[{"embeddable":true,"href":"https:\/\/brettyoung.ca\/fr\/wp-json\/wp\/v2\/media\/53170"}],"wp:attachment":[{"href":"https:\/\/brettyoung.ca\/fr\/wp-json\/wp\/v2\/media?parent=61748"}],"wp:term":[{"taxonomy":"product_brand","embeddable":true,"href":"https:\/\/brettyoung.ca\/fr\/wp-json\/wp\/v2\/product_brand?post=61748"},{"taxonomy":"product_cat","embeddable":true,"href":"https:\/\/brettyoung.ca\/fr\/wp-json\/wp\/v2\/product_cat?post=61748"},{"taxonomy":"product_tag","embeddable":true,"href":"https:\/\/brettyoung.ca\/fr\/wp-json\/wp\/v2\/product_tag?post=61748"}],"curies":[{"name":"wp","href":"https:\/\/api.w.org\/{rel}","templated":true}]}}