{"id":61742,"date":"2023-07-07T08:25:58","date_gmt":"2023-07-07T13:25:58","guid":{"rendered":"https:\/\/brettyoung.ca\/product\/ray-grass-vivace-des-reservoirs\/"},"modified":"2025-01-21T14:52:25","modified_gmt":"2025-01-21T20:52:25","slug":"ray-grass-vivace-des-reservoirs","status":"publish","type":"product","link":"https:\/\/brettyoung.ca\/fr\/product\/ray-grass-vivace-des-reservoirs\/","title":{"rendered":"Ray-grass vivace des r\u00e9servoirs"},"content":{"rendered":"<div class=\"field-item field-item-1\">\n<div class=\"entity entity-paragraphs-item paragraphs-item-pull-quote\">\n<div class=\"content\">\n<div class=\"field field-name-field-pull-quote field-type-text field-label-hidden\">\n<div class=\"field-item field-item-1\">\n<div class=\"entity entity-paragraphs-item paragraphs-item-pull-quote\">\n<div class=\"content\">\n<div class=\"field field-name-field-pull-quote field-type-text field-label-hidden\">\n<div class=\"field-item field-item-1\">\n<div class=\"entity entity-paragraphs-item paragraphs-item-pull-quote\">\n<div class=\"content\">\n<div class=\"field field-name-field-pull-quote field-type-text field-label-hidden\">\n<div class=\"field-item field-item-1\">\n<div class=\"entity entity-paragraphs-item paragraphs-item-pull-quote\">\n<div class=\"content\">\n<div class=\"field field-name-field-pull-quote field-type-text field-label-hidden\">\n<div class=\"field-item field-item-1\">\n<div class=\"entity entity-paragraphs-item paragraphs-item-pull-quote\">\n<div class=\"content\">\n<div class=\"field field-name-field-pull-quote field-type-text field-label-hidden\">\n<div class=\"field-item field-item-1\">\n<div class=\"entity entity-paragraphs-item paragraphs-item-pull-quote\">\n<div class=\"content\">\n<div class=\"field-item field-item-1\">\n<div class=\"entity entity-paragraphs-item paragraphs-item-pull-quote\">\n<div class=\"content\">\n<div class=\"field field-name-field-pull-quote field-type-text field-label-hidden\">\n<div class=\"field-item field-item-1\">\n<div class=\"entity entity-paragraphs-item paragraphs-item-pull-quote\">\n<div class=\"content\">\n<div class=\"field field-name-field-pull-quote field-type-text field-label-hidden\"><\/div>\n<\/p><\/div>\n<\/p><\/div>\n<\/p><\/div>\n<div class=\"field-item field-item-2\">\n<div class=\"entity entity-paragraphs-item paragraphs-item-text-media\">\n<div class=\"content\">\n<div class=\"field field-name-field-text field-type-text-long field-label-hidden\">\n<div class=\"field-item field-item-0\">\n<table>\n<tbody>\n<tr style=\"height: 23px;\">\n<td style=\"text-align: center; height: 23px; width: 753px;\" colspan=\"2\">Caract\u00e9ristiques et adaptation<\/td>\n<\/tr>\n<tr style=\"height: 23px;\">\n<td style=\"height: 23px; width: 376px;\">Vari\u00e9t\u00e9<\/td>\n<td style=\"height: 23px; width: 371px;\">R\u00e9servoir<\/td>\n<\/tr>\n<tr style=\"height: 23px;\">\n<td style=\"height: 23px; width: 376px;\">Type d&rsquo;herbe<\/td>\n<td style=\"height: 23px; width: 371px;\">Ray-grass vivace<\/td>\n<\/tr>\n<tr style=\"height: 23px;\">\n<td style=\"height: 23px; width: 376px;\">Tol\u00e9rance \u00e0 l&rsquo;usure<\/td>\n<td style=\"height: 23px; width: 371px;\">Excellente<\/td>\n<\/tr>\n<tr style=\"height: 23px;\">\n<td style=\"height: 23px; width: 376px;\">Tol\u00e9rance \u00e0 la s\u00e9cheresse<\/td>\n<td style=\"height: 23px; width: 371px;\">Bonne<\/td>\n<\/tr>\n<tr style=\"height: 23px;\">\n<td style=\"height: 23px; width: 376px;\">Tol\u00e9rance au sel<\/td>\n<td style=\"height: 23px; width: 371px;\">Faible<\/td>\n<\/tr>\n<tr style=\"height: 23px;\">\n<td style=\"width: 376px; height: 23px;\">Forte endophyte<\/td>\n<td style=\"width: 371px; height: 23px;\">Oui<\/td>\n<\/tr>\n<tr style=\"height: 23px;\">\n<td style=\"width: 376px; height: 23px;\">R\u00e9sistance aux maladies<\/td>\n<td style=\"width: 371px; height: 23px;\">Tr\u00e8s bonne<\/td>\n<\/tr>\n<\/tbody>\n<\/table><\/div>\n<\/p><\/div>\n<\/p><\/div>\n<\/p><\/div>\n<\/p><\/div>\n<\/p><\/div>\n<\/p><\/div>\n<\/p><\/div>\n<\/p><\/div>\n<\/p><\/div>\n<\/p><\/div>\n<\/p><\/div>\n<\/p><\/div>\n<\/p><\/div>\n<\/p><\/div>\n<\/p><\/div>\n<\/p><\/div>\n<\/p><\/div>\n<\/p><\/div>\n<\/p><\/div>\n<\/p><\/div>\n<\/p><\/div>\n<\/p><\/div>\n<\/p><\/div>\n<\/p><\/div>\n<\/p><\/div>\n<\/p><\/div>\n<\/p><\/div>\n<\/p><\/div>\n<\/p><\/div>\n<\/p><\/div>\n<\/p><\/div>\n","protected":false},"excerpt":{"rendered":"<ul>\n<li>Capacit\u00e9 prouv\u00e9e \u00e0 tol\u00e9rer moins d&rsquo;eau, le stress de la s\u00e9cheresse et \u00e0 se remettre plus rapidement de la s\u00e9cheresse<\/li>\n<li>Teneur \u00e9lev\u00e9e en endophytes et forte r\u00e9sistance aux maladies<\/li>\n<li>Excellente tol\u00e9rance au trafic<\/li>\n<\/ul>\n","protected":false},"featured_media":53160,"template":"","meta":{"_themeisle_gutenberg_block_has_review":false},"product_brand":[],"product_cat":[2216,2601,2217,2591],"product_tag":[],"class_list":{"0":"post-61742","1":"product","2":"type-product","3":"status-publish","4":"has-post-thumbnail","6":"product_cat-gazon-professionnel-et-remise-en-etat-fr","7":"product_cat-ray-grass-vivace-fr","8":"product_cat-semences-de-gazon-fr","9":"product_cat-twca-fr-2","11":"first","12":"instock","13":"shipping-taxable","14":"product-type-simple","15":"customify-col"},"_links":{"self":[{"href":"https:\/\/brettyoung.ca\/fr\/wp-json\/wp\/v2\/product\/61742","targetHints":{"allow":["GET"]}}],"collection":[{"href":"https:\/\/brettyoung.ca\/fr\/wp-json\/wp\/v2\/product"}],"about":[{"href":"https:\/\/brettyoung.ca\/fr\/wp-json\/wp\/v2\/types\/product"}],"wp:featuredmedia":[{"embeddable":true,"href":"https:\/\/brettyoung.ca\/fr\/wp-json\/wp\/v2\/media\/53160"}],"wp:attachment":[{"href":"https:\/\/brettyoung.ca\/fr\/wp-json\/wp\/v2\/media?parent=61742"}],"wp:term":[{"taxonomy":"product_brand","embeddable":true,"href":"https:\/\/brettyoung.ca\/fr\/wp-json\/wp\/v2\/product_brand?post=61742"},{"taxonomy":"product_cat","embeddable":true,"href":"https:\/\/brettyoung.ca\/fr\/wp-json\/wp\/v2\/product_cat?post=61742"},{"taxonomy":"product_tag","embeddable":true,"href":"https:\/\/brettyoung.ca\/fr\/wp-json\/wp\/v2\/product_tag?post=61742"}],"curies":[{"name":"wp","href":"https:\/\/api.w.org\/{rel}","templated":true}]}}