{"id":61740,"date":"2022-07-26T16:24:32","date_gmt":"2022-07-26T21:24:32","guid":{"rendered":"https:\/\/brettyoung.ca\/product\/ray-grass-vivace-sunstreaker\/"},"modified":"2025-06-25T13:37:52","modified_gmt":"2025-06-25T18:37:52","slug":"ray-grass-vivace-sunstreaker","status":"publish","type":"product","link":"https:\/\/brettyoung.ca\/fr\/product\/ray-grass-vivace-sunstreaker\/","title":{"rendered":"Ray-grass vivace Sunstreaker"},"content":{"rendered":"<div class=\"field-item field-item-1\">\n<div class=\"entity entity-paragraphs-item paragraphs-item-pull-quote\">\n<div class=\"content\">\n<div class=\"field field-name-field-pull-quote field-type-text field-label-hidden\">\n<div class=\"field-item field-item-1\">\n<div class=\"entity entity-paragraphs-item paragraphs-item-pull-quote\">\n<div class=\"content\">\n<div class=\"field field-name-field-pull-quote field-type-text field-label-hidden\"><\/div>\n<\/div>\n<\/div>\n<\/div>\n<div class=\"field-item field-item-2\">\n<div class=\"entity entity-paragraphs-item paragraphs-item-text-media\">\n<div class=\"content\">\n<div class=\"field field-name-field-text field-type-text-long field-label-hidden\">\n<div class=\"field-item field-item-0\">\n<table>\n<tbody>\n<tr style=\"height: 23px;\">\n<td style=\"text-align: center; height: 23px; width: 753px;\" colspan=\"2\">Caract\u00e9ristiques et adaptation<\/td>\n<\/tr>\n<tr style=\"height: 23px;\">\n<td style=\"height: 23px; width: 376px;\">Vari\u00e9t\u00e9<\/td>\n<td style=\"height: 23px; width: 371px;\">Sunstreaker<\/td>\n<\/tr>\n<tr style=\"height: 23px;\">\n<td style=\"height: 23px; width: 376px;\">Type d&rsquo;herbe<\/td>\n<td style=\"height: 23px; width: 371px;\">Ray-grass vivace<\/td>\n<\/tr>\n<tr style=\"height: 23px;\">\n<td style=\"height: 23px; width: 376px;\">Tol\u00e9rance \u00e0 l&rsquo;usure<\/td>\n<td style=\"height: 23px; width: 371px;\">Bonne<\/td>\n<\/tr>\n<tr style=\"height: 23px;\">\n<td style=\"height: 23px; width: 376px;\">Tol\u00e9rance \u00e0 la s\u00e9cheresse<\/td>\n<td style=\"height: 23px; width: 371px;\">Faible<\/td>\n<\/tr>\n<tr style=\"height: 23px;\">\n<td style=\"height: 23px; width: 376px;\">Tol\u00e9rance au sel<\/td>\n<td style=\"height: 23px; width: 371px;\">Faible<\/td>\n<\/tr>\n<tr style=\"height: 23px;\">\n<td style=\"width: 376px; height: 23px;\">Forte endophyte<\/td>\n<td style=\"width: 371px; height: 23px;\">Non<\/td>\n<\/tr>\n<tr style=\"height: 23px;\">\n<td style=\"width: 376px; height: 23px;\">R\u00e9sistance aux maladies<\/td>\n<td style=\"width: 371px; height: 23px;\">Tr\u00e8s bonne \u00e0 excellente<\/td>\n<\/tr>\n<\/tbody>\n<\/table>\n<\/div>\n<\/div>\n<\/div>\n<\/div>\n<\/div>\n<\/div>\n<\/div>\n<\/div>\n<\/div>\n","protected":false},"excerpt":{"rendered":"<ul>\n<li>Une qualit\u00e9 de gazon sup\u00e9rieure et une couleur g\u00e9n\u00e9tique exceptionnelle<\/li>\n<li>Brille dans des conditions de trafic intense<\/li>\n<li>Excellente r\u00e9sistance aux maladies et persistance dans des conditions difficiles<\/li>\n<\/ul>\n","protected":false},"featured_media":53154,"template":"","meta":{"_themeisle_gutenberg_block_has_review":false},"product_brand":[],"product_cat":[2216,2601,2217],"product_tag":[],"class_list":{"0":"post-61740","1":"product","2":"type-product","3":"status-publish","4":"has-post-thumbnail","6":"product_cat-gazon-professionnel-et-remise-en-etat-fr","7":"product_cat-ray-grass-vivace-fr","8":"product_cat-semences-de-gazon-fr","10":"first","11":"instock","12":"shipping-taxable","13":"product-type-simple","14":"customify-col"},"_links":{"self":[{"href":"https:\/\/brettyoung.ca\/fr\/wp-json\/wp\/v2\/product\/61740","targetHints":{"allow":["GET"]}}],"collection":[{"href":"https:\/\/brettyoung.ca\/fr\/wp-json\/wp\/v2\/product"}],"about":[{"href":"https:\/\/brettyoung.ca\/fr\/wp-json\/wp\/v2\/types\/product"}],"wp:featuredmedia":[{"embeddable":true,"href":"https:\/\/brettyoung.ca\/fr\/wp-json\/wp\/v2\/media\/53154"}],"wp:attachment":[{"href":"https:\/\/brettyoung.ca\/fr\/wp-json\/wp\/v2\/media?parent=61740"}],"wp:term":[{"taxonomy":"product_brand","embeddable":true,"href":"https:\/\/brettyoung.ca\/fr\/wp-json\/wp\/v2\/product_brand?post=61740"},{"taxonomy":"product_cat","embeddable":true,"href":"https:\/\/brettyoung.ca\/fr\/wp-json\/wp\/v2\/product_cat?post=61740"},{"taxonomy":"product_tag","embeddable":true,"href":"https:\/\/brettyoung.ca\/fr\/wp-json\/wp\/v2\/product_tag?post=61740"}],"curies":[{"name":"wp","href":"https:\/\/api.w.org\/{rel}","templated":true}]}}