{"id":61738,"date":"2022-08-04T13:34:50","date_gmt":"2022-08-04T18:34:50","guid":{"rendered":"https:\/\/brettyoung.ca\/product\/moonlight-slt-kentucky-bluegrass\/"},"modified":"2025-01-21T14:51:26","modified_gmt":"2025-01-21T20:51:26","slug":"moonlight-slt-kentucky-bluegrass","status":"publish","type":"product","link":"https:\/\/brettyoung.ca\/fr\/product\/moonlight-slt-kentucky-bluegrass\/","title":{"rendered":"Moonlight SLT Kentucky Bluegrass"},"content":{"rendered":"","protected":false},"excerpt":{"rendered":"<ul>\n<li>Excellent choix pour les tees, les fairways et les roughs des terrains de golf.<\/li>\n<li>S\u00e9lectionn\u00e9 pour une meilleure tol\u00e9rance au sel<\/li>\n<li>Bonne couleur hivernale et excellente performance dans les m\u00e9langes de gazon avec le ray-grass et d&rsquo;autres p\u00e2turins de couleur fonc\u00e9e.<\/li>\n<\/ul>\n","protected":false},"featured_media":53574,"template":"","meta":{"_themeisle_gutenberg_block_has_review":false},"product_brand":[],"product_cat":[2216,2590,2217],"product_tag":[],"class_list":{"0":"post-61738","1":"product","2":"type-product","3":"status-publish","4":"has-post-thumbnail","6":"product_cat-gazon-professionnel-et-remise-en-etat-fr","7":"product_cat-le-paturage-du-kentucky-fr-2","8":"product_cat-semences-de-gazon-fr","10":"first","11":"instock","12":"shipping-taxable","13":"product-type-simple","14":"customify-col"},"_links":{"self":[{"href":"https:\/\/brettyoung.ca\/fr\/wp-json\/wp\/v2\/product\/61738","targetHints":{"allow":["GET"]}}],"collection":[{"href":"https:\/\/brettyoung.ca\/fr\/wp-json\/wp\/v2\/product"}],"about":[{"href":"https:\/\/brettyoung.ca\/fr\/wp-json\/wp\/v2\/types\/product"}],"wp:featuredmedia":[{"embeddable":true,"href":"https:\/\/brettyoung.ca\/fr\/wp-json\/wp\/v2\/media\/53574"}],"wp:attachment":[{"href":"https:\/\/brettyoung.ca\/fr\/wp-json\/wp\/v2\/media?parent=61738"}],"wp:term":[{"taxonomy":"product_brand","embeddable":true,"href":"https:\/\/brettyoung.ca\/fr\/wp-json\/wp\/v2\/product_brand?post=61738"},{"taxonomy":"product_cat","embeddable":true,"href":"https:\/\/brettyoung.ca\/fr\/wp-json\/wp\/v2\/product_cat?post=61738"},{"taxonomy":"product_tag","embeddable":true,"href":"https:\/\/brettyoung.ca\/fr\/wp-json\/wp\/v2\/product_tag?post=61738"}],"curies":[{"name":"wp","href":"https:\/\/api.w.org\/{rel}","templated":true}]}}