{"id":61736,"date":"2022-08-04T11:59:15","date_gmt":"2022-08-04T16:59:15","guid":{"rendered":"https:\/\/brettyoung.ca\/product\/pleine-lune-kentucky-bluegrass\/"},"modified":"2025-01-21T14:52:20","modified_gmt":"2025-01-21T20:52:20","slug":"pleine-lune-kentucky-bluegrass","status":"publish","type":"product","link":"https:\/\/brettyoung.ca\/fr\/product\/pleine-lune-kentucky-bluegrass\/","title":{"rendered":"Pleine lune Kentucky Bluegrass"},"content":{"rendered":"","protected":false},"excerpt":{"rendered":"<ul>\n<li>Couleur vert fonc\u00e9 riche, avec une texture de feuille moyennement fine.<\/li>\n<li>Bonne tol\u00e9rance \u00e0 la chaleur et \u00e0 la s\u00e9cheresse<\/li>\n<li>Adapt\u00e9 aux sols bien drain\u00e9s<\/li>\n<\/ul>\n","protected":false},"featured_media":53574,"template":"","meta":{"_themeisle_gutenberg_block_has_review":false},"product_brand":[],"product_cat":[2216,2590,2217,2591],"product_tag":[],"class_list":{"0":"post-61736","1":"product","2":"type-product","3":"status-publish","4":"has-post-thumbnail","6":"product_cat-gazon-professionnel-et-remise-en-etat-fr","7":"product_cat-le-paturage-du-kentucky-fr-2","8":"product_cat-semences-de-gazon-fr","9":"product_cat-twca-fr-2","11":"first","12":"instock","13":"shipping-taxable","14":"product-type-simple","15":"customify-col"},"_links":{"self":[{"href":"https:\/\/brettyoung.ca\/fr\/wp-json\/wp\/v2\/product\/61736","targetHints":{"allow":["GET"]}}],"collection":[{"href":"https:\/\/brettyoung.ca\/fr\/wp-json\/wp\/v2\/product"}],"about":[{"href":"https:\/\/brettyoung.ca\/fr\/wp-json\/wp\/v2\/types\/product"}],"wp:featuredmedia":[{"embeddable":true,"href":"https:\/\/brettyoung.ca\/fr\/wp-json\/wp\/v2\/media\/53574"}],"wp:attachment":[{"href":"https:\/\/brettyoung.ca\/fr\/wp-json\/wp\/v2\/media?parent=61736"}],"wp:term":[{"taxonomy":"product_brand","embeddable":true,"href":"https:\/\/brettyoung.ca\/fr\/wp-json\/wp\/v2\/product_brand?post=61736"},{"taxonomy":"product_cat","embeddable":true,"href":"https:\/\/brettyoung.ca\/fr\/wp-json\/wp\/v2\/product_cat?post=61736"},{"taxonomy":"product_tag","embeddable":true,"href":"https:\/\/brettyoung.ca\/fr\/wp-json\/wp\/v2\/product_tag?post=61736"}],"curies":[{"name":"wp","href":"https:\/\/api.w.org\/{rel}","templated":true}]}}