{"id":61733,"date":"2022-08-04T14:07:59","date_gmt":"2022-08-04T19:07:59","guid":{"rendered":"https:\/\/brettyoung.ca\/product\/skye-kentucky-bluegrass\/"},"modified":"2025-01-21T14:50:55","modified_gmt":"2025-01-21T20:50:55","slug":"skye-kentucky-bluegrass","status":"publish","type":"product","link":"https:\/\/brettyoung.ca\/fr\/product\/skye-kentucky-bluegrass\/","title":{"rendered":"Skye Kentucky Bluegrass"},"content":{"rendered":"","protected":false},"excerpt":{"rendered":"<ul>\n<li>La plus forte r\u00e9sistance des mottes de gazon parmi les 173 vari\u00e9t\u00e9s \u00e9tudi\u00e9es dans le cadre du National Turfgrass Evaluation Program (NTEP) en 2001.<\/li>\n<li>Couleur vert fonc\u00e9 avec une forte tol\u00e9rance \u00e0 l&rsquo;usure et une excellente densit\u00e9<\/li>\n<li>Tr\u00e8s bonne r\u00e9sistance \u00e0 la rouille des tiges<\/li>\n<\/ul>\n","protected":false},"featured_media":53574,"template":"","meta":{"_themeisle_gutenberg_block_has_review":false},"product_brand":[],"product_cat":[2216,2590,2217],"product_tag":[],"class_list":{"0":"post-61733","1":"product","2":"type-product","3":"status-publish","4":"has-post-thumbnail","6":"product_cat-gazon-professionnel-et-remise-en-etat-fr","7":"product_cat-le-paturage-du-kentucky-fr-2","8":"product_cat-semences-de-gazon-fr","10":"first","11":"instock","12":"shipping-taxable","13":"product-type-simple","14":"customify-col"},"_links":{"self":[{"href":"https:\/\/brettyoung.ca\/fr\/wp-json\/wp\/v2\/product\/61733","targetHints":{"allow":["GET"]}}],"collection":[{"href":"https:\/\/brettyoung.ca\/fr\/wp-json\/wp\/v2\/product"}],"about":[{"href":"https:\/\/brettyoung.ca\/fr\/wp-json\/wp\/v2\/types\/product"}],"wp:featuredmedia":[{"embeddable":true,"href":"https:\/\/brettyoung.ca\/fr\/wp-json\/wp\/v2\/media\/53574"}],"wp:attachment":[{"href":"https:\/\/brettyoung.ca\/fr\/wp-json\/wp\/v2\/media?parent=61733"}],"wp:term":[{"taxonomy":"product_brand","embeddable":true,"href":"https:\/\/brettyoung.ca\/fr\/wp-json\/wp\/v2\/product_brand?post=61733"},{"taxonomy":"product_cat","embeddable":true,"href":"https:\/\/brettyoung.ca\/fr\/wp-json\/wp\/v2\/product_cat?post=61733"},{"taxonomy":"product_tag","embeddable":true,"href":"https:\/\/brettyoung.ca\/fr\/wp-json\/wp\/v2\/product_tag?post=61733"}],"curies":[{"name":"wp","href":"https:\/\/api.w.org\/{rel}","templated":true}]}}