{"id":61728,"date":"2022-08-04T10:23:32","date_gmt":"2022-08-04T15:23:32","guid":{"rendered":"https:\/\/brettyoung.ca\/product\/le-kentucky-bluegrass-ebloui\/"},"modified":"2025-01-21T14:50:12","modified_gmt":"2025-01-21T20:50:12","slug":"le-kentucky-bluegrass-ebloui","status":"publish","type":"product","link":"https:\/\/brettyoung.ca\/fr\/product\/le-kentucky-bluegrass-ebloui\/","title":{"rendered":"Le Kentucky Bluegrass \u00e9bloui"},"content":{"rendered":"","protected":false},"excerpt":{"rendered":"<ul>\n<li>Tol\u00e9rance \u00e0 l&rsquo;usure due au trafic<\/li>\n<li>R\u00e9sistance \u00e0 la tache brune et \u00e0 la typhlodermie<\/li>\n<li>Mod\u00e8le de croissance faible et lente<\/li>\n<\/ul>\n","protected":false},"featured_media":53574,"template":"","meta":{"_themeisle_gutenberg_block_has_review":false},"product_brand":[],"product_cat":[2216,2590,2217,2591],"product_tag":[],"class_list":{"0":"post-61728","1":"product","2":"type-product","3":"status-publish","4":"has-post-thumbnail","6":"product_cat-gazon-professionnel-et-remise-en-etat-fr","7":"product_cat-le-paturage-du-kentucky-fr-2","8":"product_cat-semences-de-gazon-fr","9":"product_cat-twca-fr-2","11":"first","12":"instock","13":"shipping-taxable","14":"product-type-simple","15":"customify-col"},"_links":{"self":[{"href":"https:\/\/brettyoung.ca\/fr\/wp-json\/wp\/v2\/product\/61728","targetHints":{"allow":["GET"]}}],"collection":[{"href":"https:\/\/brettyoung.ca\/fr\/wp-json\/wp\/v2\/product"}],"about":[{"href":"https:\/\/brettyoung.ca\/fr\/wp-json\/wp\/v2\/types\/product"}],"wp:featuredmedia":[{"embeddable":true,"href":"https:\/\/brettyoung.ca\/fr\/wp-json\/wp\/v2\/media\/53574"}],"wp:attachment":[{"href":"https:\/\/brettyoung.ca\/fr\/wp-json\/wp\/v2\/media?parent=61728"}],"wp:term":[{"taxonomy":"product_brand","embeddable":true,"href":"https:\/\/brettyoung.ca\/fr\/wp-json\/wp\/v2\/product_brand?post=61728"},{"taxonomy":"product_cat","embeddable":true,"href":"https:\/\/brettyoung.ca\/fr\/wp-json\/wp\/v2\/product_cat?post=61728"},{"taxonomy":"product_tag","embeddable":true,"href":"https:\/\/brettyoung.ca\/fr\/wp-json\/wp\/v2\/product_tag?post=61728"}],"curies":[{"name":"wp","href":"https:\/\/api.w.org\/{rel}","templated":true}]}}