{"id":61724,"date":"2022-08-04T13:22:35","date_gmt":"2022-08-04T18:22:35","guid":{"rendered":"https:\/\/brettyoung.ca\/product\/milagro-kentucky-bluegrass\/"},"modified":"2025-01-21T14:50:12","modified_gmt":"2025-01-21T20:50:12","slug":"milagro-kentucky-bluegrass","status":"publish","type":"product","link":"https:\/\/brettyoung.ca\/fr\/product\/milagro-kentucky-bluegrass\/","title":{"rendered":"Milagro Kentucky Bluegrass"},"content":{"rendered":"","protected":false},"excerpt":{"rendered":"<ul>\n<li>Tol\u00e9rance \u00e9lev\u00e9e \u00e0 l&rsquo;usure<\/li>\n<li>Bonne tol\u00e9rance \u00e0 la chaleur et \u00e0 la s\u00e9cheresse<\/li>\n<li>Mise en place rapide<\/li>\n<\/ul>\n","protected":false},"featured_media":53574,"template":"","meta":{"_themeisle_gutenberg_block_has_review":false},"product_brand":[],"product_cat":[2216,2590,2217],"product_tag":[],"class_list":{"0":"post-61724","1":"product","2":"type-product","3":"status-publish","4":"has-post-thumbnail","6":"product_cat-gazon-professionnel-et-remise-en-etat-fr","7":"product_cat-le-paturage-du-kentucky-fr-2","8":"product_cat-semences-de-gazon-fr","10":"first","11":"instock","12":"shipping-taxable","13":"product-type-simple","14":"customify-col"},"_links":{"self":[{"href":"https:\/\/brettyoung.ca\/fr\/wp-json\/wp\/v2\/product\/61724","targetHints":{"allow":["GET"]}}],"collection":[{"href":"https:\/\/brettyoung.ca\/fr\/wp-json\/wp\/v2\/product"}],"about":[{"href":"https:\/\/brettyoung.ca\/fr\/wp-json\/wp\/v2\/types\/product"}],"wp:featuredmedia":[{"embeddable":true,"href":"https:\/\/brettyoung.ca\/fr\/wp-json\/wp\/v2\/media\/53574"}],"wp:attachment":[{"href":"https:\/\/brettyoung.ca\/fr\/wp-json\/wp\/v2\/media?parent=61724"}],"wp:term":[{"taxonomy":"product_brand","embeddable":true,"href":"https:\/\/brettyoung.ca\/fr\/wp-json\/wp\/v2\/product_brand?post=61724"},{"taxonomy":"product_cat","embeddable":true,"href":"https:\/\/brettyoung.ca\/fr\/wp-json\/wp\/v2\/product_cat?post=61724"},{"taxonomy":"product_tag","embeddable":true,"href":"https:\/\/brettyoung.ca\/fr\/wp-json\/wp\/v2\/product_tag?post=61724"}],"curies":[{"name":"wp","href":"https:\/\/api.w.org\/{rel}","templated":true}]}}