{"id":61424,"date":"2022-08-03T15:47:14","date_gmt":"2022-08-03T20:47:14","guid":{"rendered":"https:\/\/brettyoung.ca\/product\/paille-a-double-filet-ecb\/"},"modified":"2025-01-20T16:11:14","modified_gmt":"2025-01-20T22:11:14","slug":"paille-a-double-filet-ecb","status":"publish","type":"product","link":"https:\/\/brettyoung.ca\/fr\/product\/paille-a-double-filet-ecb\/","title":{"rendered":"Paille \u00e0 double filet ECB"},"content":{"rendered":"","protected":false},"excerpt":{"rendered":"<ul>\n<li>M\u00e9lange de paille et de noix de coco pour un contr\u00f4le durable de l&rsquo;\u00e9rosion<\/li>\n<li>Jusqu&rsquo;\u00e0 24 mois de protection contre l&rsquo;\u00e9rosion<\/li>\n<li>Protection de la pente jusqu&rsquo;\u00e0 2:1 (H:V)<\/li>\n<\/ul>\n","protected":false},"featured_media":53535,"template":"","meta":{"_themeisle_gutenberg_block_has_review":false},"product_brand":[],"product_cat":[2482,2216,2506],"product_tag":[],"class_list":{"0":"post-61424","1":"product","2":"type-product","3":"status-publish","4":"has-post-thumbnail","6":"product_cat-controle-de-lerosion-fr","7":"product_cat-gazon-professionnel-et-remise-en-etat-fr","8":"product_cat-produits-lamines-fr-2","10":"first","11":"instock","12":"shipping-taxable","13":"product-type-simple","14":"customify-col"},"_links":{"self":[{"href":"https:\/\/brettyoung.ca\/fr\/wp-json\/wp\/v2\/product\/61424","targetHints":{"allow":["GET"]}}],"collection":[{"href":"https:\/\/brettyoung.ca\/fr\/wp-json\/wp\/v2\/product"}],"about":[{"href":"https:\/\/brettyoung.ca\/fr\/wp-json\/wp\/v2\/types\/product"}],"wp:featuredmedia":[{"embeddable":true,"href":"https:\/\/brettyoung.ca\/fr\/wp-json\/wp\/v2\/media\/53535"}],"wp:attachment":[{"href":"https:\/\/brettyoung.ca\/fr\/wp-json\/wp\/v2\/media?parent=61424"}],"wp:term":[{"taxonomy":"product_brand","embeddable":true,"href":"https:\/\/brettyoung.ca\/fr\/wp-json\/wp\/v2\/product_brand?post=61424"},{"taxonomy":"product_cat","embeddable":true,"href":"https:\/\/brettyoung.ca\/fr\/wp-json\/wp\/v2\/product_cat?post=61424"},{"taxonomy":"product_tag","embeddable":true,"href":"https:\/\/brettyoung.ca\/fr\/wp-json\/wp\/v2\/product_tag?post=61424"}],"curies":[{"name":"wp","href":"https:\/\/api.w.org\/{rel}","templated":true}]}}