{"id":61422,"date":"2021-02-12T07:50:37","date_gmt":"2021-02-12T13:50:37","guid":{"rendered":"https:\/\/brettyoung.ca\/product\/promatrix-engineered-fiber-matrix-efm-matrice-de-fibres-artificielles\/"},"modified":"2025-01-20T16:10:20","modified_gmt":"2025-01-20T22:10:20","slug":"promatrix-engineered-fiber-matrix-efm-matrice-de-fibres-artificielles","status":"publish","type":"product","link":"https:\/\/brettyoung.ca\/fr\/product\/promatrix-engineered-fiber-matrix-efm-matrice-de-fibres-artificielles\/","title":{"rendered":"ProMatrix Engineered Fiber Matrix (EFM) (matrice de fibres artificielles)"},"content":{"rendered":"","protected":false},"excerpt":{"rendered":"<ul>\n<li>La nouvelle g\u00e9n\u00e9ration de la technologie des matrices \u00e0 fibres coll\u00e9es<\/li>\n<li>95% de contr\u00f4le efficace de l&rsquo;\u00e9rosion + germination rapide et \u00e9tablissement v\u00e9g\u00e9tatif rapide<\/li>\n<li>Taux d&rsquo;application 2,00-4,000 lbs par acre<\/li>\n<\/ul>\n","protected":false},"featured_media":54146,"template":"","meta":{"_themeisle_gutenberg_block_has_review":false},"product_brand":[],"product_cat":[2482,2216,2524],"product_tag":[],"class_list":{"0":"post-61422","1":"product","2":"type-product","3":"status-publish","4":"has-post-thumbnail","6":"product_cat-controle-de-lerosion-fr","7":"product_cat-gazon-professionnel-et-remise-en-etat-fr","8":"product_cat-pulverisable-fr-2","10":"first","11":"instock","12":"shipping-taxable","13":"product-type-simple","14":"customify-col"},"_links":{"self":[{"href":"https:\/\/brettyoung.ca\/fr\/wp-json\/wp\/v2\/product\/61422","targetHints":{"allow":["GET"]}}],"collection":[{"href":"https:\/\/brettyoung.ca\/fr\/wp-json\/wp\/v2\/product"}],"about":[{"href":"https:\/\/brettyoung.ca\/fr\/wp-json\/wp\/v2\/types\/product"}],"wp:featuredmedia":[{"embeddable":true,"href":"https:\/\/brettyoung.ca\/fr\/wp-json\/wp\/v2\/media\/54146"}],"wp:attachment":[{"href":"https:\/\/brettyoung.ca\/fr\/wp-json\/wp\/v2\/media?parent=61422"}],"wp:term":[{"taxonomy":"product_brand","embeddable":true,"href":"https:\/\/brettyoung.ca\/fr\/wp-json\/wp\/v2\/product_brand?post=61422"},{"taxonomy":"product_cat","embeddable":true,"href":"https:\/\/brettyoung.ca\/fr\/wp-json\/wp\/v2\/product_cat?post=61422"},{"taxonomy":"product_tag","embeddable":true,"href":"https:\/\/brettyoung.ca\/fr\/wp-json\/wp\/v2\/product_tag?post=61422"}],"curies":[{"name":"wp","href":"https:\/\/api.w.org\/{rel}","templated":true}]}}