{"id":61417,"date":"2021-02-12T07:44:11","date_gmt":"2021-02-12T13:44:11","guid":{"rendered":"https:\/\/brettyoung.ca\/product\/seed-aide-covergrow-paillis-granulaire\/"},"modified":"2025-01-20T16:08:18","modified_gmt":"2025-01-20T22:08:18","slug":"seed-aide-covergrow-paillis-granulaire","status":"publish","type":"product","link":"https:\/\/brettyoung.ca\/fr\/product\/seed-aide-covergrow-paillis-granulaire\/","title":{"rendered":"Seed Aide CoverGrow (paillis granulaire)"},"content":{"rendered":"","protected":false},"excerpt":{"rendered":"<ul>\n<li>Dispersion et m\u00e9lange rapides dans les hydrosemoirs \u00e0 agitation par jet<\/li>\n<li>Application facile de la boue \u00e0 haut pouvoir couvrant et \u00e0 \u00e9coulement r\u00e9gulier<\/li>\n<li>Prot\u00e8ge le sol de l&rsquo;impact des pluies et reste en place plus longtemps que la concurrence gr\u00e2ce \u00e0 une technologie d&rsquo;adh\u00e9sivit\u00e9 avanc\u00e9e.<\/li>\n<\/ul>\n","protected":false},"featured_media":53535,"template":"","meta":{"_themeisle_gutenberg_block_has_review":false},"product_brand":[],"product_cat":[2482,2216,2535],"product_tag":[],"class_list":{"0":"post-61417","1":"product","2":"type-product","3":"status-publish","4":"has-post-thumbnail","6":"product_cat-controle-de-lerosion-fr","7":"product_cat-gazon-professionnel-et-remise-en-etat-fr","8":"product_cat-mulch-hydraulique-fr","10":"first","11":"instock","12":"shipping-taxable","13":"product-type-simple","14":"customify-col"},"_links":{"self":[{"href":"https:\/\/brettyoung.ca\/fr\/wp-json\/wp\/v2\/product\/61417","targetHints":{"allow":["GET"]}}],"collection":[{"href":"https:\/\/brettyoung.ca\/fr\/wp-json\/wp\/v2\/product"}],"about":[{"href":"https:\/\/brettyoung.ca\/fr\/wp-json\/wp\/v2\/types\/product"}],"wp:featuredmedia":[{"embeddable":true,"href":"https:\/\/brettyoung.ca\/fr\/wp-json\/wp\/v2\/media\/53535"}],"wp:attachment":[{"href":"https:\/\/brettyoung.ca\/fr\/wp-json\/wp\/v2\/media?parent=61417"}],"wp:term":[{"taxonomy":"product_brand","embeddable":true,"href":"https:\/\/brettyoung.ca\/fr\/wp-json\/wp\/v2\/product_brand?post=61417"},{"taxonomy":"product_cat","embeddable":true,"href":"https:\/\/brettyoung.ca\/fr\/wp-json\/wp\/v2\/product_cat?post=61417"},{"taxonomy":"product_tag","embeddable":true,"href":"https:\/\/brettyoung.ca\/fr\/wp-json\/wp\/v2\/product_tag?post=61417"}],"curies":[{"name":"wp","href":"https:\/\/api.w.org\/{rel}","templated":true}]}}