{"id":61414,"date":"2021-02-12T07:52:30","date_gmt":"2021-02-12T13:52:30","guid":{"rendered":"https:\/\/brettyoung.ca\/product\/matrice-de-fibres-collees-hydrostraw-bfm\/"},"modified":"2025-01-20T16:06:41","modified_gmt":"2025-01-20T22:06:41","slug":"matrice-de-fibres-collees-hydrostraw-bfm","status":"publish","type":"product","link":"https:\/\/brettyoung.ca\/fr\/product\/matrice-de-fibres-collees-hydrostraw-bfm\/","title":{"rendered":"Matrice de fibres coll\u00e9es HydroStraw (BFM)"},"content":{"rendered":"","protected":false},"excerpt":{"rendered":"<ul>\n<li>Pr\u00e9vention de l&rsquo;\u00e9rosion sur les pentes raides<\/li>\n<li>Lorsque des mesures suppl\u00e9mentaires de pr\u00e9vention de l&rsquo;\u00e9rosion sont n\u00e9cessaires. 3:1 (H:V)-1:1(H:V)<\/li>\n<li>Taux d&rsquo;application 3,000-4500 lbs par acre.<\/li>\n<\/ul>\n","protected":false},"featured_media":53535,"template":"","meta":{"_themeisle_gutenberg_block_has_review":false},"product_brand":[],"product_cat":[2482,2216,2524],"product_tag":[],"class_list":{"0":"post-61414","1":"product","2":"type-product","3":"status-publish","4":"has-post-thumbnail","6":"product_cat-controle-de-lerosion-fr","7":"product_cat-gazon-professionnel-et-remise-en-etat-fr","8":"product_cat-pulverisable-fr-2","10":"first","11":"instock","12":"shipping-taxable","13":"product-type-simple","14":"customify-col"},"_links":{"self":[{"href":"https:\/\/brettyoung.ca\/fr\/wp-json\/wp\/v2\/product\/61414","targetHints":{"allow":["GET"]}}],"collection":[{"href":"https:\/\/brettyoung.ca\/fr\/wp-json\/wp\/v2\/product"}],"about":[{"href":"https:\/\/brettyoung.ca\/fr\/wp-json\/wp\/v2\/types\/product"}],"wp:featuredmedia":[{"embeddable":true,"href":"https:\/\/brettyoung.ca\/fr\/wp-json\/wp\/v2\/media\/53535"}],"wp:attachment":[{"href":"https:\/\/brettyoung.ca\/fr\/wp-json\/wp\/v2\/media?parent=61414"}],"wp:term":[{"taxonomy":"product_brand","embeddable":true,"href":"https:\/\/brettyoung.ca\/fr\/wp-json\/wp\/v2\/product_brand?post=61414"},{"taxonomy":"product_cat","embeddable":true,"href":"https:\/\/brettyoung.ca\/fr\/wp-json\/wp\/v2\/product_cat?post=61414"},{"taxonomy":"product_tag","embeddable":true,"href":"https:\/\/brettyoung.ca\/fr\/wp-json\/wp\/v2\/product_tag?post=61414"}],"curies":[{"name":"wp","href":"https:\/\/api.w.org\/{rel}","templated":true}]}}